{"id":70529,"date":"2025-02-10T11:09:23","date_gmt":"2025-02-10T10:09:23","guid":{"rendered":"https:\/\/cndestetik.ch\/prodotto\/tan-drops-konzentrierte-selbstbraeunungstropfen-gesicht-koerper\/"},"modified":"2025-02-10T11:09:23","modified_gmt":"2025-02-10T10:09:23","slug":"tan-drops-konzentrierte-selbstbraeunungstropfen-gesicht-koerper","status":"publish","type":"product","link":"https:\/\/cndestetik.ch\/de\/prodotto\/tan-drops-konzentrierte-selbstbraeunungstropfen-gesicht-koerper\/","title":{"rendered":"Tan Drops Konzentrierte Selbstbr\u00e4unungstropfen Gesicht &amp; K\u00f6rper"},"content":{"rendered":"<p>Ultra-konzentrierte Selbstbr\u00e4unungstropfen, die den Teint intensivieren und der Haut einen nat\u00fcrlich gebr\u00e4unten und strahlenden Effekt verleihen.<\/p>\n<p>Direkt auf die Haut von Gesicht und K\u00f6rper aufgetragen, haben sie eine schnelle und intensive Wirkung; mit Pflegecremes vermischt, erw\u00e4rmen sie den Teint allm\u00e4hlich bis zum gew\u00fcnschten Ton. Dieser spezielle modulierbare fl\u00fcssige Bronzer ist ideal f\u00fcr alle Hauttypen und kombiniert dank des Sonnenblumen\u00f6ls einen Selbstbr\u00e4unungseffekt mit einer feuchtigkeitsspendenden, elastifizierenden und vorbeugenden Wirkung gegen die Zeichen der Hautalterung. Die Anwesenheit von DHA garantiert ein schnelles, sicheres und makelloses Ergebnis.  <\/p>\n<p>Gr\u00f6\u00dfe: 100ml.<\/p>\n<p>Empfohlener Verkaufspreis: 33CHF<\/p>\n","protected":false},"excerpt":{"rendered":"<p>Ultra-konzentrierte Selbstbr\u00e4unungstropfen, die den Teint intensivieren und der Haut einen nat\u00fcrlich gebr\u00e4unten und strahlenden Effekt verleihen.<\/p>\n","protected":false},"featured_media":70431,"template":"","meta":{"_acf_changed":false},"product_brand":[],"product_cat":[12998,12985,3300],"product_tag":[2095,13673,775,7151],"class_list":{"0":"post-70529","1":"product","2":"type-product","3":"status-publish","4":"has-post-thumbnail","6":"product_cat-beauty-spa-de","7":"product_cat-body","8":"product_cat-04-solari-de","9":"product_tag-braunen-de","10":"product_tag-selbstbrauner","11":"product_tag-tanner-de","12":"product_tag-tropfen","14":"first","15":"instock","16":"taxable","17":"shipping-taxable","18":"purchasable","19":"product-type-simple"},"acf":[],"jetpack_sharing_enabled":true,"_links":{"self":[{"href":"https:\/\/cndestetik.ch\/de\/wp-json\/wp\/v2\/product\/70529","targetHints":{"allow":["GET"]}}],"collection":[{"href":"https:\/\/cndestetik.ch\/de\/wp-json\/wp\/v2\/product"}],"about":[{"href":"https:\/\/cndestetik.ch\/de\/wp-json\/wp\/v2\/types\/product"}],"wp:featuredmedia":[{"embeddable":true,"href":"https:\/\/cndestetik.ch\/de\/wp-json\/wp\/v2\/media\/70431"}],"wp:attachment":[{"href":"https:\/\/cndestetik.ch\/de\/wp-json\/wp\/v2\/media?parent=70529"}],"wp:term":[{"taxonomy":"product_brand","embeddable":true,"href":"https:\/\/cndestetik.ch\/de\/wp-json\/wp\/v2\/product_brand?post=70529"},{"taxonomy":"product_cat","embeddable":true,"href":"https:\/\/cndestetik.ch\/de\/wp-json\/wp\/v2\/product_cat?post=70529"},{"taxonomy":"product_tag","embeddable":true,"href":"https:\/\/cndestetik.ch\/de\/wp-json\/wp\/v2\/product_tag?post=70529"}],"curies":[{"name":"wp","href":"https:\/\/api.w.org\/{rel}","templated":true}]}}