{"id":70513,"date":"2025-02-10T11:09:24","date_gmt":"2025-02-10T10:09:24","guid":{"rendered":"https:\/\/cndestetik.ch\/prodotto\/night-revival-restrukturierende-creme\/"},"modified":"2025-02-10T11:09:24","modified_gmt":"2025-02-10T10:09:24","slug":"night-revival-restrukturierende-creme","status":"publish","type":"product","link":"https:\/\/cndestetik.ch\/de\/prodotto\/night-revival-restrukturierende-creme\/","title":{"rendered":"NIGHT REVIVAL Restrukturierende Creme"},"content":{"rendered":"<p>Die \u00e4sthetische Sch\u00f6nheit und die funktionelle Integrit\u00e4t der Haut finden in der Nacht einen starken Verb\u00fcndeten. W\u00e4hrend der Nacht wird n\u00e4mlich eine intensive Stoffwechselarbeit aktiviert, die darauf abzielt, die Hautarchitektur zu rekonstruieren und besch\u00e4digte und nicht mehr funktionale Strukturelemente zu beseitigen.<br \/>\nChronisch oder durch Lichteinwirkung gealterte Haut ist nicht immer in der Lage, die komplexen biochemischen Mechanismen, die f\u00fcr die Aktivierung der anabolen und katabolen Prozesse verantwortlich sind, die den \u00e4sthetischen und funktionellen Zustand der Haut bestimmen, korrekt und rechtzeitig auszuf\u00fchren. In diesen F\u00e4llen ist eine gezielte topische Hilfe erforderlich, die in der Lage ist, den regenerativen und n\u00e4chtlichen Erneuerungsprozess aller Hautstrukturen zu optimieren. Eine Aufgabe, die der exklusiven Genesis Night Revival Creme \u00fcbertragen wurde.   <\/p>\n<p>Gr\u00f6\u00dfe: 50ml.<\/p>\n<p>&nbsp;<\/p>\n","protected":false},"excerpt":{"rendered":"<p>Optimiert den Regenerations- und n\u00e4chtlichen Erneuerungsprozess aller Hautstrukturen.<\/p>\n","protected":false},"featured_media":70411,"template":"","meta":{"_acf_changed":false},"product_brand":[],"product_cat":[12998,12988],"product_tag":[13307,787,456,13667],"class_list":{"0":"post-70513","1":"product","2":"type-product","3":"status-publish","4":"has-post-thumbnail","6":"product_cat-beauty-spa-de","7":"product_cat-gesicht","8":"product_tag-erneuerung-de","9":"product_tag-nacht","10":"product_tag-regenerierend","11":"product_tag-wiederbelebung-de","13":"first","14":"instock","15":"taxable","16":"shipping-taxable","17":"purchasable","18":"product-type-simple"},"acf":[],"jetpack_sharing_enabled":true,"_links":{"self":[{"href":"https:\/\/cndestetik.ch\/de\/wp-json\/wp\/v2\/product\/70513","targetHints":{"allow":["GET"]}}],"collection":[{"href":"https:\/\/cndestetik.ch\/de\/wp-json\/wp\/v2\/product"}],"about":[{"href":"https:\/\/cndestetik.ch\/de\/wp-json\/wp\/v2\/types\/product"}],"wp:featuredmedia":[{"embeddable":true,"href":"https:\/\/cndestetik.ch\/de\/wp-json\/wp\/v2\/media\/70411"}],"wp:attachment":[{"href":"https:\/\/cndestetik.ch\/de\/wp-json\/wp\/v2\/media?parent=70513"}],"wp:term":[{"taxonomy":"product_brand","embeddable":true,"href":"https:\/\/cndestetik.ch\/de\/wp-json\/wp\/v2\/product_brand?post=70513"},{"taxonomy":"product_cat","embeddable":true,"href":"https:\/\/cndestetik.ch\/de\/wp-json\/wp\/v2\/product_cat?post=70513"},{"taxonomy":"product_tag","embeddable":true,"href":"https:\/\/cndestetik.ch\/de\/wp-json\/wp\/v2\/product_tag?post=70513"}],"curies":[{"name":"wp","href":"https:\/\/api.w.org\/{rel}","templated":true}]}}