{"id":65916,"date":"2024-10-21T09:03:46","date_gmt":"2024-10-21T07:03:46","guid":{"rendered":"https:\/\/cndestetik.ch\/prodotto\/augenpflege-konzentrat\/"},"modified":"2025-02-12T08:51:08","modified_gmt":"2025-02-12T07:51:08","slug":"augenpflege-konzentrat","status":"publish","type":"product","link":"https:\/\/cndestetik.ch\/de\/prodotto\/augenpflege-konzentrat\/","title":{"rendered":"Augenpflege-Konzentrat"},"content":{"rendered":"<p>Dreifachwirkungs-Box gegen Schwellungen, dunkle Augenringe und Falten. Eye Care Concentrate ist ein hochkonzentriertes Serum mit Botox-Effekt und dreifacher Wirkung f\u00fcr die Pflege und das Anti-Aging der Augenkontur, das dem Auftreten von Schwellungen, Augenringen und Falten vorbeugt und entgegenwirkt. Dank der hohen Konzentration seiner Wirkstoffe, darunter zwei hochwirksame Peptide (Acetyl Tetrapeptide-5 und Acetyl Hexapeptide-8), werden die Ergebnisse bereits nach den ersten 7 Tagen sichtbar sein. Tragen Sie das Augenpflege-Konzentrat t\u00e4glich mit dem integrierten Roll-on auf. Verteilen Sie es mit sanften kreisenden Bewegungen auf der Augenpartie und lassen Sie es mit Hilfe einer kurzen Mikromassage oder leichten Ber\u00fchrungen mit den Fingerspitzen einziehen. Die kontinuierliche und konstante Anwendung der Behandlung garantiert \u00fcberraschende und lang anhaltende Ergebnisse. Die Box enth\u00e4lt: 1 Augenpflege-Konzentrat (10ml) + 1 Mizellenwasser (50ml)   <\/p>\n","protected":false},"excerpt":{"rendered":"<p>Eye Care Concentrate ist ein hochkonzentriertes Serum mit Botox-Effekt und dreifacher Wirkung f\u00fcr die Pflege und das Anti-Aging der Augenkontur, das dem Auftreten von Schwellungen, Augenringen und Falten vorbeugt und entgegenwirkt.<\/p>\n","protected":false},"featured_media":65940,"template":"","meta":{"_acf_changed":false},"product_brand":[],"product_cat":[2128,12750],"product_tag":[7601,2130,12727,7472,12719,2241,721],"class_list":{"0":"post-65916","1":"product","2":"type-product","3":"status-publish","4":"has-post-thumbnail","6":"product_cat-lash-brow-de","7":"product_cat-thuya-de","8":"product_tag-auge","9":"product_tag-augenbrauen","10":"product_tag-konzentrat","11":"product_tag-liebe-de-2","12":"product_tag-thuya-de","13":"product_tag-wimpern-de-2","14":"product_tag-wimpern","15":"pa_pezzi-1-stuck","16":"pa_pezzi-5-stucke","18":"first","19":"instock","20":"sale","21":"taxable","22":"shipping-taxable","23":"purchasable","24":"product-type-variable"},"acf":[],"jetpack_sharing_enabled":true,"_links":{"self":[{"href":"https:\/\/cndestetik.ch\/de\/wp-json\/wp\/v2\/product\/65916","targetHints":{"allow":["GET"]}}],"collection":[{"href":"https:\/\/cndestetik.ch\/de\/wp-json\/wp\/v2\/product"}],"about":[{"href":"https:\/\/cndestetik.ch\/de\/wp-json\/wp\/v2\/types\/product"}],"wp:featuredmedia":[{"embeddable":true,"href":"https:\/\/cndestetik.ch\/de\/wp-json\/wp\/v2\/media\/65940"}],"wp:attachment":[{"href":"https:\/\/cndestetik.ch\/de\/wp-json\/wp\/v2\/media?parent=65916"}],"wp:term":[{"taxonomy":"product_brand","embeddable":true,"href":"https:\/\/cndestetik.ch\/de\/wp-json\/wp\/v2\/product_brand?post=65916"},{"taxonomy":"product_cat","embeddable":true,"href":"https:\/\/cndestetik.ch\/de\/wp-json\/wp\/v2\/product_cat?post=65916"},{"taxonomy":"product_tag","embeddable":true,"href":"https:\/\/cndestetik.ch\/de\/wp-json\/wp\/v2\/product_tag?post=65916"}],"curies":[{"name":"wp","href":"https:\/\/api.w.org\/{rel}","templated":true}]}}