{"id":65903,"date":"2024-10-21T09:03:25","date_gmt":"2024-10-21T07:03:25","guid":{"rendered":"https:\/\/cndestetik.ch\/prodotto\/booster-gel\/"},"modified":"2025-02-12T08:51:11","modified_gmt":"2025-02-12T07:51:11","slug":"booster-gel","status":"publish","type":"product","link":"https:\/\/cndestetik.ch\/de\/prodotto\/booster-gel\/","title":{"rendered":"Booster Gel"},"content":{"rendered":"<p>Booster-Gel ist die neue Schockbehandlung von Thuya f\u00fcr die Heimanwendung, die speziell entwickelt wurde, um die L\u00e4nge, Dichte und Dicke von Wimpern und Augenbrauen zu erh\u00f6hen. Die ersten Ergebnisse sind in nur 15 Tagen sichtbar, mit einem durchschnittlichen Zuwachs an L\u00e4nge und Volumen von 30%! Das Geheimnis der au\u00dfergew\u00f6hnlichen Wirksamkeit von Booster Gel ist die hochkonzentrierte Synergie seiner Wirkstoffe wie Curcuma Longa, Panthenol und Peptide, die f\u00fcr die Stimulation der Keratin-Gene verantwortlich sind. Booster Gel ist transparent und sollte jeden Abend und vorzugsweise auch morgens aufgetragen werden. Sie finden es in der praktischen Box mit Kurkuma-Make-up-Entferner und Spiegel.   <\/p>\n","protected":false},"excerpt":{"rendered":"<p>Booster-Gel ist die neue Schockbehandlung von Thuya f\u00fcr die Heimanwendung, die speziell entwickelt wurde, um die L\u00e4nge, Dichte und Dicke von Wimpern und Augenbrauen zu erh\u00f6hen.<\/p>\n","protected":false},"featured_media":65899,"template":"","meta":{"_acf_changed":false},"product_brand":[],"product_cat":[2128,12750],"product_tag":[2130,12723,1279,12719,2241,721],"class_list":{"0":"post-65903","1":"product","2":"type-product","3":"status-publish","4":"has-post-thumbnail","6":"product_cat-lash-brow-de","7":"product_cat-thuya-de","8":"product_tag-augenbrauen","9":"product_tag-booster-de","10":"product_tag-gel-de","11":"product_tag-thuya-de","12":"product_tag-wimpern-de-2","13":"product_tag-wimpern","14":"pa_pezzi-1-stuck","15":"pa_pezzi-5-stucke","17":"first","18":"instock","19":"sale","20":"taxable","21":"shipping-taxable","22":"purchasable","23":"product-type-variable"},"acf":[],"jetpack_sharing_enabled":true,"_links":{"self":[{"href":"https:\/\/cndestetik.ch\/de\/wp-json\/wp\/v2\/product\/65903","targetHints":{"allow":["GET"]}}],"collection":[{"href":"https:\/\/cndestetik.ch\/de\/wp-json\/wp\/v2\/product"}],"about":[{"href":"https:\/\/cndestetik.ch\/de\/wp-json\/wp\/v2\/types\/product"}],"wp:featuredmedia":[{"embeddable":true,"href":"https:\/\/cndestetik.ch\/de\/wp-json\/wp\/v2\/media\/65899"}],"wp:attachment":[{"href":"https:\/\/cndestetik.ch\/de\/wp-json\/wp\/v2\/media?parent=65903"}],"wp:term":[{"taxonomy":"product_brand","embeddable":true,"href":"https:\/\/cndestetik.ch\/de\/wp-json\/wp\/v2\/product_brand?post=65903"},{"taxonomy":"product_cat","embeddable":true,"href":"https:\/\/cndestetik.ch\/de\/wp-json\/wp\/v2\/product_cat?post=65903"},{"taxonomy":"product_tag","embeddable":true,"href":"https:\/\/cndestetik.ch\/de\/wp-json\/wp\/v2\/product_tag?post=65903"}],"curies":[{"name":"wp","href":"https:\/\/api.w.org\/{rel}","templated":true}]}}