{"id":65883,"date":"2024-10-21T08:55:25","date_gmt":"2024-10-21T06:55:25","guid":{"rendered":"https:\/\/cndestetik.ch\/prodotto\/wimpernpflege\/"},"modified":"2025-02-12T08:51:06","modified_gmt":"2025-02-12T07:51:06","slug":"wimpernpflege","status":"publish","type":"product","link":"https:\/\/cndestetik.ch\/de\/prodotto\/wimpernpflege\/","title":{"rendered":"Wimpernpflege"},"content":{"rendered":"<p>Lash Care ist ein transparentes, st\u00e4rkendes Serum, das das Wachstum und das Volumen der Wimpern und Augenbrauen anregt, ihre Gesundheit f\u00f6rdert und ihr Aussehen verbessert. Die Kombination seiner Wirkstoffe, darunter das Molek\u00fcl Biotinyl-GHK (Vitamin H) und Panthenol (Vitamin B5), wirkt auf den Haarfollikel und stimuliert sein Wachstum sowohl in der L\u00e4nge als auch im Durchmesser. Bei t\u00e4glicher Anwendung wird das Haar insgesamt um bis zu 30% volumin\u00f6ser als das nat\u00fcrliche Haar, was bereits in den ersten Wochen der Anwendung sichtbar ist. Dar\u00fcber hinaus ist es dank seiner einzigartigen Formulierung ideal als Ganzjahresbehandlung geeignet, da es auch hilft, das Haar zu st\u00e4rken und Haarausfall zu bek\u00e4mpfen. Im Boxset ist es mit dem 50ml Make-up-Entferner kombiniert.   <\/p>\n","protected":false},"excerpt":{"rendered":"<p>Lash Care ist ein transparentes, st\u00e4rkendes Serum, das das Wachstum und das Volumen der Wimpern und Augenbrauen anregt, ihre Gesundheit f\u00f6rdert und ihr Aussehen verbessert.<\/p>\n","protected":false},"featured_media":65881,"template":"","meta":{"_acf_changed":false},"product_brand":[],"product_cat":[2128,12750],"product_tag":[2130,7472,12719,2241,721],"class_list":{"0":"post-65883","1":"product","2":"type-product","3":"status-publish","4":"has-post-thumbnail","6":"product_cat-lash-brow-de","7":"product_cat-thuya-de","8":"product_tag-augenbrauen","9":"product_tag-liebe-de-2","10":"product_tag-thuya-de","11":"product_tag-wimpern-de-2","12":"product_tag-wimpern","13":"pa_pezzi-1-stuck","14":"pa_pezzi-5-stucke","16":"first","17":"instock","18":"sale","19":"taxable","20":"shipping-taxable","21":"purchasable","22":"product-type-variable"},"acf":[],"jetpack_sharing_enabled":true,"_links":{"self":[{"href":"https:\/\/cndestetik.ch\/de\/wp-json\/wp\/v2\/product\/65883","targetHints":{"allow":["GET"]}}],"collection":[{"href":"https:\/\/cndestetik.ch\/de\/wp-json\/wp\/v2\/product"}],"about":[{"href":"https:\/\/cndestetik.ch\/de\/wp-json\/wp\/v2\/types\/product"}],"wp:featuredmedia":[{"embeddable":true,"href":"https:\/\/cndestetik.ch\/de\/wp-json\/wp\/v2\/media\/65881"}],"wp:attachment":[{"href":"https:\/\/cndestetik.ch\/de\/wp-json\/wp\/v2\/media?parent=65883"}],"wp:term":[{"taxonomy":"product_brand","embeddable":true,"href":"https:\/\/cndestetik.ch\/de\/wp-json\/wp\/v2\/product_brand?post=65883"},{"taxonomy":"product_cat","embeddable":true,"href":"https:\/\/cndestetik.ch\/de\/wp-json\/wp\/v2\/product_cat?post=65883"},{"taxonomy":"product_tag","embeddable":true,"href":"https:\/\/cndestetik.ch\/de\/wp-json\/wp\/v2\/product_tag?post=65883"}],"curies":[{"name":"wp","href":"https:\/\/api.w.org\/{rel}","templated":true}]}}