{"id":65527,"date":"2024-09-24T13:37:24","date_gmt":"2024-09-24T11:37:24","guid":{"rendered":"https:\/\/cndestetik.ch\/prodotto\/vitamin-c-belebendes-wasser\/"},"modified":"2025-01-23T09:19:17","modified_gmt":"2025-01-23T08:19:17","slug":"vitamin-c-belebendes-wasser","status":"publish","type":"product","link":"https:\/\/cndestetik.ch\/de\/prodotto\/vitamin-c-belebendes-wasser\/","title":{"rendered":"Vitamin C Belebendes Wasser"},"content":{"rendered":"<p>Fl\u00fcssiges Tonikum auf der Basis von Rosenwasser, Vitamin C, Hyalurons\u00e4ure, Schafgarbe und Kamille. Morgens und abends auf das gereinigte Gesicht und Dekollet\u00e9 spr\u00fchen f\u00fcr eine regenerierende, sch\u00fctzende, erfrischende und Anti-Aging-Wirkung. Gr\u00f6\u00dfe: 100ml<\/p>\n","protected":false},"excerpt":{"rendered":"<p>Fl\u00fcssige Tonic-Formel mit Rosenwasser, Vitamin C, Hyalurons\u00e4ure, Schafgarbe und Kamille.<\/p>\n","protected":false},"featured_media":65575,"template":"","meta":{"_acf_changed":false},"product_brand":[],"product_cat":[1495,12980],"product_tag":[12643,2169,8952,9087,4173,3749],"class_list":{"0":"post-65527","1":"product","2":"type-product","3":"status-publish","4":"has-post-thumbnail","6":"product_cat-kosmetik","7":"product_cat-mikrokosmos","8":"product_tag-c-de","9":"product_tag-hyaluronsaure-de","10":"product_tag-saure","11":"product_tag-vitamin","12":"product_tag-wasser","13":"product_tag-wiederbelebung","15":"first","16":"instock","17":"taxable","18":"shipping-taxable","19":"purchasable","20":"product-type-simple"},"acf":[],"jetpack_sharing_enabled":true,"_links":{"self":[{"href":"https:\/\/cndestetik.ch\/de\/wp-json\/wp\/v2\/product\/65527","targetHints":{"allow":["GET"]}}],"collection":[{"href":"https:\/\/cndestetik.ch\/de\/wp-json\/wp\/v2\/product"}],"about":[{"href":"https:\/\/cndestetik.ch\/de\/wp-json\/wp\/v2\/types\/product"}],"wp:featuredmedia":[{"embeddable":true,"href":"https:\/\/cndestetik.ch\/de\/wp-json\/wp\/v2\/media\/65575"}],"wp:attachment":[{"href":"https:\/\/cndestetik.ch\/de\/wp-json\/wp\/v2\/media?parent=65527"}],"wp:term":[{"taxonomy":"product_brand","embeddable":true,"href":"https:\/\/cndestetik.ch\/de\/wp-json\/wp\/v2\/product_brand?post=65527"},{"taxonomy":"product_cat","embeddable":true,"href":"https:\/\/cndestetik.ch\/de\/wp-json\/wp\/v2\/product_cat?post=65527"},{"taxonomy":"product_tag","embeddable":true,"href":"https:\/\/cndestetik.ch\/de\/wp-json\/wp\/v2\/product_tag?post=65527"}],"curies":[{"name":"wp","href":"https:\/\/api.w.org\/{rel}","templated":true}]}}