{"id":65509,"date":"2024-08-07T10:04:46","date_gmt":"2024-08-07T08:04:46","guid":{"rendered":"https:\/\/cndestetik.ch\/prodotto\/koerper-dren-tone\/"},"modified":"2024-11-04T23:00:04","modified_gmt":"2024-11-04T22:00:04","slug":"koerper-dren-tone","status":"publish","type":"product","link":"https:\/\/cndestetik.ch\/de\/prodotto\/koerper-dren-tone\/","title":{"rendered":"K\u00f6rper Dren Tone"},"content":{"rendered":"<p>KEINE O-LRNIS-MODULE Technologie der Vibrationsmassage ZUR ENTLEERUNG UND TONIFIZIERUNG. BODY Dren-Tone ist geeignet f\u00fcr die Behandlung von:<\/p>\n<ul>\n<li>\u00c4sthetik aufgrund von Cellulite<\/li>\n<li>Wasserr\u00fcckhalt<\/li>\n<li>\u00dcbergewicht<\/li>\n<li>Tonisierung des Gewebes<\/li>\n<\/ul>\n<p>Vorteile:<\/p>\n<ul>\n<li>Stimuliert die Zellproliferation<\/li>\n<li>Eliminiert Hautunreinheiten<\/li>\n<li>Stimuliert die lokale Durchblutung<\/li>\n<li>Strafft und regeneriert die Haut schnell<\/li>\n<li>Verbessert die zellul\u00e4re Sauerstoffversorgung und Ern\u00e4hrung<\/li>\n<li>Entfernt Giftstoffe<\/li>\n<li>Verleiht der Haut mehr Strahlkraft<\/li>\n<li>Verbessert die Lymphdrainage<\/li>\n<li>Vermittelt ein Gef\u00fchl von Wohlbefinden und Entspannung<\/li>\n<li>Es mobilisiert und baut gespeichertes Fett ab<\/li>\n<li>Den K\u00f6rper formen<\/li>\n<\/ul>\n<p>Ein vibrierendes K\u00f6rpermassageger\u00e4t, das mit 5 K\u00f6pfen f\u00fcr verschiedene Behandlungen und einem Vakuum-Handst\u00fcck ausgestattet ist. Die Vibrotherapie ist eine fortschrittliche Technik zur aktiven Behandlung von Haut und Muskeln. Sie arbeitet mit einem Ger\u00e4t, das \u00fcber einen rotierenden und vibrierenden Kopf Druck erzeugt. Mechanische Vibrationen werden therapeutisch an verschiedenen Stellen des K\u00f6rpers eingesetzt. Das Ger\u00e4t mit seinen anpassbaren K\u00f6pfen erzeugt niederfrequente Vibrationen, die wiederum eine mechanische Welle erzeugen. Diese Welle breitet sich je nach verwendeter Frequenz mehr oder weniger tief in den Hautschichten aus. Je niedriger die Frequenz, desto tiefer wirkt sie in der Haut. Das Vakuum-Handst\u00fcck bringt die Mikrozirkulation an die Oberfl\u00e4che, sp\u00fclt das behandelte Gewebe und erzielt eine dekontrahierende Wirkung mit einem metabolischen Austausch zwischen Toxinen und Sauerstoff.      <\/p>\n","protected":false},"excerpt":{"rendered":"<p>Ein vibrierendes K\u00f6rpermassageger\u00e4t, das mit 5 K\u00f6pfen f\u00fcr verschiedene Behandlungen und einem Vakuum-Handst\u00fcck ausgestattet ist.<\/p>\n","protected":false},"featured_media":65508,"template":"","meta":{"_acf_changed":false},"product_brand":[],"product_cat":[15],"product_tag":[3668,12636,2023,4019,11089,7385,12637,3979],"class_list":{"0":"post-65509","1":"product","2":"type-product","3":"status-publish","4":"has-post-thumbnail","6":"product_cat-07-cosmetica","7":"product_tag-auffrischen","8":"product_tag-dren-de","9":"product_tag-entleerung","10":"product_tag-entwasserung-de","11":"product_tag-korper-de","12":"product_tag-massage-de","13":"product_tag-ton-de-2","14":"product_tag-vakuum","16":"first","17":"instock","18":"taxable","19":"shipping-taxable","20":"purchasable","21":"product-type-simple"},"acf":[],"jetpack_sharing_enabled":true,"_links":{"self":[{"href":"https:\/\/cndestetik.ch\/de\/wp-json\/wp\/v2\/product\/65509","targetHints":{"allow":["GET"]}}],"collection":[{"href":"https:\/\/cndestetik.ch\/de\/wp-json\/wp\/v2\/product"}],"about":[{"href":"https:\/\/cndestetik.ch\/de\/wp-json\/wp\/v2\/types\/product"}],"wp:featuredmedia":[{"embeddable":true,"href":"https:\/\/cndestetik.ch\/de\/wp-json\/wp\/v2\/media\/65508"}],"wp:attachment":[{"href":"https:\/\/cndestetik.ch\/de\/wp-json\/wp\/v2\/media?parent=65509"}],"wp:term":[{"taxonomy":"product_brand","embeddable":true,"href":"https:\/\/cndestetik.ch\/de\/wp-json\/wp\/v2\/product_brand?post=65509"},{"taxonomy":"product_cat","embeddable":true,"href":"https:\/\/cndestetik.ch\/de\/wp-json\/wp\/v2\/product_cat?post=65509"},{"taxonomy":"product_tag","embeddable":true,"href":"https:\/\/cndestetik.ch\/de\/wp-json\/wp\/v2\/product_tag?post=65509"}],"curies":[{"name":"wp","href":"https:\/\/api.w.org\/{rel}","templated":true}]}}