{"id":65441,"date":"2024-07-01T14:13:58","date_gmt":"2024-07-01T12:13:58","guid":{"rendered":"https:\/\/cndestetik.ch\/prodotto\/sommer-kraeutertee-paket\/"},"modified":"2024-08-07T08:50:51","modified_gmt":"2024-08-07T06:50:51","slug":"sommer-kraeutertee-paket","status":"publish","type":"product","link":"https:\/\/cndestetik.ch\/de\/prodotto\/sommer-kraeutertee-paket\/","title":{"rendered":"Sommer-Kr\u00e4utertee-Paket"},"content":{"rendered":"<p>12 P\u00e4ckchen Tropicana-Kr\u00e4utertee + 12 P\u00e4ckchen Restart-Kr\u00e4utertee zum Vorzugspreis<\/p>\n","protected":false},"excerpt":{"rendered":"<p>12 P\u00e4ckchen Tropicana-Kr\u00e4utertee + 12 P\u00e4ckchen Restart-Kr\u00e4utertee zum Vorzugspreis<\/p>\n","protected":false},"featured_media":64730,"template":"","meta":{"_acf_changed":false},"product_brand":[],"product_cat":[1995],"product_tag":[2005,12393,12389],"class_list":{"0":"post-65441","1":"product","2":"type-product","3":"status-publish","4":"has-post-thumbnail","6":"product_cat-wellness-krautertees","7":"product_tag-krautertee","8":"product_tag-neustart","9":"product_tag-tropicana-de","11":"first","12":"instock","13":"taxable","14":"shipping-taxable","15":"purchasable","16":"product-type-simple"},"acf":[],"jetpack_sharing_enabled":true,"_links":{"self":[{"href":"https:\/\/cndestetik.ch\/de\/wp-json\/wp\/v2\/product\/65441","targetHints":{"allow":["GET"]}}],"collection":[{"href":"https:\/\/cndestetik.ch\/de\/wp-json\/wp\/v2\/product"}],"about":[{"href":"https:\/\/cndestetik.ch\/de\/wp-json\/wp\/v2\/types\/product"}],"wp:featuredmedia":[{"embeddable":true,"href":"https:\/\/cndestetik.ch\/de\/wp-json\/wp\/v2\/media\/64730"}],"wp:attachment":[{"href":"https:\/\/cndestetik.ch\/de\/wp-json\/wp\/v2\/media?parent=65441"}],"wp:term":[{"taxonomy":"product_brand","embeddable":true,"href":"https:\/\/cndestetik.ch\/de\/wp-json\/wp\/v2\/product_brand?post=65441"},{"taxonomy":"product_cat","embeddable":true,"href":"https:\/\/cndestetik.ch\/de\/wp-json\/wp\/v2\/product_cat?post=65441"},{"taxonomy":"product_tag","embeddable":true,"href":"https:\/\/cndestetik.ch\/de\/wp-json\/wp\/v2\/product_tag?post=65441"}],"curies":[{"name":"wp","href":"https:\/\/api.w.org\/{rel}","templated":true}]}}