{"id":65319,"date":"2024-07-01T10:41:59","date_gmt":"2024-07-01T08:41:59","guid":{"rendered":"https:\/\/cndestetik.ch\/prodotto\/vegane-regenerationscreme\/"},"modified":"2025-02-12T08:47:29","modified_gmt":"2025-02-12T07:47:29","slug":"vegane-regenerationscreme","status":"publish","type":"product","link":"https:\/\/cndestetik.ch\/de\/prodotto\/vegane-regenerationscreme\/","title":{"rendered":"Vegane Regenerationscreme"},"content":{"rendered":"<p>Die neue VEGAN Regenerating Cream von Thuya ist eine au\u00dfergew\u00f6hnliche Aufbaupflege f\u00fcr Ihre Wimpern und Augenbrauen und eignet sich besonders zur Bek\u00e4mpfung von Br\u00fcchigkeit und vorzeitigem Verlust. Es ist auch ein ausgezeichnetes Produkt f\u00fcr die Nachbearbeitung und Pflege von Wimpern- und Augenbrauenf\u00e4rbungen und Laminierungsbehandlungen.<\/p>\n<p>Die t\u00e4gliche Anwendung verbessert die Haarstruktur und die Stoffwechselvorg\u00e4nge erheblich. Die Wimpern und Augenbrauen wirken sichtbar kr\u00e4ftiger und ges\u00fcnder und sind auch besser vor \u00e4u\u00dferen Einfl\u00fcssen gesch\u00fctzt. Sie ist transparent und l\u00e4sst sich leicht mit einem Pinsel auftragen, vorzugsweise abends nach dem Abschminken.<\/p>\n<p>Die Regenerationscreme VEGAN von Thuya ist reich an wertvollen Inhaltsstoffen. Sie ist praktisch ein Konzentrat nat\u00fcrlicher Wirkstoffe mit Mehrfachwirkung: Die Extrakte aus Rizinus\u00f6l und Zea Mays wirken st\u00e4rkend und sturzhemmend, w\u00e4hrend die Extrakte aus Olive, Roter Weinrebe und Hundsrose in Synergie mit Galluss\u00e4ure wirksame Antioxidantien sind, auch gegen \u00e4u\u00dfere Einfl\u00fcsse. Sonnenblumen\u00f6l hingegen spendet Feuchtigkeit und sch\u00fctzt. Insbesondere Argan\u00f6l verst\u00e4rkt die Wirksamkeit des Produkts, da es \u00fcber 80% mehrfach unges\u00e4ttigte Omega-6-Fetts\u00e4uren enth\u00e4lt und einen hohen Gehalt an den Vitaminen A, E (Tocopherol) und F aufweist. Die Vitamine verbessern die Fellstruktur und haben eine n\u00e4hrende, sch\u00fctzende und Anti-Aging-Wirkung.<\/p>\n","protected":false},"excerpt":{"rendered":"<p>Eine aufbauende Behandlung f\u00fcr Ihre Wimpern und Augenbrauen, besonders geeignet zur Bek\u00e4mpfung von Br\u00fcchigkeit und vorzeitigem Verlust.<\/p>\n","protected":false},"featured_media":64779,"template":"","meta":{"_acf_changed":false},"product_brand":[],"product_cat":[2128,12750],"product_tag":[],"class_list":{"0":"post-65319","1":"product","2":"type-product","3":"status-publish","4":"has-post-thumbnail","6":"product_cat-lash-brow-de","7":"product_cat-thuya-de","8":"pa_pezzi-1-stuck","9":"pa_pezzi-16-stuck","10":"pa_pezzi-8-stuck","12":"first","13":"instock","14":"taxable","15":"shipping-taxable","16":"purchasable","17":"product-type-variable"},"acf":[],"jetpack_sharing_enabled":true,"_links":{"self":[{"href":"https:\/\/cndestetik.ch\/de\/wp-json\/wp\/v2\/product\/65319","targetHints":{"allow":["GET"]}}],"collection":[{"href":"https:\/\/cndestetik.ch\/de\/wp-json\/wp\/v2\/product"}],"about":[{"href":"https:\/\/cndestetik.ch\/de\/wp-json\/wp\/v2\/types\/product"}],"wp:featuredmedia":[{"embeddable":true,"href":"https:\/\/cndestetik.ch\/de\/wp-json\/wp\/v2\/media\/64779"}],"wp:attachment":[{"href":"https:\/\/cndestetik.ch\/de\/wp-json\/wp\/v2\/media?parent=65319"}],"wp:term":[{"taxonomy":"product_brand","embeddable":true,"href":"https:\/\/cndestetik.ch\/de\/wp-json\/wp\/v2\/product_brand?post=65319"},{"taxonomy":"product_cat","embeddable":true,"href":"https:\/\/cndestetik.ch\/de\/wp-json\/wp\/v2\/product_cat?post=65319"},{"taxonomy":"product_tag","embeddable":true,"href":"https:\/\/cndestetik.ch\/de\/wp-json\/wp\/v2\/product_tag?post=65319"}],"curies":[{"name":"wp","href":"https:\/\/api.w.org\/{rel}","templated":true}]}}