{"id":64753,"date":"2024-05-21T10:00:06","date_gmt":"2024-05-21T08:00:06","guid":{"rendered":"https:\/\/cndestetik.ch\/prodotto\/restart-kraeutertee\/"},"modified":"2024-05-21T10:00:06","modified_gmt":"2024-05-21T08:00:06","slug":"restart-kraeutertee","status":"publish","type":"product","link":"https:\/\/cndestetik.ch\/de\/prodotto\/restart-kraeutertee\/","title":{"rendered":"Restart Kr\u00e4utertee"},"content":{"rendered":"<p>Mit seinem s\u00fc\u00dfen, fruchtigen Geschmack ist er eine echte Reise in die Tropen. Es ist frei von Therin und hat mehrere Funktionen: abschwellend, entz\u00fcndungshemmend, entschlackend, remineralisierend, antiviral&#8230; eine wirklich gesunde Note f\u00fcr den K\u00f6rper.<\/p>\n<p>Zutaten: Rooibos, Zitronengras, Ingwerst\u00fccke, blaue Kornblumenbl\u00fcten, rote Johannisbeeren<\/p>\n","protected":false},"excerpt":{"rendered":"<p>Mit seinem s\u00fc\u00dfen, fruchtigen Geschmack ist er eine echte Reise in die Tropen. Es ist frei von Therin und hat mehrere Funktionen: abschwellend, entz\u00fcndungshemmend, entschlackend, remineralisierend, antiviral&#8230; eine wirklich gesunde Note f\u00fcr den K\u00f6rper.<\/p>\n","protected":false},"featured_media":64734,"template":"","meta":{"_acf_changed":false},"product_brand":[],"product_cat":[1995],"product_tag":[2005,12393],"class_list":{"0":"post-64753","1":"product","2":"type-product","3":"status-publish","4":"has-post-thumbnail","6":"product_cat-wellness-krautertees","7":"product_tag-krautertee","8":"product_tag-neustart","9":"pa_pacchetto-12-pakete","10":"pa_pacchetto-24-pakete","12":"first","13":"instock","14":"taxable","15":"shipping-taxable","16":"purchasable","17":"product-type-variable"},"acf":[],"jetpack_sharing_enabled":true,"_links":{"self":[{"href":"https:\/\/cndestetik.ch\/de\/wp-json\/wp\/v2\/product\/64753","targetHints":{"allow":["GET"]}}],"collection":[{"href":"https:\/\/cndestetik.ch\/de\/wp-json\/wp\/v2\/product"}],"about":[{"href":"https:\/\/cndestetik.ch\/de\/wp-json\/wp\/v2\/types\/product"}],"wp:featuredmedia":[{"embeddable":true,"href":"https:\/\/cndestetik.ch\/de\/wp-json\/wp\/v2\/media\/64734"}],"wp:attachment":[{"href":"https:\/\/cndestetik.ch\/de\/wp-json\/wp\/v2\/media?parent=64753"}],"wp:term":[{"taxonomy":"product_brand","embeddable":true,"href":"https:\/\/cndestetik.ch\/de\/wp-json\/wp\/v2\/product_brand?post=64753"},{"taxonomy":"product_cat","embeddable":true,"href":"https:\/\/cndestetik.ch\/de\/wp-json\/wp\/v2\/product_cat?post=64753"},{"taxonomy":"product_tag","embeddable":true,"href":"https:\/\/cndestetik.ch\/de\/wp-json\/wp\/v2\/product_tag?post=64753"}],"curies":[{"name":"wp","href":"https:\/\/api.w.org\/{rel}","templated":true}]}}