{"id":64607,"date":"2024-03-27T11:40:54","date_gmt":"2024-03-27T10:40:54","guid":{"rendered":"https:\/\/cndestetik.ch\/prodotto\/estetimed-sonnenbank\/"},"modified":"2024-03-29T08:25:57","modified_gmt":"2024-03-29T07:25:57","slug":"estetimed-sonnenbank","status":"publish","type":"product","link":"https:\/\/cndestetik.ch\/de\/prodotto\/estetimed-sonnenbank\/","title":{"rendered":"Estetimed Sonnenbank"},"content":{"rendered":"<p>4-teiliger Massagetisch mit Rollenhalter. Der Mechanismus mit elektrischem Niederspannungsantrieb wird \u00fcber eine Fernbedienung gesteuert, mit der alle Bewegungen pr\u00e4zise, einfach und schrittweise eingestellt werden k\u00f6nnen. Die R\u00fcckenlehne hat ein Gesichtsloch und eine Abdeckkappe.<\/p>\n<p>Die tragende Struktur ist aus lackiertem Stahlrohr gefertigt. Der Sockel ist mit R\u00e4dern ausgestattet, so dass er im Raum bewegt werden kann. Die Matratze ist sehr bequem und besteht aus Gummi mit doppelter Dichte, bezogen mit feuerfestem \u00d6ko-Leder der Klasse M1.<\/p>\n<p><strong>Optional:<\/strong><\/p>\n<ul>\n<li>Kundenspezifische Matratzenma\u00dfe (auf Anfrage)<\/li>\n<\/ul>\n<p>Jede Option unterliegt Preis\u00e4nderungen im Falle eines Preisnachlasses. Geben Sie die gew\u00fcnschten Sonderausstattungen in den Kaufunterlagen an.<\/p>\n","protected":false},"excerpt":{"rendered":"<p>4-teiliger Massagetisch mit Rollenhalter. Die tragende Struktur ist aus lackiertem Stahlrohr gefertigt.<\/p>\n","protected":false},"featured_media":64592,"template":"","meta":{"_acf_changed":false},"product_brand":[],"product_cat":[11776],"product_tag":[1030,12375,12365,12378,1156,12380],"class_list":{"0":"post-64607","1":"product","2":"type-product","3":"status-publish","4":"has-post-thumbnail","6":"product_cat-einrichtung","7":"product_tag-behandlung","8":"product_tag-bett","9":"product_tag-estetimed-de","10":"product_tag-kosmetikerin","11":"product_tag-liegestuhl","12":"product_tag-mobel","14":"first","15":"instock","16":"taxable","17":"shipping-taxable","18":"purchasable","19":"product-type-simple"},"acf":[],"jetpack_sharing_enabled":true,"_links":{"self":[{"href":"https:\/\/cndestetik.ch\/de\/wp-json\/wp\/v2\/product\/64607","targetHints":{"allow":["GET"]}}],"collection":[{"href":"https:\/\/cndestetik.ch\/de\/wp-json\/wp\/v2\/product"}],"about":[{"href":"https:\/\/cndestetik.ch\/de\/wp-json\/wp\/v2\/types\/product"}],"wp:featuredmedia":[{"embeddable":true,"href":"https:\/\/cndestetik.ch\/de\/wp-json\/wp\/v2\/media\/64592"}],"wp:attachment":[{"href":"https:\/\/cndestetik.ch\/de\/wp-json\/wp\/v2\/media?parent=64607"}],"wp:term":[{"taxonomy":"product_brand","embeddable":true,"href":"https:\/\/cndestetik.ch\/de\/wp-json\/wp\/v2\/product_brand?post=64607"},{"taxonomy":"product_cat","embeddable":true,"href":"https:\/\/cndestetik.ch\/de\/wp-json\/wp\/v2\/product_cat?post=64607"},{"taxonomy":"product_tag","embeddable":true,"href":"https:\/\/cndestetik.ch\/de\/wp-json\/wp\/v2\/product_tag?post=64607"}],"curies":[{"name":"wp","href":"https:\/\/api.w.org\/{rel}","templated":true}]}}