{"id":64584,"date":"2024-03-27T11:28:20","date_gmt":"2024-03-27T10:28:20","guid":{"rendered":"https:\/\/cndestetik.ch\/prodotto\/virtus-sonnenbank\/"},"modified":"2024-03-29T08:26:19","modified_gmt":"2024-03-29T07:26:19","slug":"virtus-sonnenbank","status":"publish","type":"product","link":"https:\/\/cndestetik.ch\/de\/prodotto\/virtus-sonnenbank\/","title":{"rendered":"Virtus-Sonnenbank"},"content":{"rendered":"<p>4-teilige Massageliege, geliefert mit Rollenhalter und Gesichtsloch. Alle Einstellungen (H\u00f6he &#8211; R\u00fcckenlehne &#8211; Beine) werden per Fernbedienung vorgenommen.<\/p>\n<p>Dank ihrer Matratze mit doppelter Dichte bietet sie absoluten Komfort f\u00fcr jede Art von Behandlung, und dank ihrer Trendelenburg-Funktion (Kippfunktion) bietet sie unz\u00e4hlige Verstellm\u00f6glichkeiten, die sie ideal f\u00fcr jede Art von Behandlung machen.<\/p>\n<p>Die tragende Struktur besteht aus Stahlrohren, die mit in einem 210 Grad hei\u00dfen Ofen behandelten Epoxidpulvern lackiert sind.<\/p>\n<p><strong>Optional:<\/strong><\/p>\n<ul>\n<li>Armlehnen (nur bei der 80 cm breiten Matratze) 340 CHF<\/li>\n<li>Kundenspezifische Matratzenma\u00dfe (auf Anfrage)<\/li>\n<\/ul>\n<p>Jede Option unterliegt Preis\u00e4nderungen im Falle eines Preisnachlasses. Geben Sie die gew\u00fcnschten Sonderausstattungen in den Kaufunterlagen an.<\/p>\n","protected":false},"excerpt":{"rendered":"<p>4-teilige Massageliege, geliefert mit Rollenhalter und Gesichtsloch. Alle Einstellungen (H\u00f6he &#8211; R\u00fcckenlehne &#8211; Beine) werden per Fernbedienung vorgenommen.<\/p>\n","protected":false},"featured_media":64569,"template":"","meta":{"_acf_changed":false},"product_brand":[],"product_cat":[11776],"product_tag":[1030,12375,12378,1156,12380,12361],"class_list":{"0":"post-64584","1":"product","2":"type-product","3":"status-publish","4":"has-post-thumbnail","6":"product_cat-einrichtung","7":"product_tag-behandlung","8":"product_tag-bett","9":"product_tag-kosmetikerin","10":"product_tag-liegestuhl","11":"product_tag-mobel","12":"product_tag-virtus-de","14":"first","15":"instock","16":"taxable","17":"shipping-taxable","18":"purchasable","19":"product-type-simple"},"acf":[],"jetpack_sharing_enabled":true,"_links":{"self":[{"href":"https:\/\/cndestetik.ch\/de\/wp-json\/wp\/v2\/product\/64584","targetHints":{"allow":["GET"]}}],"collection":[{"href":"https:\/\/cndestetik.ch\/de\/wp-json\/wp\/v2\/product"}],"about":[{"href":"https:\/\/cndestetik.ch\/de\/wp-json\/wp\/v2\/types\/product"}],"wp:featuredmedia":[{"embeddable":true,"href":"https:\/\/cndestetik.ch\/de\/wp-json\/wp\/v2\/media\/64569"}],"wp:attachment":[{"href":"https:\/\/cndestetik.ch\/de\/wp-json\/wp\/v2\/media?parent=64584"}],"wp:term":[{"taxonomy":"product_brand","embeddable":true,"href":"https:\/\/cndestetik.ch\/de\/wp-json\/wp\/v2\/product_brand?post=64584"},{"taxonomy":"product_cat","embeddable":true,"href":"https:\/\/cndestetik.ch\/de\/wp-json\/wp\/v2\/product_cat?post=64584"},{"taxonomy":"product_tag","embeddable":true,"href":"https:\/\/cndestetik.ch\/de\/wp-json\/wp\/v2\/product_tag?post=64584"}],"curies":[{"name":"wp","href":"https:\/\/api.w.org\/{rel}","templated":true}]}}