{"id":64561,"date":"2024-03-27T11:22:01","date_gmt":"2024-03-27T10:22:01","guid":{"rendered":"https:\/\/cndestetik.ch\/prodotto\/ak-sonnenbank\/"},"modified":"2024-03-29T08:26:20","modified_gmt":"2024-03-29T07:26:20","slug":"ak-sonnenbank","status":"publish","type":"product","link":"https:\/\/cndestetik.ch\/de\/prodotto\/ak-sonnenbank\/","title":{"rendered":"AK Sonnenbank"},"content":{"rendered":"<p>Professionelle Liege, ideal f\u00fcr alle Arten von Behandlungen. Der Mechanismus mit elektrischem Niederspannungsantrieb wird \u00fcber eine Fernbedienung gesteuert, mit der alle Bewegungen pr\u00e4zise, einfach und schrittweise eingestellt werden k\u00f6nnen.<\/p>\n<p>Die R\u00fcckenlehne hat ein Gesichtsloch und eine Abdeckkappe. Die tragende Struktur besteht aus Stahlrohren, die mit in einem 210 Grad hei\u00dfen Ofen behandelten Epoxidpulvern lackiert sind. Der Sockel ist aus melaminharzbeschichtetem Holz gefertigt.<\/p>\n<p>Die Matratze ist sehr bequem und besteht aus Gummi mit doppelter Dichte, bezogen mit feuerfestem \u00d6ko-Leder der Klasse M1.<\/p>\n<p><strong>Optional:<\/strong><\/p>\n<ul>\n<li>Kabellose Fusssteuerung 290 CHF<\/li>\n<li>Matratze mit Heizung 310 CHF<\/li>\n<li>Armlehnen (nur bei der 80 cm breiten Matratze) 340 CHF<\/li>\n<li>Kundenspezifische Matratzenma\u00dfe (auf Anfrage)<\/li>\n<\/ul>\n<p>Jede Option unterliegt Preis\u00e4nderungen im Falle eines Preisnachlasses. Geben Sie die gew\u00fcnschten Sonderausstattungen in den Kaufunterlagen an.<\/p>\n","protected":false},"excerpt":{"rendered":"<p>Professionelle Liege, ideal f\u00fcr alle Arten von Behandlungen. Die tragende Struktur ist aus lackiertem Stahlrohr gefertigt.<\/p>\n","protected":false},"featured_media":64542,"template":"","meta":{"_acf_changed":false},"product_brand":[],"product_cat":[11776],"product_tag":[12357,1030,12375,12378,1156,12380],"class_list":{"0":"post-64561","1":"product","2":"type-product","3":"status-publish","4":"has-post-thumbnail","6":"product_cat-einrichtung","7":"product_tag-ak-de","8":"product_tag-behandlung","9":"product_tag-bett","10":"product_tag-kosmetikerin","11":"product_tag-liegestuhl","12":"product_tag-mobel","14":"first","15":"instock","16":"taxable","17":"shipping-taxable","18":"purchasable","19":"product-type-simple"},"acf":[],"jetpack_sharing_enabled":true,"_links":{"self":[{"href":"https:\/\/cndestetik.ch\/de\/wp-json\/wp\/v2\/product\/64561","targetHints":{"allow":["GET"]}}],"collection":[{"href":"https:\/\/cndestetik.ch\/de\/wp-json\/wp\/v2\/product"}],"about":[{"href":"https:\/\/cndestetik.ch\/de\/wp-json\/wp\/v2\/types\/product"}],"wp:featuredmedia":[{"embeddable":true,"href":"https:\/\/cndestetik.ch\/de\/wp-json\/wp\/v2\/media\/64542"}],"wp:attachment":[{"href":"https:\/\/cndestetik.ch\/de\/wp-json\/wp\/v2\/media?parent=64561"}],"wp:term":[{"taxonomy":"product_brand","embeddable":true,"href":"https:\/\/cndestetik.ch\/de\/wp-json\/wp\/v2\/product_brand?post=64561"},{"taxonomy":"product_cat","embeddable":true,"href":"https:\/\/cndestetik.ch\/de\/wp-json\/wp\/v2\/product_cat?post=64561"},{"taxonomy":"product_tag","embeddable":true,"href":"https:\/\/cndestetik.ch\/de\/wp-json\/wp\/v2\/product_tag?post=64561"}],"curies":[{"name":"wp","href":"https:\/\/api.w.org\/{rel}","templated":true}]}}