{"id":64471,"date":"2024-03-27T09:22:35","date_gmt":"2024-03-27T08:22:35","guid":{"rendered":"https:\/\/cndestetik.ch\/prodotto\/pedisilver-sessel\/"},"modified":"2024-05-21T09:56:32","modified_gmt":"2024-05-21T07:56:32","slug":"pedisilver-sessel","status":"publish","type":"product","link":"https:\/\/cndestetik.ch\/de\/prodotto\/pedisilver-sessel\/","title":{"rendered":"Pedisilver Sessel"},"content":{"rendered":"<p>Er zeichnet sich durch moderne, zur\u00fcckhaltende Linien aus, die in jede Art von Umgebung passen. Der Sitz kann um 180\u00b0 gedreht werden, um den Kunden das Ein- und Aussteigen zu erleichtern; ein optionaler Sitzverschiebemechanismus kann vorw\u00e4rts oder r\u00fcckw\u00e4rts eingesetzt werden.<\/p>\n<p>Die PVC-Badewanne ist mit einer Mischbatterie mit Handbrause und einer h\u00f6henverstellbaren Beinst\u00fctze ausgestattet. Die Beinst\u00fctze ist mit einem Gelenk versehen, das es erm\u00f6glicht, sie in die Reichweite des Benutzers hinein- und herauszuschieben.<br \/>\nAusgestattet mit Hydromassage und Chromotherapie.<\/p>\n<p>Das verchromte Therapie- und Whirlpool-Management-System kann nicht nur \u00fcber ein Randpaneel, sondern auch \u00fcber eine drahtlose Fernbedienung gesteuert werden.<\/p>\n<p>Ausgestattet mit einem Fl\u00fcgelrad, das das Entleeren des Tanks erleichtert.<\/p>\n","protected":false},"excerpt":{"rendered":"<p>Er zeichnet sich durch moderne Linien aus, die in jede Art von Umgebung passen. Der Sitz kann um 180\u00b0 gedreht werden, um den Ein- und Ausstieg der Kunden zu erleichtern<\/p>\n","protected":false},"featured_media":64462,"template":"","meta":{"_acf_changed":false},"product_brand":[],"product_cat":[11776],"product_tag":[12045,12250,12348,5012],"class_list":{"0":"post-64471","1":"product","2":"type-product","3":"status-publish","4":"has-post-thumbnail","6":"product_cat-einrichtung","7":"product_tag-lehnstuhl","8":"product_tag-paedi-de","9":"product_tag-pedisilver-de","10":"product_tag-silber-de","11":"pa_optional-poltrone-sitzverschiebung","12":"pa_optional-poltrone-standard-sessel","14":"first","15":"instock","16":"taxable","17":"shipping-taxable","18":"purchasable","19":"product-type-variable"},"acf":[],"jetpack_sharing_enabled":true,"_links":{"self":[{"href":"https:\/\/cndestetik.ch\/de\/wp-json\/wp\/v2\/product\/64471","targetHints":{"allow":["GET"]}}],"collection":[{"href":"https:\/\/cndestetik.ch\/de\/wp-json\/wp\/v2\/product"}],"about":[{"href":"https:\/\/cndestetik.ch\/de\/wp-json\/wp\/v2\/types\/product"}],"wp:featuredmedia":[{"embeddable":true,"href":"https:\/\/cndestetik.ch\/de\/wp-json\/wp\/v2\/media\/64462"}],"wp:attachment":[{"href":"https:\/\/cndestetik.ch\/de\/wp-json\/wp\/v2\/media?parent=64471"}],"wp:term":[{"taxonomy":"product_brand","embeddable":true,"href":"https:\/\/cndestetik.ch\/de\/wp-json\/wp\/v2\/product_brand?post=64471"},{"taxonomy":"product_cat","embeddable":true,"href":"https:\/\/cndestetik.ch\/de\/wp-json\/wp\/v2\/product_cat?post=64471"},{"taxonomy":"product_tag","embeddable":true,"href":"https:\/\/cndestetik.ch\/de\/wp-json\/wp\/v2\/product_tag?post=64471"}],"curies":[{"name":"wp","href":"https:\/\/api.w.org\/{rel}","templated":true}]}}