{"id":64324,"date":"2024-03-04T09:15:47","date_gmt":"2024-03-04T08:15:47","guid":{"rendered":"https:\/\/cndestetik.ch\/prodotto\/body-massage-oele-kit\/"},"modified":"2024-04-06T01:00:04","modified_gmt":"2024-04-05T23:00:04","slug":"body-massage-oele-kit","status":"publish","type":"product","link":"https:\/\/cndestetik.ch\/de\/prodotto\/body-massage-oele-kit\/","title":{"rendered":"Body Massage \u00d6le Kit"},"content":{"rendered":"<p>Bausatz bestehend aus:<\/p>\n<ul>\n<li>Ablassen von K\u00f6rper\u00f6l<\/li>\n<li>K\u00f6rper\u00f6l Cellulite-Behandlung<\/li>\n<li>Straffendes K\u00f6rper\u00f6l<\/li>\n<li>Venen und Kapillaren K\u00f6rper\u00f6l<\/li>\n<li>Entspannendes K\u00f6rper\u00f6l<\/li>\n<li>Dekontaminierendes K\u00f6rper\u00f6l<\/li>\n<li>K\u00f6rper\u00f6l f\u00fcr den Bauch<\/li>\n<li>Aktivierendes K\u00f6rper\u00f6l<\/li>\n<\/ul>\n<p>Alle aus der Synergie von spagyrischen alchemistischen Pr\u00e4paraten und 1 Liter Mandel\u00f6l gewonnen.<\/p>\n<p>&nbsp;<\/p>\n","protected":false},"excerpt":{"rendered":"<p>1 Liter \u00e4therisches K\u00f6rper\u00f6l und Mandel\u00f6l-Set<\/p>\n","protected":false},"featured_media":37380,"template":"","meta":{"_acf_changed":false},"product_brand":[],"product_cat":[1495,12980],"product_tag":[389,4732,2345,578,608,2192,4823],"class_list":{"0":"post-64324","1":"product","2":"type-product","3":"status-publish","4":"has-post-thumbnail","6":"product_cat-kosmetik","7":"product_cat-mikrokosmos","8":"product_tag-bausatz","9":"product_tag-gemuse","10":"product_tag-korper","11":"product_tag-mandelbaum","12":"product_tag-mandeln","13":"product_tag-ol-de","14":"product_tag-spagyrische","16":"first","17":"instock","18":"taxable","19":"shipping-taxable","20":"purchasable","21":"product-type-simple"},"acf":[],"jetpack_sharing_enabled":true,"_links":{"self":[{"href":"https:\/\/cndestetik.ch\/de\/wp-json\/wp\/v2\/product\/64324","targetHints":{"allow":["GET"]}}],"collection":[{"href":"https:\/\/cndestetik.ch\/de\/wp-json\/wp\/v2\/product"}],"about":[{"href":"https:\/\/cndestetik.ch\/de\/wp-json\/wp\/v2\/types\/product"}],"wp:featuredmedia":[{"embeddable":true,"href":"https:\/\/cndestetik.ch\/de\/wp-json\/wp\/v2\/media\/37380"}],"wp:attachment":[{"href":"https:\/\/cndestetik.ch\/de\/wp-json\/wp\/v2\/media?parent=64324"}],"wp:term":[{"taxonomy":"product_brand","embeddable":true,"href":"https:\/\/cndestetik.ch\/de\/wp-json\/wp\/v2\/product_brand?post=64324"},{"taxonomy":"product_cat","embeddable":true,"href":"https:\/\/cndestetik.ch\/de\/wp-json\/wp\/v2\/product_cat?post=64324"},{"taxonomy":"product_tag","embeddable":true,"href":"https:\/\/cndestetik.ch\/de\/wp-json\/wp\/v2\/product_tag?post=64324"}],"curies":[{"name":"wp","href":"https:\/\/api.w.org\/{rel}","templated":true}]}}