{"id":64201,"date":"2024-01-25T13:31:20","date_gmt":"2024-01-25T12:31:20","guid":{"rendered":"https:\/\/cndestetik.ch\/prodotto\/dekontaminierung-von-oleolith\/"},"modified":"2025-01-23T09:24:25","modified_gmt":"2025-01-23T08:24:25","slug":"dekontaminierung-von-oleolith","status":"publish","type":"product","link":"https:\/\/cndestetik.ch\/de\/prodotto\/dekontaminierung-von-oleolith\/","title":{"rendered":"Dekontaminierung von Oleolith"},"content":{"rendered":"<p>Eine konzentrierte Synergie aus spagyrischen Oleolithen und \u00e4therischen \u00d6len speziell zur Entspannung der Muskeln und zur Beseitigung von Entz\u00fcndungen und Schmerzen.<\/p>\n","protected":false},"excerpt":{"rendered":"<p>Eine konzentrierte Synergie aus spagyrischen Oleolithen und \u00e4therischen \u00d6len speziell zur Entspannung der Muskeln und zur Beseitigung von Entz\u00fcndungen und Schmerzen.<\/p>\n","protected":false},"featured_media":0,"template":"","meta":{"_acf_changed":false},"product_brand":[],"product_cat":[1495,12980],"product_tag":[12161,2116],"class_list":{"0":"post-64201","1":"product","2":"type-product","3":"status-publish","5":"product_cat-kosmetik","6":"product_cat-mikrokosmos","7":"product_tag-aufhebung-des-vertrags","8":"product_tag-oleolith","9":"pa_formato-1000ml-de","10":"pa_formato-500ml-de","12":"first","13":"instock","14":"taxable","15":"shipping-taxable","16":"purchasable","17":"product-type-variable"},"acf":[],"jetpack_sharing_enabled":true,"_links":{"self":[{"href":"https:\/\/cndestetik.ch\/de\/wp-json\/wp\/v2\/product\/64201","targetHints":{"allow":["GET"]}}],"collection":[{"href":"https:\/\/cndestetik.ch\/de\/wp-json\/wp\/v2\/product"}],"about":[{"href":"https:\/\/cndestetik.ch\/de\/wp-json\/wp\/v2\/types\/product"}],"wp:attachment":[{"href":"https:\/\/cndestetik.ch\/de\/wp-json\/wp\/v2\/media?parent=64201"}],"wp:term":[{"taxonomy":"product_brand","embeddable":true,"href":"https:\/\/cndestetik.ch\/de\/wp-json\/wp\/v2\/product_brand?post=64201"},{"taxonomy":"product_cat","embeddable":true,"href":"https:\/\/cndestetik.ch\/de\/wp-json\/wp\/v2\/product_cat?post=64201"},{"taxonomy":"product_tag","embeddable":true,"href":"https:\/\/cndestetik.ch\/de\/wp-json\/wp\/v2\/product_tag?post=64201"}],"curies":[{"name":"wp","href":"https:\/\/api.w.org\/{rel}","templated":true}]}}