{"id":63974,"date":"2024-01-05T08:45:04","date_gmt":"2024-01-05T07:45:04","guid":{"rendered":"https:\/\/cndestetik.ch\/prodotto\/hautanzug-60\/"},"modified":"2024-05-21T09:46:45","modified_gmt":"2024-05-21T07:46:45","slug":"hautanzug-60","status":"publish","type":"product","link":"https:\/\/cndestetik.ch\/de\/prodotto\/hautanzug-60\/","title":{"rendered":"Hautanzug 60"},"content":{"rendered":"<p>Anzug f\u00fcr endermische Massageger\u00e4te &#8211; wacum (hohe Saugkraft).<\/p>\n<p>Gr\u00f6\u00dfen: Erh\u00e4ltlich in 3 Gr\u00f6\u00dfen: ML &#8211; XL &#8211; XXL<\/p>\n","protected":false},"excerpt":{"rendered":"<p>Anzug f\u00fcr endermische Massageger\u00e4te &#8211; wacum (hohe Saugkraft).<\/p>\n","protected":false},"featured_media":63969,"template":"","meta":{"_acf_changed":false},"product_brand":[],"product_cat":[3303],"product_tag":[12185,12181,7385,12183],"class_list":{"0":"post-63974","1":"product","2":"type-product","3":"status-publish","4":"has-post-thumbnail","6":"product_cat-abbigliamento-professionale","7":"product_tag-endermische","8":"product_tag-jumpsuit","9":"product_tag-massage-de","10":"product_tag-passen","11":"pa_taglia-10-x-ml-de","12":"pa_taglia-10-x-xl-de","13":"pa_taglia-10-x-xxl-de","14":"pa_taglia-grose-ml","15":"pa_taglia-grose-xl","16":"pa_taglia-grose-xxl","18":"first","19":"instock","20":"taxable","21":"shipping-taxable","22":"purchasable","23":"product-type-variable"},"acf":[],"jetpack_sharing_enabled":true,"_links":{"self":[{"href":"https:\/\/cndestetik.ch\/de\/wp-json\/wp\/v2\/product\/63974","targetHints":{"allow":["GET"]}}],"collection":[{"href":"https:\/\/cndestetik.ch\/de\/wp-json\/wp\/v2\/product"}],"about":[{"href":"https:\/\/cndestetik.ch\/de\/wp-json\/wp\/v2\/types\/product"}],"wp:featuredmedia":[{"embeddable":true,"href":"https:\/\/cndestetik.ch\/de\/wp-json\/wp\/v2\/media\/63969"}],"wp:attachment":[{"href":"https:\/\/cndestetik.ch\/de\/wp-json\/wp\/v2\/media?parent=63974"}],"wp:term":[{"taxonomy":"product_brand","embeddable":true,"href":"https:\/\/cndestetik.ch\/de\/wp-json\/wp\/v2\/product_brand?post=63974"},{"taxonomy":"product_cat","embeddable":true,"href":"https:\/\/cndestetik.ch\/de\/wp-json\/wp\/v2\/product_cat?post=63974"},{"taxonomy":"product_tag","embeddable":true,"href":"https:\/\/cndestetik.ch\/de\/wp-json\/wp\/v2\/product_tag?post=63974"}],"curies":[{"name":"wp","href":"https:\/\/api.w.org\/{rel}","templated":true}]}}