{"id":63926,"date":"2023-12-22T13:29:19","date_gmt":"2023-12-22T12:29:19","guid":{"rendered":"https:\/\/cndestetik.ch\/prodotto\/massagekurs-fuer-flache-baeuche\/"},"modified":"2024-01-10T16:19:39","modified_gmt":"2024-01-10T15:19:39","slug":"massagekurs-fuer-flache-baeuche","status":"publish","type":"product","link":"https:\/\/cndestetik.ch\/de\/prodotto\/massagekurs-fuer-flache-baeuche\/","title":{"rendered":"Massagekurs f\u00fcr flache B\u00e4uche"},"content":{"rendered":"<p><strong>Der Kurs findet am 08\/04 statt.<\/strong><\/p>\n<p>Die Behandlung des flachen Bauches ist eine funktionelle Behandlung, bei der feste, tiefe manuelle Techniken angewandt werden, die speziell darauf ausgerichtet sind, das Wohlbefinden des Bauches und der an der Verdauung und Energieversorgung beteiligten Organe zu f\u00f6rdern. Die Behandlung hat mehrere Vorteile: Sie betont die Taille und die Sanduhrform, flacht den Bauch ab, leitet Fl\u00fcssigkeiten und Giftstoffe ab, f\u00f6rdert die normale Darmmotilit\u00e4t und aktiviert den Stoffwechsel des Fettgewebes.<\/p>\n<p>Diese Behandlung stellt eine hervorragende Synergie zwischen der Beherrschung gezielter manueller Man\u00f6ver und der Kraft der spagyrischen Extrakte dar, die aus aktiven Komponenten mit entw\u00e4ssernden und reduzierenden Eigenschaften bestehen. Es ist eine wahre Wohltat f\u00fcr den Bauch und die lebenswichtigen Organe, die an der Verdauung und der Energieversorgung beteiligt sind.<\/p>\n<p>Seine Wirkung beschr\u00e4nkt sich nicht nur auf das \u00e4u\u00dfere Erscheinungsbild, sondern ist eine echte Unterst\u00fctzung f\u00fcr das allgemeine Wohlbefinden, verbessert die Vitalit\u00e4t und das innere Gleichgewicht.<\/p>\n<p>Die flache Bauchbehandlung ist eine ganzheitliche Behandlung, die darauf abzielt, die K\u00f6rperform zu optimieren und gleichzeitig den K\u00f6rper von innen heraus zu n\u00e4hren und zu regenerieren. Die Kombination aus gezielten Manipulationen und der Anwendung spagyrischer Extrakte stellt eine umfassende Behandlung dar, die darauf abzielt, das \u00e4u\u00dfere Erscheinungsbild zu ver\u00e4ndern und ein dauerhaftes und harmonisches inneres Gleichgewicht zu f\u00f6rdern.<\/p>\n<p>Am Ende des Kurses wird ein Berufsausbildungszertifikat ausgestellt, das die erworbenen F\u00e4higkeiten bescheinigt.<\/p>\n<p>Nach Abschluss des Kurses kann auf Wunsch eine Teilnahmebescheinigung gem\u00e4\u00df der Weiterbildungsordnung der RME und der ASCA Foundation ausgestellt werden. Diese Bescheinigung best\u00e4tigt die Teilnahme an dem Auffrischungskurs und gibt den behandelten Stoff, die behandelten Themen und die Anzahl der besuchten Stunden an.<\/p>\n<p>Das Mittagessen wird angeboten<\/p>\n<p>Die Kurse werden in Zusammenarbeit mit der Firma UpMind Sagl durchgef\u00fchrt. F\u00fcr Informationen und Reservierungen kontaktieren Sie uns bitte.<\/p>\n","protected":false},"excerpt":{"rendered":"<p>Die Behandlung des flachen Bauches ist eine funktionelle Behandlung, bei der feste, tiefe manuelle Techniken angewandt werden, die speziell darauf ausgerichtet sind, das Wohlbefinden des Bauches und der an der Verdauung und Energieversorgung beteiligten Organe zu f\u00f6rdern.  <strong>Der Kurs findet am 08\/04 statt.<\/strong><\/p>\n","protected":false},"featured_media":63922,"template":"","meta":{"_acf_changed":false},"product_brand":[],"product_cat":[3331],"product_tag":[11305,12168,7385,6805],"class_list":{"0":"post-63926","1":"product","2":"type-product","3":"status-publish","4":"has-post-thumbnail","6":"product_cat-18-ausbildung","7":"product_tag-bauch","8":"product_tag-kurs","9":"product_tag-massage-de","10":"product_tag-platte","12":"first","13":"instock","14":"taxable","15":"shipping-taxable","16":"product-type-simple"},"acf":[],"jetpack_sharing_enabled":true,"_links":{"self":[{"href":"https:\/\/cndestetik.ch\/de\/wp-json\/wp\/v2\/product\/63926","targetHints":{"allow":["GET"]}}],"collection":[{"href":"https:\/\/cndestetik.ch\/de\/wp-json\/wp\/v2\/product"}],"about":[{"href":"https:\/\/cndestetik.ch\/de\/wp-json\/wp\/v2\/types\/product"}],"wp:featuredmedia":[{"embeddable":true,"href":"https:\/\/cndestetik.ch\/de\/wp-json\/wp\/v2\/media\/63922"}],"wp:attachment":[{"href":"https:\/\/cndestetik.ch\/de\/wp-json\/wp\/v2\/media?parent=63926"}],"wp:term":[{"taxonomy":"product_brand","embeddable":true,"href":"https:\/\/cndestetik.ch\/de\/wp-json\/wp\/v2\/product_brand?post=63926"},{"taxonomy":"product_cat","embeddable":true,"href":"https:\/\/cndestetik.ch\/de\/wp-json\/wp\/v2\/product_cat?post=63926"},{"taxonomy":"product_tag","embeddable":true,"href":"https:\/\/cndestetik.ch\/de\/wp-json\/wp\/v2\/product_tag?post=63926"}],"curies":[{"name":"wp","href":"https:\/\/api.w.org\/{rel}","templated":true}]}}