{"id":63915,"date":"2023-12-22T13:25:12","date_gmt":"2023-12-22T12:25:12","guid":{"rendered":"https:\/\/cndestetik.ch\/prodotto\/madero-therapie-kurs\/"},"modified":"2024-01-10T16:50:47","modified_gmt":"2024-01-10T15:50:47","slug":"madero-therapie-kurs","status":"publish","type":"product","link":"https:\/\/cndestetik.ch\/de\/prodotto\/madero-therapie-kurs\/","title":{"rendered":"Maderotherapie-Kurs"},"content":{"rendered":"<p><strong>Der Kurs findet am 25\/03 statt.<\/strong><\/p>\n<p>Bei der Maderotherapie werden mit nat\u00fcrlichen Holzinstrumenten verschiedene Bereiche des K\u00f6rpers stimuliert und behandelt, was eine entw\u00e4ssernde, formende und entspannende Wirkung hat.<\/p>\n<p>Die ersten Sitzungen zeigen bereits eine Verbesserung der Spannkraft und einen R\u00fcckgang der Schwellungen. Diese aus S\u00fcdamerika stammende Methode (vom Wort Madeira&#8221;, das Holz bedeutet) wird h\u00e4ufig zur Behandlung von Cellulite, Lymphproblemen, Wassereinlagerungen, oberfl\u00e4chlichen und tiefen Fettablagerungen sowie Schwellungen im Bauch- und Beinbereich eingesetzt.<\/p>\n<p>Diese Massagetechnik wirkt nicht-invasiv auf das Nervensystem und erzeugt psychophysische Vorteile, die \u00fcber die behandelten Bereiche hinausgehen. Mit Holzinstrumenten kann der Behandler einen Druck aus\u00fcben, der \u00fcber die manuellen M\u00f6glichkeiten hinausgeht, und so die positive Wirkung auf den Empf\u00e4nger maximieren. Die Behandlung beginnt h\u00e4ufig mit einer manuellen Lymphdrainage, die den K\u00f6rper auf die Maderotherapie vorbereitet.<\/p>\n<p>Zu den Vorteilen dieser Technik geh\u00f6ren die Verbesserung der Blut- und Lymphzirkulation, die Straffung der Haut, die Festigung und die Verringerung von Schwellungen der Beine. Es f\u00f6rdert die Produktion von Elastin und Kollagen, st\u00e4rkt das Nervensystem und tr\u00e4gt zur Verbesserung des Muskeltonus bei. Es ist wirksam bei der Bek\u00e4mpfung von Cellulite und der Reduzierung von Fettablagerungen an verschiedenen Stellen des K\u00f6rpers und formt die Figur. Sie hilft auch bei Muskelverspannungen, Kontrakturen, R\u00fcckenproblemen wie Lumbosciatica und f\u00f6rdert die geistige und k\u00f6rperliche Entspannung. Au\u00dferdem st\u00e4rkt es das Immunsystem und f\u00f6rdert die Sauerstoffversorgung des Gewebes.<\/p>\n<p>Am Ende des Kurses wird ein Berufsausbildungszertifikat ausgestellt, das die erworbenen F\u00e4higkeiten bescheinigt.<\/p>\n<p>Nach Abschluss des Kurses kann auf Wunsch eine Teilnahmebescheinigung gem\u00e4\u00df der Weiterbildungsordnung der RME und der ASCA Foundation ausgestellt werden. Diese Bescheinigung best\u00e4tigt die Teilnahme an dem Auffrischungskurs und gibt den behandelten Stoff, die behandelten Themen und die Anzahl der besuchten Stunden an.<\/p>\n<p>Das Mittagessen wird angeboten<\/p>\n<p>Die Kurse werden in Zusammenarbeit mit der Firma UpMind Sagl durchgef\u00fchrt. F\u00fcr Informationen und Reservierungen kontaktieren Sie uns bitte.<\/p>\n","protected":false},"excerpt":{"rendered":"<p>Bei der Maderotherapie werden mit nat\u00fcrlichen Holzinstrumenten verschiedene Bereiche des K\u00f6rpers stimuliert und behandelt, was eine entw\u00e4ssernde, formende und entspannende Wirkung hat.  <strong>Der Kurs findet am 25\/03 statt.<\/strong><\/p>\n","protected":false},"featured_media":63912,"template":"","meta":{"_acf_changed":false},"product_brand":[],"product_cat":[3331],"product_tag":[12168,12169,12200],"class_list":{"0":"post-63915","1":"product","2":"type-product","3":"status-publish","4":"has-post-thumbnail","6":"product_cat-18-ausbildung","7":"product_tag-kurs","8":"product_tag-madero-therapie-de","9":"product_tag-maderotherapie-de","11":"first","12":"instock","13":"taxable","14":"shipping-taxable","15":"product-type-simple"},"acf":[],"jetpack_sharing_enabled":true,"_links":{"self":[{"href":"https:\/\/cndestetik.ch\/de\/wp-json\/wp\/v2\/product\/63915","targetHints":{"allow":["GET"]}}],"collection":[{"href":"https:\/\/cndestetik.ch\/de\/wp-json\/wp\/v2\/product"}],"about":[{"href":"https:\/\/cndestetik.ch\/de\/wp-json\/wp\/v2\/types\/product"}],"wp:featuredmedia":[{"embeddable":true,"href":"https:\/\/cndestetik.ch\/de\/wp-json\/wp\/v2\/media\/63912"}],"wp:attachment":[{"href":"https:\/\/cndestetik.ch\/de\/wp-json\/wp\/v2\/media?parent=63915"}],"wp:term":[{"taxonomy":"product_brand","embeddable":true,"href":"https:\/\/cndestetik.ch\/de\/wp-json\/wp\/v2\/product_brand?post=63915"},{"taxonomy":"product_cat","embeddable":true,"href":"https:\/\/cndestetik.ch\/de\/wp-json\/wp\/v2\/product_cat?post=63915"},{"taxonomy":"product_tag","embeddable":true,"href":"https:\/\/cndestetik.ch\/de\/wp-json\/wp\/v2\/product_tag?post=63915"}],"curies":[{"name":"wp","href":"https:\/\/api.w.org\/{rel}","templated":true}]}}