{"id":63908,"date":"2023-12-22T13:22:15","date_gmt":"2023-12-22T12:22:15","guid":{"rendered":"https:\/\/cndestetik.ch\/prodotto\/kurs-gua-sha-entspannungsmassage\/"},"modified":"2024-01-10T16:18:50","modified_gmt":"2024-01-10T15:18:50","slug":"kurs-gua-sha-entspannungsmassage","status":"publish","type":"product","link":"https:\/\/cndestetik.ch\/de\/prodotto\/kurs-gua-sha-entspannungsmassage\/","title":{"rendered":"Kurs Gua-Sha-Entspannungsmassage"},"content":{"rendered":"<p><strong>Der Kurs findet am 04\/03 statt.<\/strong><\/p>\n<p>Bereiten Sie sich darauf vor, in eine Reise des vollkommenen Wohlbefindens einzutauchen, bei der Sie die Kraft der Natur und die uralte Weisheit des Gua-Sha in Ihren H\u00e4nden halten!<\/p>\n<p>Diese Ausbildung ist der Gua Sha Dekontraktionsmassage gewidmet, einer Erfahrung, die \u00fcber die rein k\u00f6rperliche Linderung hinausgeht. Diese Behandlung zielt darauf ab, Verspannungen in Nacken, Schultern, Armen, R\u00fccken und Lendenwirbels\u00e4ule zu l\u00f6sen, angesammelten Stress abzubauen und die Muskeln von Giftstoffen zu befreien. Die Dekontraktionsmassage bietet eine Vielzahl von Vorteilen, indem sie nat\u00fcrliche Kosmetika nutzt und manuelle Techniken, Reflexologie und Prinzipien der chinesischen Medizin mit der wertvollen und kraftvollen Hilfe des Gua Sha kombiniert.<\/p>\n<p>Gua Sha bedeutet so viel wie &#8220;Reiben&#8221; und &#8220;Druck aus\u00fcben &#8211; schrubben&#8221; und weckt den K\u00f6rper, indem es die Mikrozirkulation verbessert und Muskelentz\u00fcndungen reduziert.<\/p>\n<p>Die Ausbildung zielt darauf ab, eine Behandlungstechnik zu erlernen, die f\u00fcr alle Ausbildungsniveaus geeignet ist und Sie dazu bringt, Gua Sha zu entdecken, eine Kunst, die Spannungen l\u00f6st, das Wohlbefinden f\u00f6rdert und eine Behandlung offenbart, die Tradition und Innovation verbindet.<\/p>\n<p>Am Ende des Kurses wird ein Berufsausbildungszertifikat ausgestellt, das die erworbenen F\u00e4higkeiten bescheinigt.<\/p>\n<p>Nach Abschluss des Kurses kann auf Wunsch eine Teilnahmebescheinigung gem\u00e4\u00df der Weiterbildungsordnung der RME und der ASCA Foundation ausgestellt werden. Diese Bescheinigung best\u00e4tigt die Teilnahme an dem Auffrischungskurs und gibt den behandelten Stoff, die behandelten Themen und die Anzahl der besuchten Stunden an.<\/p>\n<p>Das Mittagessen wird angeboten<\/p>\n<p>Die Kurse werden in Zusammenarbeit mit der Firma UpMind Sagl durchgef\u00fchrt. F\u00fcr Informationen und Reservierungen kontaktieren Sie uns bitte.<\/p>\n","protected":false},"excerpt":{"rendered":"<p>Bereiten Sie sich darauf vor, in eine Reise des vollkommenen Wohlbefindens einzutauchen, bei der Sie die Kraft der Natur und die uralte Weisheit des Gua-Sha in Ihren H\u00e4nden halten!  <strong>Der Kurs findet am 04\/03 statt.<\/strong><\/p>\n","protected":false},"featured_media":63902,"template":"","meta":{"_acf_changed":false},"product_brand":[],"product_cat":[3331],"product_tag":[12161,12159,7385,12160],"class_list":{"0":"post-63908","1":"product","2":"type-product","3":"status-publish","4":"has-post-thumbnail","6":"product_cat-18-ausbildung","7":"product_tag-aufhebung-des-vertrags","8":"product_tag-gua-de","9":"product_tag-massage-de","10":"product_tag-sha-de","12":"first","13":"instock","14":"taxable","15":"shipping-taxable","16":"product-type-simple"},"acf":[],"jetpack_sharing_enabled":true,"_links":{"self":[{"href":"https:\/\/cndestetik.ch\/de\/wp-json\/wp\/v2\/product\/63908","targetHints":{"allow":["GET"]}}],"collection":[{"href":"https:\/\/cndestetik.ch\/de\/wp-json\/wp\/v2\/product"}],"about":[{"href":"https:\/\/cndestetik.ch\/de\/wp-json\/wp\/v2\/types\/product"}],"wp:featuredmedia":[{"embeddable":true,"href":"https:\/\/cndestetik.ch\/de\/wp-json\/wp\/v2\/media\/63902"}],"wp:attachment":[{"href":"https:\/\/cndestetik.ch\/de\/wp-json\/wp\/v2\/media?parent=63908"}],"wp:term":[{"taxonomy":"product_brand","embeddable":true,"href":"https:\/\/cndestetik.ch\/de\/wp-json\/wp\/v2\/product_brand?post=63908"},{"taxonomy":"product_cat","embeddable":true,"href":"https:\/\/cndestetik.ch\/de\/wp-json\/wp\/v2\/product_cat?post=63908"},{"taxonomy":"product_tag","embeddable":true,"href":"https:\/\/cndestetik.ch\/de\/wp-json\/wp\/v2\/product_tag?post=63908"}],"curies":[{"name":"wp","href":"https:\/\/api.w.org\/{rel}","templated":true}]}}