{"id":63879,"date":"2023-12-22T13:16:23","date_gmt":"2023-12-22T12:16:23","guid":{"rendered":"https:\/\/cndestetik.ch\/prodotto\/konnektivitaetsmassage-kurs\/"},"modified":"2024-01-10T16:18:48","modified_gmt":"2024-01-10T15:18:48","slug":"konnektivitaetsmassage-kurs","status":"publish","type":"product","link":"https:\/\/cndestetik.ch\/de\/prodotto\/konnektivitaetsmassage-kurs\/","title":{"rendered":"Konnektivit\u00e4tsmassage-Kurs"},"content":{"rendered":"<p><strong>Der Kurs findet am 12\/02 statt.<\/strong><\/p>\n<p>In der Ausbildung zur Bindegewebsmassage lernen Sie gezielte Techniken zur Stimulation der tieferen Gewebe des K\u00f6rpers kennen, wobei der Schwerpunkt auf dem Bindegewebe liegt. Das Hauptziel besteht darin, bestimmte K\u00f6rperbereiche zu aktivieren, um sowohl lokale Wirkungen zu erzielen und Unreinheiten zu behandeln, als auch Reflexe zu erzeugen, die Organe und Viszeralfunktionen auch in entfernten Bereichen beeinflussen.<\/p>\n<p>Diese Art der Massage wird zur Behandlung einer breiten Palette von Unvollkommenheiten eingesetzt, um Cellulite und andere Probleme wie Dehnungsstreifen, schlaffe Haut und Narben zu bek\u00e4mpfen. Die Bindegewebsmassage ist besonders wirksam im fortgeschrittenen Stadium der Cellulite. Durch tiefe Z\u00fcge mit Daumen und Zeigefinger wird das entz\u00fcndete Gewebe stimuliert und Fl\u00fcssigkeitsstauungen abgebaut.<\/p>\n<p>Die Bindegewebsmassage ist auch angezeigt, um: die Muskelentspannung zu f\u00f6rdern, Verspannungen und Steifheit zu l\u00f6sen; Muskel- und Gelenkschmerzen zu lindern; die Beweglichkeit der Gelenke und die K\u00f6rperhaltung zu verbessern; die Blutzirkulation im behandelten Gewebe zu steigern; Stress abzubauen.<\/p>\n<p>Dieser Kurs vermittelt Ihnen das Handwerkszeug, um diese Techniken effektiv und zielgerichtet anzuwenden und so den Weg zu einem ganzheitlichen Ansatz f\u00fcr das Wohlbefinden und die Gesundheit des K\u00f6rpers und des ganzen Menschen zu ebnen.<\/p>\n<p>Am Ende des Kurses wird ein Berufsausbildungszertifikat ausgestellt, das die erworbenen F\u00e4higkeiten bescheinigt.<\/p>\n<p>Nach Abschluss des Kurses kann auf Wunsch eine Teilnahmebescheinigung gem\u00e4\u00df der Weiterbildungsordnung der RME und der ASCA Foundation ausgestellt werden. Diese Bescheinigung best\u00e4tigt die Teilnahme an dem Auffrischungskurs und gibt den behandelten Stoff, die behandelten Themen und die Anzahl der besuchten Stunden an.<\/p>\n<p>Das Mittagessen wird angeboten<\/p>\n<p>Die Kurse werden in Zusammenarbeit mit der Firma UpMind Sagl durchgef\u00fchrt. F\u00fcr Informationen und Reservierungen kontaktieren Sie uns bitte.<\/p>\n","protected":false},"excerpt":{"rendered":"<p>In der Ausbildung zur Bindegewebsmassage lernen Sie gezielte Techniken zur Stimulation der tieferen Gewebe des K\u00f6rpers kennen, wobei der Schwerpunkt auf dem Bindegewebe liegt.  <strong>Der Kurs findet am 12\/02 statt.<\/strong><\/p>\n","protected":false},"featured_media":63876,"template":"","meta":{"_acf_changed":false},"product_brand":[],"product_cat":[3331],"product_tag":[],"class_list":{"0":"post-63879","1":"product","2":"type-product","3":"status-publish","4":"has-post-thumbnail","6":"product_cat-18-ausbildung","8":"first","9":"instock","10":"taxable","11":"shipping-taxable","12":"product-type-simple"},"acf":[],"jetpack_sharing_enabled":true,"_links":{"self":[{"href":"https:\/\/cndestetik.ch\/de\/wp-json\/wp\/v2\/product\/63879","targetHints":{"allow":["GET"]}}],"collection":[{"href":"https:\/\/cndestetik.ch\/de\/wp-json\/wp\/v2\/product"}],"about":[{"href":"https:\/\/cndestetik.ch\/de\/wp-json\/wp\/v2\/types\/product"}],"wp:featuredmedia":[{"embeddable":true,"href":"https:\/\/cndestetik.ch\/de\/wp-json\/wp\/v2\/media\/63876"}],"wp:attachment":[{"href":"https:\/\/cndestetik.ch\/de\/wp-json\/wp\/v2\/media?parent=63879"}],"wp:term":[{"taxonomy":"product_brand","embeddable":true,"href":"https:\/\/cndestetik.ch\/de\/wp-json\/wp\/v2\/product_brand?post=63879"},{"taxonomy":"product_cat","embeddable":true,"href":"https:\/\/cndestetik.ch\/de\/wp-json\/wp\/v2\/product_cat?post=63879"},{"taxonomy":"product_tag","embeddable":true,"href":"https:\/\/cndestetik.ch\/de\/wp-json\/wp\/v2\/product_tag?post=63879"}],"curies":[{"name":"wp","href":"https:\/\/api.w.org\/{rel}","templated":true}]}}