{"id":63817,"date":"2023-12-05T16:29:50","date_gmt":"2023-12-05T15:29:50","guid":{"rendered":"https:\/\/cndestetik.ch\/prodotto\/fussstuetze-mit-stufe\/"},"modified":"2023-12-05T16:29:50","modified_gmt":"2023-12-05T15:29:50","slug":"fusstutze-mit-schritt","status":"publish","type":"product","link":"https:\/\/cndestetik.ch\/de\/prodotto\/fusstutze-mit-schritt\/","title":{"rendered":"Fu\u00dfst\u00fctze mit Stufe"},"content":{"rendered":"<p>Beckentreppe mit verstellbarer Fu\u00dfst\u00fctze in allen Positionen. Er eignet sich f\u00fcr verschiedene Fu\u00dfbehandlungen und kann mit jeder Art von Sitz oder Stuhl kombiniert werden.<\/p>\n<p>Erh\u00e4ltlich in 3 Varianten:<\/p>\n<p>Trittstufe mit Fu\u00dfst\u00fctze (ohne Waschbecken)<br \/>\nBACINELLA allein<br \/>\nGRADINO allein<\/p>\n","protected":false},"excerpt":{"rendered":"<p>Beckentreppe mit verstellbarer Fu\u00dfst\u00fctze in allen Positionen.<\/p>\n","protected":false},"featured_media":63093,"template":"","meta":{"_acf_changed":false},"product_brand":[],"product_cat":[11776],"product_tag":[12128,1455,12127],"class_list":{"0":"post-63817","1":"product","2":"type-product","3":"status-publish","4":"has-post-thumbnail","6":"product_cat-einrichtung","7":"product_tag-bakkalaureat","8":"product_tag-fuse","9":"product_tag-stroh","10":"pa_optional-poltrone-baccinella-de","11":"pa_optional-poltrone-fusstutze-mit-trittbrett","12":"pa_optional-poltrone-waschbeckenablage-ohne-fusstutze-und-waschbecken","14":"first","15":"instock","16":"taxable","17":"shipping-taxable","18":"purchasable","19":"product-type-variable"},"acf":[],"jetpack_sharing_enabled":true,"_links":{"self":[{"href":"https:\/\/cndestetik.ch\/de\/wp-json\/wp\/v2\/product\/63817","targetHints":{"allow":["GET"]}}],"collection":[{"href":"https:\/\/cndestetik.ch\/de\/wp-json\/wp\/v2\/product"}],"about":[{"href":"https:\/\/cndestetik.ch\/de\/wp-json\/wp\/v2\/types\/product"}],"wp:featuredmedia":[{"embeddable":true,"href":"https:\/\/cndestetik.ch\/de\/wp-json\/wp\/v2\/media\/63093"}],"wp:attachment":[{"href":"https:\/\/cndestetik.ch\/de\/wp-json\/wp\/v2\/media?parent=63817"}],"wp:term":[{"taxonomy":"product_brand","embeddable":true,"href":"https:\/\/cndestetik.ch\/de\/wp-json\/wp\/v2\/product_brand?post=63817"},{"taxonomy":"product_cat","embeddable":true,"href":"https:\/\/cndestetik.ch\/de\/wp-json\/wp\/v2\/product_cat?post=63817"},{"taxonomy":"product_tag","embeddable":true,"href":"https:\/\/cndestetik.ch\/de\/wp-json\/wp\/v2\/product_tag?post=63817"}],"curies":[{"name":"wp","href":"https:\/\/api.w.org\/{rel}","templated":true}]}}