{"id":63811,"date":"2023-12-05T16:09:20","date_gmt":"2023-12-05T15:09:20","guid":{"rendered":"https:\/\/cndestetik.ch\/prodotto\/eva-make-up-sessel\/"},"modified":"2024-03-27T09:48:44","modified_gmt":"2024-03-27T08:48:44","slug":"sessel-eva-make-up","status":"publish","type":"product","link":"https:\/\/cndestetik.ch\/de\/prodotto\/sessel-eva-make-up\/","title":{"rendered":"Eva-Make Up Sessel"},"content":{"rendered":"<p>Der Sessel ist mit einem Kippsystem mit Gasmechanismus ausgestattet, das eine Neigung von 45\u00b0 erm\u00f6glicht. Der Sitz ist \u00fcber einen Hydraulikkolben h\u00f6henverstellbar, kann um 360\u00b0 gedreht werden und ist mit einer Drehsicherung ausgestattet. Er ist mit einem ausziehbaren Kopfteil und zwei gepolsterten Armlehnen mit ausziehbaren Manik\u00fcreschalen ausgestattet. Die leicht abnehmbaren Schalen k\u00f6nnen f\u00fcr Produkte zur Gesichtsbehandlung oder Manik\u00fcre verwendet werden.<\/p>\n<p><strong>Optional:<\/strong><\/p>\n<ul>\n<li>Manik\u00fcre-Schalen (das Paar) 60 CHF<\/li>\n<\/ul>\n<p>Jede Option unterliegt Preis\u00e4nderungen im Falle eines Preisnachlasses. Geben Sie die gew\u00fcnschten Sonderausstattungen in den Kaufunterlagen an.<\/p>\n","protected":false},"excerpt":{"rendered":"<p>Der Sessel ist mit einem Kippsystem mit Gasmechanismus ausgestattet, das eine Neigung von 45\u00b0 erm\u00f6glicht.<\/p>\n","protected":false},"featured_media":63073,"template":"","meta":{"_acf_changed":false},"product_brand":[],"product_cat":[11776],"product_tag":[7012,12110,12045,7467],"class_list":{"0":"post-63811","1":"product","2":"type-product","3":"status-publish","4":"has-post-thumbnail","6":"product_cat-einrichtung","7":"product_tag-auf-de","8":"product_tag-eva-de","9":"product_tag-lehnstuhl","10":"product_tag-machen","11":"pa_optional-poltrone-sessel-mit-armlehnen","12":"pa_optional-poltrone-standard-sessel","14":"first","15":"instock","16":"taxable","17":"shipping-taxable","18":"purchasable","19":"product-type-simple"},"acf":[],"jetpack_sharing_enabled":true,"_links":{"self":[{"href":"https:\/\/cndestetik.ch\/de\/wp-json\/wp\/v2\/product\/63811","targetHints":{"allow":["GET"]}}],"collection":[{"href":"https:\/\/cndestetik.ch\/de\/wp-json\/wp\/v2\/product"}],"about":[{"href":"https:\/\/cndestetik.ch\/de\/wp-json\/wp\/v2\/types\/product"}],"wp:featuredmedia":[{"embeddable":true,"href":"https:\/\/cndestetik.ch\/de\/wp-json\/wp\/v2\/media\/63073"}],"wp:attachment":[{"href":"https:\/\/cndestetik.ch\/de\/wp-json\/wp\/v2\/media?parent=63811"}],"wp:term":[{"taxonomy":"product_brand","embeddable":true,"href":"https:\/\/cndestetik.ch\/de\/wp-json\/wp\/v2\/product_brand?post=63811"},{"taxonomy":"product_cat","embeddable":true,"href":"https:\/\/cndestetik.ch\/de\/wp-json\/wp\/v2\/product_cat?post=63811"},{"taxonomy":"product_tag","embeddable":true,"href":"https:\/\/cndestetik.ch\/de\/wp-json\/wp\/v2\/product_tag?post=63811"}],"curies":[{"name":"wp","href":"https:\/\/api.w.org\/{rel}","templated":true}]}}