{"id":63796,"date":"2023-12-05T16:38:57","date_gmt":"2023-12-05T15:38:57","guid":{"rendered":"https:\/\/cndestetik.ch\/prodotto\/make-up-sessel\/"},"modified":"2024-03-27T09:40:31","modified_gmt":"2024-03-27T08:40:31","slug":"sessel-make-up","status":"publish","type":"product","link":"https:\/\/cndestetik.ch\/de\/prodotto\/sessel-make-up\/","title":{"rendered":"Make Up Sessel"},"content":{"rendered":"<p>Praktischer Schminkstuhl mit schlichtem und elegantem Design. Er hat ein ausziehbares Kopfteil, eine um 20\u00b0 neigbare R\u00fcckenlehne, abnehmbare Armlehnen und Fu\u00dfst\u00fctzen. Der Sitz ist um 360\u00b0 drehbar und in der hydraulischen Version mit einer Verriegelung ausgestattet. H\u00f6henverstellbar mit Hydraulik- oder Gaspumpe.<\/p>\n","protected":false},"excerpt":{"rendered":"<p>Praktischer Schminkstuhl mit schlichtem und elegantem Design. Er hat ein ausziehbares Kopfteil, eine um 20\u00b0 neigbare R\u00fcckenlehne, abnehmbare Armlehnen und Fu\u00dfst\u00fctzen.<\/p>\n","protected":false},"featured_media":63103,"template":"","meta":{"_acf_changed":false},"product_brand":[],"product_cat":[11776],"product_tag":[7012,12045,7467],"class_list":{"0":"post-63796","1":"product","2":"type-product","3":"status-publish","4":"has-post-thumbnail","6":"product_cat-einrichtung","7":"product_tag-auf-de","8":"product_tag-lehnstuhl","9":"product_tag-machen","10":"pa_optional-poltrone-gasdruckfeder-armlehnen","11":"pa_optional-poltrone-gaslift","12":"pa_optional-poltrone-hydraulischer-aufzug","13":"pa_optional-poltrone-hydraulischer-lift-armlehnen","15":"first","16":"instock","17":"taxable","18":"shipping-taxable","19":"purchasable","20":"product-type-variable"},"acf":[],"jetpack_sharing_enabled":true,"_links":{"self":[{"href":"https:\/\/cndestetik.ch\/de\/wp-json\/wp\/v2\/product\/63796","targetHints":{"allow":["GET"]}}],"collection":[{"href":"https:\/\/cndestetik.ch\/de\/wp-json\/wp\/v2\/product"}],"about":[{"href":"https:\/\/cndestetik.ch\/de\/wp-json\/wp\/v2\/types\/product"}],"wp:featuredmedia":[{"embeddable":true,"href":"https:\/\/cndestetik.ch\/de\/wp-json\/wp\/v2\/media\/63103"}],"wp:attachment":[{"href":"https:\/\/cndestetik.ch\/de\/wp-json\/wp\/v2\/media?parent=63796"}],"wp:term":[{"taxonomy":"product_brand","embeddable":true,"href":"https:\/\/cndestetik.ch\/de\/wp-json\/wp\/v2\/product_brand?post=63796"},{"taxonomy":"product_cat","embeddable":true,"href":"https:\/\/cndestetik.ch\/de\/wp-json\/wp\/v2\/product_cat?post=63796"},{"taxonomy":"product_tag","embeddable":true,"href":"https:\/\/cndestetik.ch\/de\/wp-json\/wp\/v2\/product_tag?post=63796"}],"curies":[{"name":"wp","href":"https:\/\/api.w.org\/{rel}","templated":true}]}}