{"id":63790,"date":"2023-12-05T15:36:17","date_gmt":"2023-12-05T14:36:17","guid":{"rendered":"https:\/\/cndestetik.ch\/prodotto\/melbourne-sessel\/"},"modified":"2024-01-24T13:54:01","modified_gmt":"2024-01-24T12:54:01","slug":"armchair-melbourne","status":"publish","type":"product","link":"https:\/\/cndestetik.ch\/de\/prodotto\/armchair-melbourne\/","title":{"rendered":"Melbourne Sessel"},"content":{"rendered":"<p>Mehrzweck-Sessel f\u00fcr Hand- und Fu\u00dfbehandlungen, mit einem praktischen und bequemen Sitz, der \u00fcber ein 20\u00b0-Kippsystem und ein 360\u00b0-Drehsystem ohne Positionssperre verf\u00fcgt. Die Armlehnen sind gepolstert und mit 2 ausziehbaren Manik\u00fcreschalen ausgestattet.<\/p>\n<p>Erh\u00e4ltlich in 2 Versionen:<\/p>\n<p>&#8211; Mit zwei unabh\u00e4ngigen, winkelverstellbaren, ausziehbaren Podologieleggings<br \/>\nam Ende, wenn n\u00f6tig abnehmbar.<br \/>\n&#8211; Mit einer verstellbaren und abnehmbaren Beinst\u00fctze f\u00fcr podologische Behandlungen und einem Kunststofftablett<br \/>\nauf einem Liegemechanismus ruhen (um das Durcheinander zu verringern, wenn er nicht benutzt wird).<\/p>\n","protected":false},"excerpt":{"rendered":"<p>Mehrzweck-Sessel, f\u00fcr Hand- und Fu\u00dfbehandlungen, mit praktischem und bequemem Sitz<\/p>\n","protected":false},"featured_media":63034,"template":"","meta":{"_acf_changed":false},"product_brand":[],"product_cat":[11776],"product_tag":[12045,12099],"class_list":{"0":"post-63790","1":"product","2":"type-product","3":"status-publish","4":"has-post-thumbnail","6":"product_cat-einrichtung","7":"product_tag-lehnstuhl","8":"product_tag-melbourne-de","9":"pa_optional-poltrone-beinauflage","10":"pa_optional-poltrone-leggings-de","12":"first","13":"instock","14":"taxable","15":"shipping-taxable","16":"purchasable","17":"product-type-variable"},"acf":[],"jetpack_sharing_enabled":true,"_links":{"self":[{"href":"https:\/\/cndestetik.ch\/de\/wp-json\/wp\/v2\/product\/63790","targetHints":{"allow":["GET"]}}],"collection":[{"href":"https:\/\/cndestetik.ch\/de\/wp-json\/wp\/v2\/product"}],"about":[{"href":"https:\/\/cndestetik.ch\/de\/wp-json\/wp\/v2\/types\/product"}],"wp:featuredmedia":[{"embeddable":true,"href":"https:\/\/cndestetik.ch\/de\/wp-json\/wp\/v2\/media\/63034"}],"wp:attachment":[{"href":"https:\/\/cndestetik.ch\/de\/wp-json\/wp\/v2\/media?parent=63790"}],"wp:term":[{"taxonomy":"product_brand","embeddable":true,"href":"https:\/\/cndestetik.ch\/de\/wp-json\/wp\/v2\/product_brand?post=63790"},{"taxonomy":"product_cat","embeddable":true,"href":"https:\/\/cndestetik.ch\/de\/wp-json\/wp\/v2\/product_cat?post=63790"},{"taxonomy":"product_tag","embeddable":true,"href":"https:\/\/cndestetik.ch\/de\/wp-json\/wp\/v2\/product_tag?post=63790"}],"curies":[{"name":"wp","href":"https:\/\/api.w.org\/{rel}","templated":true}]}}