{"id":63717,"date":"2023-12-06T14:08:17","date_gmt":"2023-12-06T13:08:17","guid":{"rendered":"https:\/\/cndestetik.ch\/prodotto\/tokio-sessel\/"},"modified":"2024-03-27T09:37:23","modified_gmt":"2024-03-27T08:37:23","slug":"sessel-tokyo","status":"publish","type":"product","link":"https:\/\/cndestetik.ch\/de\/prodotto\/sessel-tokyo\/","title":{"rendered":"Tokio Sessel"},"content":{"rendered":"<p>Ein multifunktionaler Sessel mit 4 Motoren, der sich an viele Behandlungsarten anpasst und dem Behandler ideale Arbeitspositionen bietet. Sie besteht aus 4 separat verstellbaren Teilen (Kopfst\u00fctze, R\u00fcckenlehne, Sitzfl\u00e4che und Beinauflage) zur pr\u00e4zisen Einstellung der Liege. Alle Einstellungen, mit Ausnahme der Kopfst\u00fctzen- und Beinst\u00fctzenverl\u00e4ngerung, werden elektrisch mit einer Fernbedienung vorgenommen:<\/p>\n<p>&#8211; Die Beinst\u00fctze ist von der Horizontalen in die Vertikale verstellbar (und umgekehrt)<br \/>\n&#8211; Die Armlehnen sind mit der Bewegung der R\u00fcckenlehne synchronisiert und k\u00f6nnen auch umgeklappt werden, um dem Kunden das Ein- und Aussteigen zu erleichtern oder den Komfort in R\u00fcckenlage zu erh\u00f6hen.<br \/>\n&#8211; Die H\u00f6he ist einstellbar von 57 cm bis 101 cm<br \/>\n&#8211; Anatomische Polsterung, bezogen mit feuerfestem \u00d6ko-Leder der Klasse M1.<\/p>\n<p><strong>Optional:<\/strong><\/p>\n<ul>\n<li>Kopfteil mit Loch 190 CHF<\/li>\n<li>Kabellose Fusssteuerung 290 CHF<\/li>\n<li>Rollenhalter 90 CHF<\/li>\n<\/ul>\n<p>Jede Option unterliegt Preis\u00e4nderungen im Falle eines Preisnachlasses. Geben Sie die gew\u00fcnschten Sonderausstattungen in den Kaufunterlagen an.<\/p>\n","protected":false},"excerpt":{"rendered":"<p>Ein multifunktionaler Sessel mit 4 Motoren, der sich an viele Behandlungsarten anpasst und dem Behandler ideale Arbeitspositionen bietet.<\/p>\n","protected":false},"featured_media":63704,"template":"","meta":{"_acf_changed":false},"product_brand":[],"product_cat":[11776],"product_tag":[12045,12068],"class_list":{"0":"post-63717","1":"product","2":"type-product","3":"status-publish","4":"has-post-thumbnail","6":"product_cat-einrichtung","7":"product_tag-lehnstuhl","8":"product_tag-tokio","9":"pa_optional-poltrone-1-motor-de","10":"pa_optional-poltrone-2-motoren","12":"first","13":"instock","14":"taxable","15":"shipping-taxable","16":"purchasable","17":"product-type-simple"},"acf":[],"jetpack_sharing_enabled":true,"_links":{"self":[{"href":"https:\/\/cndestetik.ch\/de\/wp-json\/wp\/v2\/product\/63717","targetHints":{"allow":["GET"]}}],"collection":[{"href":"https:\/\/cndestetik.ch\/de\/wp-json\/wp\/v2\/product"}],"about":[{"href":"https:\/\/cndestetik.ch\/de\/wp-json\/wp\/v2\/types\/product"}],"wp:featuredmedia":[{"embeddable":true,"href":"https:\/\/cndestetik.ch\/de\/wp-json\/wp\/v2\/media\/63704"}],"wp:attachment":[{"href":"https:\/\/cndestetik.ch\/de\/wp-json\/wp\/v2\/media?parent=63717"}],"wp:term":[{"taxonomy":"product_brand","embeddable":true,"href":"https:\/\/cndestetik.ch\/de\/wp-json\/wp\/v2\/product_brand?post=63717"},{"taxonomy":"product_cat","embeddable":true,"href":"https:\/\/cndestetik.ch\/de\/wp-json\/wp\/v2\/product_cat?post=63717"},{"taxonomy":"product_tag","embeddable":true,"href":"https:\/\/cndestetik.ch\/de\/wp-json\/wp\/v2\/product_tag?post=63717"}],"curies":[{"name":"wp","href":"https:\/\/api.w.org\/{rel}","templated":true}]}}