{"id":63576,"date":"2023-12-06T13:23:58","date_gmt":"2023-12-06T12:23:58","guid":{"rendered":"https:\/\/cndestetik.ch\/prodotto\/qbo-tabelle\/"},"modified":"2025-02-11T08:52:54","modified_gmt":"2025-02-11T07:52:54","slug":"tabelle-qbo","status":"publish","type":"product","link":"https:\/\/cndestetik.ch\/de\/prodotto\/tabelle-qbo\/","title":{"rendered":"QBO-Tabelle"},"content":{"rendered":"<p>Manik\u00fcre-Beistelltisch aus melaminbeschichtetem Holz mit zweifarbiger Lackierung. Im oberen Teil des Schranks befinden sich 2 kleine Einlegeb\u00f6den f\u00fcr h\u00e4ufig verwendete Produkte und ein Fach mit einer T\u00fcr. Der untere Teil hat eine Schublade und ein Fach mit einer T\u00fcr. Ergonomische Arbeitsfl\u00e4che.<\/p>\n<p><strong>Optional:<\/strong><\/p>\n<ul>\n<li>Handauflage Kissen 32 CHF<\/li>\n<li>Led-Lampe 98 CHF<\/li>\n<li>Absaugvorrichtung 226 CHF<\/li>\n<\/ul>\n<p>Jede Option unterliegt Preis\u00e4nderungen im Falle eines Preisnachlasses. Geben Sie die gew\u00fcnschten Sonderausstattungen in den Kaufunterlagen an.<\/p>\n","protected":false},"excerpt":{"rendered":"<p>Manik\u00fcre-Beistelltisch aus melaminbeschichtetem Holz mit zweifarbiger Lackierung. Im oberen Teil des Schranks befinden sich 2 kleine Einlegeb\u00f6den f\u00fcr h\u00e4ufig verwendete Produkte und ein Fach mit einer T\u00fcr.<\/p>\n","protected":false},"featured_media":64113,"template":"","meta":{"_acf_changed":false},"product_brand":[],"product_cat":[11776],"product_tag":[12027],"class_list":{"0":"post-63576","1":"product","2":"type-product","3":"status-publish","4":"has-post-thumbnail","6":"product_cat-einrichtung","7":"product_tag-qbo-de","8":"pa_tavolo-doppelter-tisch","9":"pa_tavolo-doppeltisch-mit-schubladen-und-aufsatzvitrine","10":"pa_tavolo-einzelne-tabelle","11":"pa_tavolo-einzeltisch-mit-schubladen-und-aufsatzvitrine","13":"first","14":"instock","15":"taxable","16":"shipping-taxable","17":"purchasable","18":"product-type-variable"},"acf":[],"jetpack_sharing_enabled":true,"_links":{"self":[{"href":"https:\/\/cndestetik.ch\/de\/wp-json\/wp\/v2\/product\/63576","targetHints":{"allow":["GET"]}}],"collection":[{"href":"https:\/\/cndestetik.ch\/de\/wp-json\/wp\/v2\/product"}],"about":[{"href":"https:\/\/cndestetik.ch\/de\/wp-json\/wp\/v2\/types\/product"}],"wp:featuredmedia":[{"embeddable":true,"href":"https:\/\/cndestetik.ch\/de\/wp-json\/wp\/v2\/media\/64113"}],"wp:attachment":[{"href":"https:\/\/cndestetik.ch\/de\/wp-json\/wp\/v2\/media?parent=63576"}],"wp:term":[{"taxonomy":"product_brand","embeddable":true,"href":"https:\/\/cndestetik.ch\/de\/wp-json\/wp\/v2\/product_brand?post=63576"},{"taxonomy":"product_cat","embeddable":true,"href":"https:\/\/cndestetik.ch\/de\/wp-json\/wp\/v2\/product_cat?post=63576"},{"taxonomy":"product_tag","embeddable":true,"href":"https:\/\/cndestetik.ch\/de\/wp-json\/wp\/v2\/product_tag?post=63576"}],"curies":[{"name":"wp","href":"https:\/\/api.w.org\/{rel}","templated":true}]}}