{"id":63555,"date":"2023-12-06T13:11:07","date_gmt":"2023-12-06T12:11:07","guid":{"rendered":"https:\/\/cndestetik.ch\/prodotto\/wellentisch\/"},"modified":"2025-02-11T08:52:50","modified_gmt":"2025-02-11T07:52:50","slug":"tisch-welle","status":"publish","type":"product","link":"https:\/\/cndestetik.ch\/de\/prodotto\/tisch-welle\/","title":{"rendered":"Wellentisch"},"content":{"rendered":"<p>Manicure Couchtisch aus melaminbeschichtetem Holz mit zweifarbiger Lackierung, erh\u00e4ltlich in 2 Ausf\u00fchrungen:<\/p>\n<ul>\n<li>Einzelstation: ausgestattet mit einer Schubladeneinheit auf R\u00e4dern mit 3 Schubladen, n\u00fctzlich f\u00fcr die Unterbringung von Produkten oder Arbeitsger\u00e4ten. Ergonomische Arbeitsfl\u00e4che.<\/li>\n<li>Doppelstation: ausgestattet mit 2 Seitenschr\u00e4nken mit je 2 Schubladen und einem zentralen Fach mit Fl\u00fcgelt\u00fcr. Der Arbeitstisch ist ergonomisch gestaltet und bietet Platz f\u00fcr vier UV-Lampen.<\/li>\n<\/ul>\n<p><strong>Optional:<\/strong><\/p>\n<ul>\n<li>Handauflage Kissen 32 CHF<\/li>\n<li>Led-Lampe 98 CHF<\/li>\n<li>Absaugvorrichtung 226 CHF<\/li>\n<\/ul>\n<p>Jede Option unterliegt Preis\u00e4nderungen im Falle eines Preisnachlasses. Geben Sie die gew\u00fcnschten Sonderausstattungen in den Kaufunterlagen an.<\/p>\n","protected":false},"excerpt":{"rendered":"<p>Manicure Couchtisch aus melaminbeschichtetem Holz mit zweifarbiger Lackierung, erh\u00e4ltlich in 2 Ausf\u00fchrungen.<\/p>\n","protected":false},"featured_media":63538,"template":"","meta":{"_acf_changed":false},"product_brand":[],"product_cat":[11776],"product_tag":[10898,12015],"class_list":{"0":"post-63555","1":"product","2":"type-product","3":"status-publish","4":"has-post-thumbnail","6":"product_cat-einrichtung","7":"product_tag-tabelle-de","8":"product_tag-welle-de","9":"pa_tavolo-doppelter-tisch","10":"pa_tavolo-einzelne-tabelle","12":"first","13":"instock","14":"taxable","15":"shipping-taxable","16":"purchasable","17":"product-type-variable"},"acf":[],"jetpack_sharing_enabled":true,"_links":{"self":[{"href":"https:\/\/cndestetik.ch\/de\/wp-json\/wp\/v2\/product\/63555","targetHints":{"allow":["GET"]}}],"collection":[{"href":"https:\/\/cndestetik.ch\/de\/wp-json\/wp\/v2\/product"}],"about":[{"href":"https:\/\/cndestetik.ch\/de\/wp-json\/wp\/v2\/types\/product"}],"wp:featuredmedia":[{"embeddable":true,"href":"https:\/\/cndestetik.ch\/de\/wp-json\/wp\/v2\/media\/63538"}],"wp:attachment":[{"href":"https:\/\/cndestetik.ch\/de\/wp-json\/wp\/v2\/media?parent=63555"}],"wp:term":[{"taxonomy":"product_brand","embeddable":true,"href":"https:\/\/cndestetik.ch\/de\/wp-json\/wp\/v2\/product_brand?post=63555"},{"taxonomy":"product_cat","embeddable":true,"href":"https:\/\/cndestetik.ch\/de\/wp-json\/wp\/v2\/product_cat?post=63555"},{"taxonomy":"product_tag","embeddable":true,"href":"https:\/\/cndestetik.ch\/de\/wp-json\/wp\/v2\/product_tag?post=63555"}],"curies":[{"name":"wp","href":"https:\/\/api.w.org\/{rel}","templated":true}]}}