{"id":63525,"date":"2023-12-06T11:30:18","date_gmt":"2023-12-06T10:30:18","guid":{"rendered":"https:\/\/cndestetik.ch\/prodotto\/waschtischeinheit\/"},"modified":"2024-01-23T14:23:23","modified_gmt":"2024-01-23T13:23:23","slug":"waschtischmobel","status":"publish","type":"product","link":"https:\/\/cndestetik.ch\/de\/prodotto\/waschtischmobel\/","title":{"rendered":"Waschtischeinheit"},"content":{"rendered":"<p>Lassen Sie Ihre W\u00e4nde nicht ungenutzt. Mit diesen Displays k\u00f6nnen Sie Ihre Produkte hervorheben. Wir haben mehrere Modelle, die mit unseren Betten koordiniert werden k\u00f6nnen. Alle Modelle k\u00f6nnen vertikal oder horizontal installiert werden. Technischer Serviceschrank mit 2 stapelbaren Modulen.<\/p>\n<p>Beide Module sind mit einer Schublade mit Soft-Close-Mechanismus ausgestattet, das obere Modul ist mit einem Waschbecken aus Edelstahl ausgestattet (Armaturen ausgeschlossen). Der Schrank kann mit 2 kleinen Regalen und einem Spiegel kombiniert werden.<\/p>\n","protected":false},"excerpt":{"rendered":"<p>Lassen Sie Ihre W\u00e4nde nicht ungenutzt. Mit diesen Displays k\u00f6nnen Sie Ihre Produkte hervorheben. Wir haben mehrere Modelle, die mit unseren Betten koordiniert werden k\u00f6nnen.<\/p>\n","protected":false},"featured_media":63518,"template":"","meta":{"_acf_changed":false},"product_brand":[],"product_cat":[11776],"product_tag":[12001,12002,12003],"class_list":{"0":"post-63525","1":"product","2":"type-product","3":"status-publish","4":"has-post-thumbnail","6":"product_cat-einrichtung","7":"product_tag-mobil","8":"product_tag-waschbecken","9":"product_tag-waschbecken-de","11":"first","12":"instock","13":"taxable","14":"shipping-taxable","15":"purchasable","16":"product-type-simple"},"acf":[],"jetpack_sharing_enabled":true,"_links":{"self":[{"href":"https:\/\/cndestetik.ch\/de\/wp-json\/wp\/v2\/product\/63525","targetHints":{"allow":["GET"]}}],"collection":[{"href":"https:\/\/cndestetik.ch\/de\/wp-json\/wp\/v2\/product"}],"about":[{"href":"https:\/\/cndestetik.ch\/de\/wp-json\/wp\/v2\/types\/product"}],"wp:featuredmedia":[{"embeddable":true,"href":"https:\/\/cndestetik.ch\/de\/wp-json\/wp\/v2\/media\/63518"}],"wp:attachment":[{"href":"https:\/\/cndestetik.ch\/de\/wp-json\/wp\/v2\/media?parent=63525"}],"wp:term":[{"taxonomy":"product_brand","embeddable":true,"href":"https:\/\/cndestetik.ch\/de\/wp-json\/wp\/v2\/product_brand?post=63525"},{"taxonomy":"product_cat","embeddable":true,"href":"https:\/\/cndestetik.ch\/de\/wp-json\/wp\/v2\/product_cat?post=63525"},{"taxonomy":"product_tag","embeddable":true,"href":"https:\/\/cndestetik.ch\/de\/wp-json\/wp\/v2\/product_tag?post=63525"}],"curies":[{"name":"wp","href":"https:\/\/api.w.org\/{rel}","templated":true}]}}