{"id":63486,"date":"2023-12-06T11:09:43","date_gmt":"2023-12-06T10:09:43","guid":{"rendered":"https:\/\/cndestetik.ch\/prodotto\/empfangstheke\/"},"modified":"2024-01-12T15:14:41","modified_gmt":"2024-01-12T14:14:41","slug":"gegenempfang","status":"publish","type":"product","link":"https:\/\/cndestetik.ch\/de\/prodotto\/gegenempfang\/","title":{"rendered":"Empfangstheke"},"content":{"rendered":"<p>Empfangstheke mit einer abschlie\u00dfbaren Schublade, einem ausziehbaren Regal, einem Fach mit einer T\u00fcr und einem Regal, das in verschiedenen H\u00f6hen positioniert werden kann.<br \/>\nDer Z\u00e4hler kann mit einem linken und einem rechten Modul erg\u00e4nzt werden. Die Module haben ein offenes Fach und ein Fach mit einer T\u00fcr.<\/p>\n","protected":false},"excerpt":{"rendered":"<p>Empfangstheke mit einer abschlie\u00dfbaren Schublade, einem ausziehbaren Regal, einem Fach mit einer T\u00fcr und einem Regal, das in verschiedenen H\u00f6hen positioniert werden kann.<\/p>\n","protected":false},"featured_media":63451,"template":"","meta":{"_acf_changed":false},"product_brand":[],"product_cat":[11776],"product_tag":[11978,11977],"class_list":{"0":"post-63486","1":"product","2":"type-product","3":"status-publish","4":"has-post-thumbnail","6":"product_cat-einrichtung","7":"product_tag-bank-de","8":"product_tag-empfang","9":"pa_banco-antragsformular","10":"pa_banco-rechtsseitiges-modul","11":"pa_banco-zentrales-modul","13":"first","14":"instock","15":"taxable","16":"shipping-taxable","17":"purchasable","18":"product-type-variable"},"acf":[],"jetpack_sharing_enabled":true,"_links":{"self":[{"href":"https:\/\/cndestetik.ch\/de\/wp-json\/wp\/v2\/product\/63486","targetHints":{"allow":["GET"]}}],"collection":[{"href":"https:\/\/cndestetik.ch\/de\/wp-json\/wp\/v2\/product"}],"about":[{"href":"https:\/\/cndestetik.ch\/de\/wp-json\/wp\/v2\/types\/product"}],"wp:featuredmedia":[{"embeddable":true,"href":"https:\/\/cndestetik.ch\/de\/wp-json\/wp\/v2\/media\/63451"}],"wp:attachment":[{"href":"https:\/\/cndestetik.ch\/de\/wp-json\/wp\/v2\/media?parent=63486"}],"wp:term":[{"taxonomy":"product_brand","embeddable":true,"href":"https:\/\/cndestetik.ch\/de\/wp-json\/wp\/v2\/product_brand?post=63486"},{"taxonomy":"product_cat","embeddable":true,"href":"https:\/\/cndestetik.ch\/de\/wp-json\/wp\/v2\/product_cat?post=63486"},{"taxonomy":"product_tag","embeddable":true,"href":"https:\/\/cndestetik.ch\/de\/wp-json\/wp\/v2\/product_tag?post=63486"}],"curies":[{"name":"wp","href":"https:\/\/api.w.org\/{rel}","templated":true}]}}