{"id":63245,"date":"2023-12-06T09:25:04","date_gmt":"2023-12-06T08:25:04","guid":{"rendered":"https:\/\/cndestetik.ch\/prodotto\/quadra-wagen\/"},"modified":"2024-05-21T09:56:30","modified_gmt":"2024-05-21T07:56:30","slug":"trolley-quad","status":"publish","type":"product","link":"https:\/\/cndestetik.ch\/de\/prodotto\/trolley-quad\/","title":{"rendered":"Quadra-Wagen"},"content":{"rendered":"<p>Mehrzweckwagen mit Rollen, mit einer Schublade und 3 F\u00e4chern oder 2 F\u00e4chern und 2 Schubladen. Der Zwischenboden kann in 5 verschiedenen H\u00f6hen positioniert werden. Furnierte Holzstruktur mit zweifarbiger Oberfl\u00e4che.<\/p>\n<p>Hervorragende Erg\u00e4nzung zum Kinderbett QUADRA<\/p>\n","protected":false},"excerpt":{"rendered":"<p>Mehrzweckwagen mit Rollen, mit einer Schublade und 3 F\u00e4chern oder 2 F\u00e4chern und 2 Schubladen. Der Zwischenboden kann in 5 verschiedenen H\u00f6hen positioniert werden.<\/p>\n","protected":false},"featured_media":63238,"template":"","meta":{"_acf_changed":false},"product_brand":[],"product_cat":[11776],"product_tag":[11777,11898],"class_list":{"0":"post-63245","1":"product","2":"type-product","3":"status-publish","4":"has-post-thumbnail","6":"product_cat-einrichtung","7":"product_tag-platz","8":"product_tag-wagen","9":"pa_carrello-2-einlegeboden-2-schubladen","10":"pa_carrello-3-einlegeboden-1-schublade","12":"first","13":"instock","14":"taxable","15":"shipping-taxable","16":"purchasable","17":"product-type-variable"},"acf":[],"jetpack_sharing_enabled":true,"_links":{"self":[{"href":"https:\/\/cndestetik.ch\/de\/wp-json\/wp\/v2\/product\/63245","targetHints":{"allow":["GET"]}}],"collection":[{"href":"https:\/\/cndestetik.ch\/de\/wp-json\/wp\/v2\/product"}],"about":[{"href":"https:\/\/cndestetik.ch\/de\/wp-json\/wp\/v2\/types\/product"}],"wp:featuredmedia":[{"embeddable":true,"href":"https:\/\/cndestetik.ch\/de\/wp-json\/wp\/v2\/media\/63238"}],"wp:attachment":[{"href":"https:\/\/cndestetik.ch\/de\/wp-json\/wp\/v2\/media?parent=63245"}],"wp:term":[{"taxonomy":"product_brand","embeddable":true,"href":"https:\/\/cndestetik.ch\/de\/wp-json\/wp\/v2\/product_brand?post=63245"},{"taxonomy":"product_cat","embeddable":true,"href":"https:\/\/cndestetik.ch\/de\/wp-json\/wp\/v2\/product_cat?post=63245"},{"taxonomy":"product_tag","embeddable":true,"href":"https:\/\/cndestetik.ch\/de\/wp-json\/wp\/v2\/product_tag?post=63245"}],"curies":[{"name":"wp","href":"https:\/\/api.w.org\/{rel}","templated":true}]}}