{"id":63231,"date":"2023-12-05T16:47:03","date_gmt":"2023-12-05T15:47:03","guid":{"rendered":"https:\/\/cndestetik.ch\/prodotto\/benzinhocker\/"},"modified":"2024-01-23T14:50:04","modified_gmt":"2024-01-23T13:50:04","slug":"hocker-a-gas","status":"publish","type":"product","link":"https:\/\/cndestetik.ch\/de\/prodotto\/hocker-a-gas\/","title":{"rendered":"Benzinhocker"},"content":{"rendered":"<p>Der Hocker mit runder R\u00fcckenlehne und abwaschbarem Kunstlederbezug ist mit 5 Rollen ausgestattet. Die H\u00f6he ist durch einen Gasmechanismus einstellbar. Erh\u00e4ltlich in 2 verschiedenen H\u00f6hen.<\/p>\n<p>&#8211; 45 bis 58 cm<br \/>\n&#8211; 52 bis 70 cm<\/p>\n<p><strong>Optional:<\/strong><\/p>\n<ul>\n<li>Kreisf\u00f6rmige Fussst\u00fctze aus Edelstahl 62 CHF<\/li>\n<li>Verchromter Sockel Durchmesser 40cm 62 CHF<\/li>\n<\/ul>\n<p>Jede Option unterliegt Preis\u00e4nderungen im Falle eines Preisnachlasses. Geben Sie die gew\u00fcnschten Sonderausstattungen in den Kaufunterlagen an.<\/p>\n","protected":false},"excerpt":{"rendered":"<p>Der Hocker mit runder R\u00fcckenlehne und abwaschbarem Kunstlederbezug ist mit 5 Rollen ausgestattet. Die H\u00f6he ist durch einen Gasmechanismus einstellbar.<\/p>\n","protected":false},"featured_media":63120,"template":"","meta":{"_acf_changed":false},"product_brand":[],"product_cat":[11776],"product_tag":[11005],"class_list":{"0":"post-63231","1":"product","2":"type-product","3":"status-publish","4":"has-post-thumbnail","6":"product_cat-einrichtung","7":"product_tag-hocker","8":"pa_optional-sgabello-hoher-hocker","9":"pa_optional-sgabello-mittlerer-hocker","11":"first","12":"instock","13":"taxable","14":"shipping-taxable","15":"purchasable","16":"product-type-variable"},"acf":[],"jetpack_sharing_enabled":true,"_links":{"self":[{"href":"https:\/\/cndestetik.ch\/de\/wp-json\/wp\/v2\/product\/63231","targetHints":{"allow":["GET"]}}],"collection":[{"href":"https:\/\/cndestetik.ch\/de\/wp-json\/wp\/v2\/product"}],"about":[{"href":"https:\/\/cndestetik.ch\/de\/wp-json\/wp\/v2\/types\/product"}],"wp:featuredmedia":[{"embeddable":true,"href":"https:\/\/cndestetik.ch\/de\/wp-json\/wp\/v2\/media\/63120"}],"wp:attachment":[{"href":"https:\/\/cndestetik.ch\/de\/wp-json\/wp\/v2\/media?parent=63231"}],"wp:term":[{"taxonomy":"product_brand","embeddable":true,"href":"https:\/\/cndestetik.ch\/de\/wp-json\/wp\/v2\/product_brand?post=63231"},{"taxonomy":"product_cat","embeddable":true,"href":"https:\/\/cndestetik.ch\/de\/wp-json\/wp\/v2\/product_cat?post=63231"},{"taxonomy":"product_tag","embeddable":true,"href":"https:\/\/cndestetik.ch\/de\/wp-json\/wp\/v2\/product_tag?post=63231"}],"curies":[{"name":"wp","href":"https:\/\/api.w.org\/{rel}","templated":true}]}}