{"id":63158,"date":"2023-12-05T16:50:50","date_gmt":"2023-12-05T15:50:50","guid":{"rendered":"https:\/\/cndestetik.ch\/prodotto\/gasbetriebener-sessel\/"},"modified":"2023-12-06T14:47:12","modified_gmt":"2023-12-06T13:47:12","slug":"stuhl-auf-gas","status":"publish","type":"product","link":"https:\/\/cndestetik.ch\/de\/prodotto\/stuhl-auf-gas\/","title":{"rendered":"Gasbetriebener Sessel"},"content":{"rendered":"<p>Der bequeme, mit abwaschbarem Kunstleder gepolsterte Hocker hat 5 Rollen und eine praktische R\u00fcckenlehne. Die H\u00f6he ist durch einen Gasmechanismus einstellbar. Erh\u00e4ltlich in 2 verschiedenen H\u00f6hen.<\/p>\n<p><strong>Optional:<\/strong><\/p>\n<ul>\n<li>Runde Fussst\u00fctze aus rostfreiem Stahl 50 CHF<\/li>\n<li>Verchromter Sockel Durchmesser 40cm 50 CHF<\/li>\n<\/ul>\n<p>Jede Option unterliegt Preis\u00e4nderungen im Falle eines Preisnachlasses. Geben Sie die gew\u00fcnschten Sonderausstattungen in den Kaufunterlagen an.<\/p>\n<p>&#8211; 45 bis 58 cm<br \/>\n&#8211; 52 bis 70 cm<\/p>\n","protected":false},"excerpt":{"rendered":"<p>Der bequeme, mit abwaschbarem Kunstleder gepolsterte Hocker hat 5 Rollen und eine praktische R\u00fcckenlehne. Die H\u00f6he ist durch einen Gasmechanismus einstellbar.<\/p>\n","protected":false},"featured_media":63141,"template":"","meta":{"_acf_changed":false},"product_brand":[],"product_cat":[11776],"product_tag":[11007,11887,11006],"class_list":{"0":"post-63158","1":"product","2":"type-product","3":"status-publish","4":"has-post-thumbnail","6":"product_cat-einrichtung","7":"product_tag-einstellbar","8":"product_tag-gas-de","9":"product_tag-stuhl","10":"pa_optional-sgabello-hochstuhl","11":"pa_optional-sgabello-stuhl-medium","13":"first","14":"instock","15":"taxable","16":"shipping-taxable","17":"purchasable","18":"product-type-variable"},"acf":[],"jetpack_sharing_enabled":true,"_links":{"self":[{"href":"https:\/\/cndestetik.ch\/de\/wp-json\/wp\/v2\/product\/63158","targetHints":{"allow":["GET"]}}],"collection":[{"href":"https:\/\/cndestetik.ch\/de\/wp-json\/wp\/v2\/product"}],"about":[{"href":"https:\/\/cndestetik.ch\/de\/wp-json\/wp\/v2\/types\/product"}],"wp:featuredmedia":[{"embeddable":true,"href":"https:\/\/cndestetik.ch\/de\/wp-json\/wp\/v2\/media\/63141"}],"wp:attachment":[{"href":"https:\/\/cndestetik.ch\/de\/wp-json\/wp\/v2\/media?parent=63158"}],"wp:term":[{"taxonomy":"product_brand","embeddable":true,"href":"https:\/\/cndestetik.ch\/de\/wp-json\/wp\/v2\/product_brand?post=63158"},{"taxonomy":"product_cat","embeddable":true,"href":"https:\/\/cndestetik.ch\/de\/wp-json\/wp\/v2\/product_cat?post=63158"},{"taxonomy":"product_tag","embeddable":true,"href":"https:\/\/cndestetik.ch\/de\/wp-json\/wp\/v2\/product_tag?post=63158"}],"curies":[{"name":"wp","href":"https:\/\/api.w.org\/{rel}","templated":true}]}}