{"id":62325,"date":"2023-11-28T10:01:43","date_gmt":"2023-11-28T09:01:43","guid":{"rendered":"https:\/\/cndestetik.ch\/prodotto\/quadra-kinderbett\/"},"modified":"2024-03-27T11:13:24","modified_gmt":"2024-03-27T10:13:24","slug":"kinderbett","status":"publish","type":"product","link":"https:\/\/cndestetik.ch\/de\/prodotto\/kinderbett\/","title":{"rendered":"Quadra-Kinderbett"},"content":{"rendered":"<p>Liege f\u00fcr Spa und Beauty Farm, mit R\u00fccken- und Beinh\u00f6henverstellung \u00fcber elektrische Niederspannungsantriebe, die per Fernbedienung gesteuert werden. Er ist mit einem Gesichtsloch und einem Rollenhalter ausgestattet. Die Matratze hat einen Komforteffekt und besteht aus Gummi mit doppelter Dichte, das mit feuerfestem \u00d6ko-Leder der Klasse M1 bezogen ist. Der Sockel besteht aus melaminharzbeschichtetem Holz und ist mit einer Schublade mit Vollauszug ausgestattet.<\/p>\n<p><strong>Optional:<\/strong><\/p>\n<ul>\n<li>Kabellose Fusssteuerung 290 CHF<\/li>\n<li>Matratze mit Heizung 310 CHF<\/li>\n<li>Armlehnen (nur bei der 80 cm breiten Matratze) 340 CHF<\/li>\n<li>Kundenspezifische Matratzenma\u00dfe (auf Anfrage)<\/li>\n<\/ul>\n<p>Jede Option unterliegt Preis\u00e4nderungen im Falle eines Preisnachlasses. Geben Sie die gew\u00fcnschten Sonderausstattungen in den Kaufunterlagen an.<\/p>\n","protected":false},"excerpt":{"rendered":"<p>Bett aus Holz mit Gesichtsloch. Mit Schublade. Elektrische H\u00f6henverstellung &#8211; R\u00fcckenlehne und Beine.<\/p>\n","protected":false},"featured_media":62320,"template":"","meta":{"_acf_changed":false},"product_brand":[],"product_cat":[11776],"product_tag":[11779,757,1156,11777],"class_list":{"0":"post-62325","1":"product","2":"type-product","3":"status-publish","4":"has-post-thumbnail","6":"product_cat-einrichtung","7":"product_tag-drahtlos","8":"product_tag-gesicht","9":"product_tag-liegestuhl","10":"product_tag-platz","11":"pa_lettino-kinderbett-kabellose-fussteuerung","12":"pa_lettino-standard-bettchen","14":"first","15":"instock","16":"taxable","17":"shipping-taxable","18":"purchasable","19":"product-type-simple"},"acf":[],"jetpack_sharing_enabled":true,"_links":{"self":[{"href":"https:\/\/cndestetik.ch\/de\/wp-json\/wp\/v2\/product\/62325","targetHints":{"allow":["GET"]}}],"collection":[{"href":"https:\/\/cndestetik.ch\/de\/wp-json\/wp\/v2\/product"}],"about":[{"href":"https:\/\/cndestetik.ch\/de\/wp-json\/wp\/v2\/types\/product"}],"wp:featuredmedia":[{"embeddable":true,"href":"https:\/\/cndestetik.ch\/de\/wp-json\/wp\/v2\/media\/62320"}],"wp:attachment":[{"href":"https:\/\/cndestetik.ch\/de\/wp-json\/wp\/v2\/media?parent=62325"}],"wp:term":[{"taxonomy":"product_brand","embeddable":true,"href":"https:\/\/cndestetik.ch\/de\/wp-json\/wp\/v2\/product_brand?post=62325"},{"taxonomy":"product_cat","embeddable":true,"href":"https:\/\/cndestetik.ch\/de\/wp-json\/wp\/v2\/product_cat?post=62325"},{"taxonomy":"product_tag","embeddable":true,"href":"https:\/\/cndestetik.ch\/de\/wp-json\/wp\/v2\/product_tag?post=62325"}],"curies":[{"name":"wp","href":"https:\/\/api.w.org\/{rel}","templated":true}]}}