{"id":61025,"date":"2024-09-30T14:11:09","date_gmt":"2024-09-30T12:11:09","guid":{"rendered":"https:\/\/cndestetik.ch\/prodotto\/heiligabend-kraeutertee\/"},"modified":"2024-09-30T14:11:55","modified_gmt":"2024-09-30T12:11:55","slug":"krautertee-weihnachtsnacht","status":"publish","type":"product","link":"https:\/\/cndestetik.ch\/de\/prodotto\/krautertee-weihnachtsnacht\/","title":{"rendered":"Heiligabend-Kr\u00e4utertee"},"content":{"rendered":"<p>Er ist zart und aromatisch und hat einen sehr angenehmen Geschmack, der f\u00fcr die ganze Familie geeignet ist. Ideal f\u00fcr die Weihnachtsnacht und alle Festtage, w\u00e4rmt das Herz und entspannt. Gepr\u00e4gt von Zimt und den mildernden Noten all seiner Bestandteile. Hervorragend geeignet f\u00fcr Ihr spezielles Weihnachtsmen\u00fc und Ihre Geschenkideen. <strong>Zutaten: <\/strong>Gr\u00fcner Tee, Apfelst\u00fccke, Zimtst\u00fccke, Sternanis, Rote Bete, Mandeln, Granatapfelkerne.<\/p>\n","protected":false},"excerpt":{"rendered":"<p>Er ist zart und aromatisch und hat einen sehr angenehmen Geschmack, der f\u00fcr die ganze Familie geeignet ist. Ideal f\u00fcr die Weihnachtsnacht und alle Festtage, w\u00e4rmt das Herz und entspannt.<\/p>\n","protected":false},"featured_media":61021,"template":"","meta":{"_acf_changed":false},"product_brand":[],"product_cat":[11580,1995],"product_tag":[4317,11600,11603,8991,4754,11611,2005,2007,608,11597,11609,11606,9535,7737,7738,530],"class_list":{"0":"post-61025","1":"product","2":"type-product","3":"status-publish","4":"has-post-thumbnail","6":"product_cat-weihnachten-de","7":"product_cat-wellness-krautertees","8":"product_tag-anis","9":"product_tag-apfel-de","10":"product_tag-brocken","11":"product_tag-granatapfel","12":"product_tag-grun","13":"product_tag-korner","14":"product_tag-krautertee","15":"product_tag-krautertees","16":"product_tag-mandeln","17":"product_tag-nachta","18":"product_tag-rote-bete","19":"product_tag-sternchen","20":"product_tag-tee-de","21":"product_tag-weihnachten-de","22":"product_tag-weihnachten-de-2","23":"product_tag-zimt","24":"pa_pacchetto-12-pakete","25":"pa_pacchetto-24-pakete","26":"pa_pacchetto-36-pakete","28":"first","29":"instock","30":"taxable","31":"shipping-taxable","32":"purchasable","33":"product-type-variable"},"acf":[],"jetpack_sharing_enabled":true,"_links":{"self":[{"href":"https:\/\/cndestetik.ch\/de\/wp-json\/wp\/v2\/product\/61025","targetHints":{"allow":["GET"]}}],"collection":[{"href":"https:\/\/cndestetik.ch\/de\/wp-json\/wp\/v2\/product"}],"about":[{"href":"https:\/\/cndestetik.ch\/de\/wp-json\/wp\/v2\/types\/product"}],"wp:featuredmedia":[{"embeddable":true,"href":"https:\/\/cndestetik.ch\/de\/wp-json\/wp\/v2\/media\/61021"}],"wp:attachment":[{"href":"https:\/\/cndestetik.ch\/de\/wp-json\/wp\/v2\/media?parent=61025"}],"wp:term":[{"taxonomy":"product_brand","embeddable":true,"href":"https:\/\/cndestetik.ch\/de\/wp-json\/wp\/v2\/product_brand?post=61025"},{"taxonomy":"product_cat","embeddable":true,"href":"https:\/\/cndestetik.ch\/de\/wp-json\/wp\/v2\/product_cat?post=61025"},{"taxonomy":"product_tag","embeddable":true,"href":"https:\/\/cndestetik.ch\/de\/wp-json\/wp\/v2\/product_tag?post=61025"}],"curies":[{"name":"wp","href":"https:\/\/api.w.org\/{rel}","templated":true}]}}