{"id":60141,"date":"2023-06-30T15:25:02","date_gmt":"2023-06-30T13:25:02","guid":{"rendered":"https:\/\/cndestetik.ch\/prodotto\/domicile-face-kit\/"},"modified":"2023-10-18T13:46:33","modified_gmt":"2023-10-18T11:46:33","slug":"kit-domicile-face","status":"publish","type":"product","link":"https:\/\/cndestetik.ch\/de\/prodotto\/kit-domicile-face\/","title":{"rendered":"Domicile Face Kit"},"content":{"rendered":"<p>Schnelles Kit f\u00fcr gl\u00e4ttende Gesichtspflegeprodukte f\u00fcr zu Hause<\/p>\n<p>3 Hydro-\u00c4quilibrationspufferl\u00f6sung<\/p>\n<p>3 Lipo-Ausgleichsfl\u00fcssigkeit<\/p>\n<p>3 Rebalancing-Creme<\/p>\n","protected":false},"excerpt":{"rendered":"<p>Schnelles Kit f\u00fcr gl\u00e4ttende Gesichtspflegeprodukte f\u00fcr zu Hause<\/p>\n","protected":false},"featured_media":57906,"template":"","meta":{"_acf_changed":false},"product_brand":[],"product_cat":[1495,12980],"product_tag":[757],"class_list":{"0":"post-60141","1":"product","2":"type-product","3":"status-publish","4":"has-post-thumbnail","6":"product_cat-kosmetik","7":"product_cat-mikrokosmos","8":"product_tag-gesicht","10":"first","11":"instock","12":"taxable","13":"shipping-taxable","14":"purchasable","15":"product-type-simple"},"acf":[],"jetpack_sharing_enabled":true,"_links":{"self":[{"href":"https:\/\/cndestetik.ch\/de\/wp-json\/wp\/v2\/product\/60141","targetHints":{"allow":["GET"]}}],"collection":[{"href":"https:\/\/cndestetik.ch\/de\/wp-json\/wp\/v2\/product"}],"about":[{"href":"https:\/\/cndestetik.ch\/de\/wp-json\/wp\/v2\/types\/product"}],"wp:featuredmedia":[{"embeddable":true,"href":"https:\/\/cndestetik.ch\/de\/wp-json\/wp\/v2\/media\/57906"}],"wp:attachment":[{"href":"https:\/\/cndestetik.ch\/de\/wp-json\/wp\/v2\/media?parent=60141"}],"wp:term":[{"taxonomy":"product_brand","embeddable":true,"href":"https:\/\/cndestetik.ch\/de\/wp-json\/wp\/v2\/product_brand?post=60141"},{"taxonomy":"product_cat","embeddable":true,"href":"https:\/\/cndestetik.ch\/de\/wp-json\/wp\/v2\/product_cat?post=60141"},{"taxonomy":"product_tag","embeddable":true,"href":"https:\/\/cndestetik.ch\/de\/wp-json\/wp\/v2\/product_tag?post=60141"}],"curies":[{"name":"wp","href":"https:\/\/api.w.org\/{rel}","templated":true}]}}