{"id":60034,"date":"2023-06-21T07:59:29","date_gmt":"2023-06-21T05:59:29","guid":{"rendered":"https:\/\/cndestetik.ch\/prodotto\/vorsohlenbehandlung\/"},"modified":"2023-06-21T14:42:41","modified_gmt":"2023-06-21T12:42:41","slug":"behandlungs-praparat","status":"publish","type":"product","link":"https:\/\/cndestetik.ch\/de\/prodotto\/behandlungs-praparat\/","title":{"rendered":"VORSOHLENBEHANDLUNG"},"content":{"rendered":"<p>2 Behandlungen zur besseren Vorbereitung auf die Sommersaison, zusammen mit der kompletten Behandlung<\/p>\n<p>VOR-SOHLEN-K\u00d6RPERBEHANDLUNG<\/p>\n<p>Um die Haut auf das Sonnenbad vorzubereiten, wird der gesamte K\u00f6rper gepeelt und regeneriert. Sie entfernt abgestorbene Zellen, regeneriert das Gewebe und bereitet die Haut darauf vor, ihre nat\u00fcrliche Schutzfunktion gegen \u00e4u\u00dfere Einfl\u00fcsse zu erf\u00fcllen.<\/p>\n<ul>\n<li>Weizenkeim\u00f6l 500 ml<\/li>\n<li>Peeling K\u00f6rperpeeling 500 ml.<\/li>\n<li>Lavendel-Hydrolat 100 ml.<\/li>\n<li>Hopfenhydroglycerinat 30 ml.<\/li>\n<li>Sesam Sonnen\u00f6l spf4 500 ml.<\/li>\n<li>Neutrales Aloe-Gel 500 ml.<\/li>\n<\/ul>\n<p>PRESOLE-GESICHTSBEHANDLUNG<\/p>\n<p>Geeignet f\u00fcr das Peeling und die Regeneration der Gesichtshaut vor der Sonnenexposition. Speziell entwickelt, um Hautunreinheiten und Bereiche mit erh\u00f6hter Pigmentierung aufzuhellen und die Haut von Giftstoffen und Unreinheiten zu befreien.<\/p>\n<p>Sie entfernt oberfl\u00e4chliche abgestorbene Zellen f\u00fcr eine goldenere und lang anhaltende Br\u00e4une, gleicht die Gesichtspigmentierung aus, regeneriert das Gewebe mit Anti-Aging-Effekt und n\u00e4hrt die Haut tiefgehend, um sie elastisch zu machen.<\/p>\n<ul>\n<li>Reinigungsmilch 500 ml.<\/li>\n<li>Peeling K\u00f6rperpeeling 500 ml.<\/li>\n<li>2 Leinsamen\u00f6l 100 ml.<\/li>\n<li>Illuminating Body Facial Peeling &#8211; Mandels\u00e4ure 500 ml.<\/li>\n<li>Salbei-Hydrolat 100 ml<\/li>\n<li>Beruhigendes, feuchtigkeitsspendendes Hyalurons\u00e4ure-Wasser 100 ml.<\/li>\n<li>Oleolith Aufhellung 100 ml.<\/li>\n<li>Sheabutter Gesichtsmaske 100 ml.<\/li>\n<li>Spagyrisches Ringelblumen\u00f6l 50 ml.<\/li>\n<li>Spagyrisches Oleolith Hagebutte 50 ml.<\/li>\n<li>DIAMANTE Rosa Mosqueta Tonic Oil 50ml.<\/li>\n<li>Sonnenemulsion f\u00fcr das Gesicht SPF25 50 ml.<\/li>\n<\/ul>\n<p>PRESOLE GANZK\u00d6RPERBEHANDLUNG<\/p>\n<ul>\n<li>Weizenkeim\u00f6l 500 ml<\/li>\n<li>Peeling K\u00f6rperpeeling 500 ml.<\/li>\n<li>Lavendel-Hydrolat 100 ml.<\/li>\n<li>Hopfenhydroglycerinat 30 ml.<\/li>\n<li>Sesam Sonnen\u00f6l spf4 500 ml.<\/li>\n<li>Neutrales Aloe-Gel 500 ml.<\/li>\n<li>Reinigungsmilch 500 ml.<\/li>\n<li>Illuminating Body Facial Peeling &#8211; Mandels\u00e4ure 500 ml.<\/li>\n<li>Leinsamen\u00f6l 100 ml<\/li>\n<li>Beruhigendes, feuchtigkeitsspendendes Hyalurons\u00e4ure-Wasser 100 ml.<\/li>\n<li>Salbei-Hydrolat 100 ml<\/li>\n<li>Oleolith K\u00f6rperreinigung 100 ml.<\/li>\n<li>Sheabutter Gesichtsmaske 100 ml.<\/li>\n<li>Spagyrisches Oleolith Hagebutte 50 ml.<\/li>\n<li>Spagyrisches Ringelblumen\u00f6l 50 ml.<\/li>\n<li>DIAMANTE Rosa Mosqueta Tonic Oil 50ml.<\/li>\n<li>Sonnenemulsion f\u00fcr das Gesicht SPF25 50 ml.<\/li>\n<\/ul>\n","protected":false},"excerpt":{"rendered":"<p>2 Behandlungen zur besseren Vorbereitung auf die Sommersaison, zusammen mit der kompletten Behandlung<\/p>\n","protected":false},"featured_media":60044,"template":"","meta":{"_acf_changed":false},"product_brand":[],"product_cat":[15],"product_tag":[1030,757,11434,11089,4113],"class_list":{"0":"post-60034","1":"product","2":"type-product","3":"status-publish","4":"has-post-thumbnail","6":"product_cat-07-cosmetica","7":"product_tag-behandlung","8":"product_tag-gesicht","9":"product_tag-insgesamt-de","10":"product_tag-korper-de","11":"product_tag-sonnenschein","12":"pa_trattamento-gesamtkorper","13":"pa_trattamento-gesicht","14":"pa_trattamento-korper","16":"first","17":"instock","18":"taxable","19":"shipping-taxable","20":"purchasable","21":"product-type-variable"},"acf":[],"jetpack_sharing_enabled":true,"_links":{"self":[{"href":"https:\/\/cndestetik.ch\/de\/wp-json\/wp\/v2\/product\/60034","targetHints":{"allow":["GET"]}}],"collection":[{"href":"https:\/\/cndestetik.ch\/de\/wp-json\/wp\/v2\/product"}],"about":[{"href":"https:\/\/cndestetik.ch\/de\/wp-json\/wp\/v2\/types\/product"}],"wp:featuredmedia":[{"embeddable":true,"href":"https:\/\/cndestetik.ch\/de\/wp-json\/wp\/v2\/media\/60044"}],"wp:attachment":[{"href":"https:\/\/cndestetik.ch\/de\/wp-json\/wp\/v2\/media?parent=60034"}],"wp:term":[{"taxonomy":"product_brand","embeddable":true,"href":"https:\/\/cndestetik.ch\/de\/wp-json\/wp\/v2\/product_brand?post=60034"},{"taxonomy":"product_cat","embeddable":true,"href":"https:\/\/cndestetik.ch\/de\/wp-json\/wp\/v2\/product_cat?post=60034"},{"taxonomy":"product_tag","embeddable":true,"href":"https:\/\/cndestetik.ch\/de\/wp-json\/wp\/v2\/product_tag?post=60034"}],"curies":[{"name":"wp","href":"https:\/\/api.w.org\/{rel}","templated":true}]}}