{"id":60030,"date":"2023-06-21T07:57:01","date_gmt":"2023-06-21T05:57:01","guid":{"rendered":"https:\/\/cndestetik.ch\/prodotto\/dynamitbehandlung\/"},"modified":"2023-06-21T08:12:12","modified_gmt":"2023-06-21T06:12:12","slug":"dynamitbehandlung","status":"publish","type":"product","link":"https:\/\/cndestetik.ch\/de\/prodotto\/dynamitbehandlung\/","title":{"rendered":"DYNAMITBEHANDLUNG"},"content":{"rendered":"<p>Explosive Behandlung, geeignet f\u00fcr Personen, die an Cellulite mit \u00d6demen, Fibrose oder Kapillarbr\u00fcchigkeit leiden. Es reduziert die Orangenhaut, definiert die Silhouette neu, beseitigt Fl\u00fcssigkeitsstauungen und verleiht den Beinen Leichtigkeit und Vitalit\u00e4t.<\/p>\n<p>Passen Sie das Protokoll an Ihren Kunden an!!!<\/p>\n<p>Die Behandlung besteht aus:<\/p>\n<ul>\n<li>2 Hanf-Kn\u00f6pfe<\/li>\n<li>Malvenhydrolat 500 ml.<\/li>\n<li>Oleolite cicatrizant 100 ml.<\/li>\n<li>Fucus Gr\u00fcne Tonerde Schlamm 600 gr.<\/li>\n<li>Kleines Schlammblatt<\/li>\n<li>K\u00f6rperschlamm aus gr\u00fcner Tonerde mit Lavendel-Oleolith 600 ml.<\/li>\n<li>Spagyrisches \u00d6l Schafgarbe 50 ml.<\/li>\n<li>Heidelbeer-Hydro-Glycerinat 30 ml.<\/li>\n<li>Hamamelis-Hydro-Glycerinat 30 ml.<\/li>\n<li>\u00c4therisches Geranien\u00f6l 10 ml<\/li>\n<li>\u00c4therisches \u00d6l Wacholderbeeren 10 ml.<\/li>\n<li>Hopfenhydroglycerinat 30 ml.<\/li>\n<li>Bittersalz 1 kg. Sacch.<\/li>\n<li>Heidelbeer-Salat 1 kg.<\/li>\n<li>4 Wiederverwendbare Binden<\/li>\n<li>Auslaufendes spagyrisches Oleolyt 500 ml.<\/li>\n<li>Oleolith spagyrische Cellulite-Behandlung 500 ml<\/li>\n<li>\u00d6l f\u00fcr spagyrische Venen und Kapillaren 500 ml.<\/li>\n<li>Cellulite-Behandlungscreme 500 ml<\/li>\n<li>Aloe Gel Cellulite Behandlung 500 ml<\/li>\n<\/ul>\n","protected":false},"excerpt":{"rendered":"<p>Personalisierte explosive Behandlung f\u00fcr Cellulite-Patienten mit \u00d6demen, faseriger Cellulite oder Kapillarbr\u00fcchigkeit<\/p>\n","protected":false},"featured_media":60039,"template":"","meta":{"_acf_changed":false},"product_brand":[],"product_cat":[15],"product_tag":[1030,3606,11429],"class_list":{"0":"post-60030","1":"product","2":"type-product","3":"status-publish","4":"has-post-thumbnail","6":"product_cat-07-cosmetica","7":"product_tag-behandlung","8":"product_tag-cellulite-de","9":"product_tag-dynamit","11":"first","12":"instock","13":"taxable","14":"shipping-taxable","15":"purchasable","16":"product-type-simple"},"acf":[],"jetpack_sharing_enabled":true,"_links":{"self":[{"href":"https:\/\/cndestetik.ch\/de\/wp-json\/wp\/v2\/product\/60030","targetHints":{"allow":["GET"]}}],"collection":[{"href":"https:\/\/cndestetik.ch\/de\/wp-json\/wp\/v2\/product"}],"about":[{"href":"https:\/\/cndestetik.ch\/de\/wp-json\/wp\/v2\/types\/product"}],"wp:featuredmedia":[{"embeddable":true,"href":"https:\/\/cndestetik.ch\/de\/wp-json\/wp\/v2\/media\/60039"}],"wp:attachment":[{"href":"https:\/\/cndestetik.ch\/de\/wp-json\/wp\/v2\/media?parent=60030"}],"wp:term":[{"taxonomy":"product_brand","embeddable":true,"href":"https:\/\/cndestetik.ch\/de\/wp-json\/wp\/v2\/product_brand?post=60030"},{"taxonomy":"product_cat","embeddable":true,"href":"https:\/\/cndestetik.ch\/de\/wp-json\/wp\/v2\/product_cat?post=60030"},{"taxonomy":"product_tag","embeddable":true,"href":"https:\/\/cndestetik.ch\/de\/wp-json\/wp\/v2\/product_tag?post=60030"}],"curies":[{"name":"wp","href":"https:\/\/api.w.org\/{rel}","templated":true}]}}