{"id":59988,"date":"2023-06-12T09:41:09","date_gmt":"2023-06-12T07:41:09","guid":{"rendered":"https:\/\/cndestetik.ch\/prodotto\/entspannende-fuss-und-beinbehandlung\/"},"modified":"2025-01-23T09:27:45","modified_gmt":"2025-01-23T08:27:45","slug":"behandlung-der-erschopfenden-fuse-und-beine","status":"publish","type":"product","link":"https:\/\/cndestetik.ch\/de\/prodotto\/behandlung-der-erschopfenden-fuse-und-beine\/","title":{"rendered":"ENTSPANNENDE FUSS- UND BEINBEHANDLUNG"},"content":{"rendered":"<p>Spezifische Behandlung f\u00fcr die unteren Gliedma\u00dfen. Die in der Behandlung verwendeten Wirkstoffe sorgen f\u00fcr ein anhaltendes Gef\u00fchl von Frische und Leichtigkeit in den Beinen und F\u00fc\u00dfen; sie aktivieren das Lymph- und Kreislaufsystem, die Vasokonstriktion der Kapillaren und die Schutzwirkung der Gef\u00e4\u00dfw\u00e4nde. Dar\u00fcber hinaus wird die Haut sanft gepeelt und die Fu\u00dfschwei\u00dfbildung reguliert. N\u00fctzlich, um die F\u00fc\u00dfe, Kn\u00f6chel, Waden und Beine zu entl\u00fcften, zu entlasten und Erm\u00fcdungserscheinungen vorzubeugen, \u00d6deme und \u00fcbersch\u00fcssige Fl\u00fcssigkeit abzuleiten, die Kapillarw\u00e4nde zu sch\u00fctzen und zu st\u00e4rken, die Mikrozirkulation zu aktivieren und den ven\u00f6sen R\u00fcckfluss zu f\u00f6rdern, das Schwitzen der F\u00fc\u00dfe zu regulieren und die Haut zu erneuern, indem sie hell, glatt und weich wird.<\/p>\n<p>Die Behandlung ist geeignet f\u00fcr:<\/p>\n<ul>\n<li>Geschwollene F\u00fc\u00dfe und Kn\u00f6chel<\/li>\n<li>Wunde und erm\u00fcdete Waden<\/li>\n<li>Fl\u00fcssigkeitsretention<\/li>\n<li>Kapillare Zerbrechlichkeit<\/li>\n<li>Schwere der Beine<\/li>\n<\/ul>\n<p>Kabinenprodukte:<\/p>\n<ul>\n<li>Erfrischendes Erm\u00fcdungsgel 500 ml.<\/li>\n<li>Bittersalz, 1 kg.<\/li>\n<li>\u00c4therisches Lavendel\u00f6l 10 ml<\/li>\n<li>\u00c4therisches \u00d6l Zitrone 10 ml<\/li>\n<li>\u00c4therisches \u00d6l Zedernholz 10 ml<\/li>\n<li>\u00c4therisches Basilikum\u00f6l 10ml.<\/li>\n<li>\u00c4therisches Minz\u00f6l 10 ml<\/li>\n<li>Salbei Hydrolat 500 ml.<\/li>\n<li>Fu\u00dfcreme 250 ml.<\/li>\n<li>Cellulite-Behandlungscreme 500 ml<\/li>\n<li>Spagyrisches Oleolith f\u00fcr N\u00e4gel und Nagelhaut 15 ml.<\/li>\n<li>Heidelbeer-Hydro-Glycerinat 30 ml.<\/li>\n<\/ul>\n<p>Inl\u00e4ndische Erzeugnisse:<\/p>\n<ul>\n<li>2 Erfrischendes Gel<\/li>\n<li>2 Bittersalz<\/li>\n<li>1 Spagyrische Oleolith-Adern und -Kapillaren<\/li>\n<\/ul>\n<p><strong>Kostenloses Protokoll<\/strong><\/p>\n","protected":false},"excerpt":{"rendered":"<p>Erfrischende Behandlung f\u00fcr die unteren Gliedma\u00dfen mit Produkten gegen M\u00fcdigkeit und zur Beruhigung. Sofort sichtbare Ergebnisse, ideal f\u00fcr den Sommer!<\/p>\n","protected":false},"featured_media":59974,"template":"","meta":{"_acf_changed":false},"product_brand":[],"product_cat":[1495,12980],"product_tag":[8889,443,3606,3836,11385,3679,4786,1455,1279,7253,4352,7260,4184,515,501,1357,1336,2192,4261,2116,499,9185,4823,8936,10293,2319,4265,4350,507],"class_list":{"0":"post-59988","1":"product","2":"type-product","3":"status-publish","4":"has-post-thumbnail","6":"product_cat-kosmetik","7":"product_cat-mikrokosmos","8":"product_tag-basilikum-de","9":"product_tag-blaubeere","10":"product_tag-cellulite-de","11":"product_tag-creme-de","12":"product_tag-e-de","13":"product_tag-epsom-de","14":"product_tag-erfrischend","15":"product_tag-fuse","16":"product_tag-gel-de","17":"product_tag-glycerinat","18":"product_tag-holz","19":"product_tag-hydro-de","20":"product_tag-hydrolat-de","21":"product_tag-lavendel","22":"product_tag-minze","23":"product_tag-nagel-de-2","24":"product_tag-nagelhaut","25":"product_tag-ol-de","26":"product_tag-ole","27":"product_tag-oleolith","28":"product_tag-salbei","29":"product_tag-salze","30":"product_tag-spagyrische","31":"product_tag-verunsichernd","32":"product_tag-von-de-2","33":"product_tag-wesentlich","34":"product_tag-wesentliches","35":"product_tag-zedernholz","36":"product_tag-zitrone","37":"pa_trattamento-einheimische-produkte","38":"pa_trattamento-hutte-haus-produkte","40":"first","41":"instock","42":"taxable","43":"shipping-taxable","44":"purchasable","45":"product-type-variable"},"acf":[],"jetpack_sharing_enabled":true,"_links":{"self":[{"href":"https:\/\/cndestetik.ch\/de\/wp-json\/wp\/v2\/product\/59988","targetHints":{"allow":["GET"]}}],"collection":[{"href":"https:\/\/cndestetik.ch\/de\/wp-json\/wp\/v2\/product"}],"about":[{"href":"https:\/\/cndestetik.ch\/de\/wp-json\/wp\/v2\/types\/product"}],"wp:featuredmedia":[{"embeddable":true,"href":"https:\/\/cndestetik.ch\/de\/wp-json\/wp\/v2\/media\/59974"}],"wp:attachment":[{"href":"https:\/\/cndestetik.ch\/de\/wp-json\/wp\/v2\/media?parent=59988"}],"wp:term":[{"taxonomy":"product_brand","embeddable":true,"href":"https:\/\/cndestetik.ch\/de\/wp-json\/wp\/v2\/product_brand?post=59988"},{"taxonomy":"product_cat","embeddable":true,"href":"https:\/\/cndestetik.ch\/de\/wp-json\/wp\/v2\/product_cat?post=59988"},{"taxonomy":"product_tag","embeddable":true,"href":"https:\/\/cndestetik.ch\/de\/wp-json\/wp\/v2\/product_tag?post=59988"}],"curies":[{"name":"wp","href":"https:\/\/api.w.org\/{rel}","templated":true}]}}