{"id":59783,"date":"2023-05-30T10:58:38","date_gmt":"2023-05-30T08:58:38","guid":{"rendered":"https:\/\/cndestetik.ch\/prodotto\/hygiene-kit-inika-einwegtuecher-und-neutraler-intimbeutel\/"},"modified":"2023-06-30T08:01:54","modified_gmt":"2023-06-30T06:01:54","slug":"wischtuch-2-fur-den-kurzfristigen-gebrauch","status":"publish","type":"product","link":"https:\/\/cndestetik.ch\/de\/prodotto\/wischtuch-2-fur-den-kurzfristigen-gebrauch\/","title":{"rendered":"Hygiene-Kit &#8211; Einweg-Intimtuch und neutraler Intimbeutel"},"content":{"rendered":"<p>Der Bausatz enth\u00e4lt:<\/p>\n<p>&#8211; Hygienisches Einweg-Intimtaschentuch<\/p>\n<p>&#8211; Hygienetasche f\u00fcr die Aufbewahrung von Unterw\u00e4sche<\/p>\n<p>Hygienisches und erfrischendes Einweg-Intimtaschentuch. Hergestellt aus Viskose h\u00f6chster Qualit\u00e4t, 100 % biologisch abbaubar, ohne Alkohol, Parabene und Schwefel. Es ist ideal f\u00fcr alle, die Komfort, Gesundheit und Hygiene suchen. Mit Aloe Vera, Wasserminze, Malve und Grapefruit spendet es Feuchtigkeit, sch\u00fctzt und erfrischt die Haut und hinterl\u00e4sst einen leichten Rosenduft.<\/p>\n<p>**Die Verpackung der Erfrischungst\u00fccher ist nicht individuell gestaltet, sondern hat ein neutrales Bild.<\/p>\n","protected":false},"excerpt":{"rendered":"<p>Kompletter Bausatz mit:<\/p>\n<p>&#8211; hygienisches Einweg-Intimtaschentuch<\/p>\n<p>&#8211; hygienischer W\u00e4schesack<\/p>\n","protected":false},"featured_media":59773,"template":"","meta":{"_acf_changed":false},"product_brand":[],"product_cat":[942,1213],"product_tag":[552,2271,2361,484,8803,8804,9809,8805,8806],"class_list":{"0":"post-59783","1":"product","2":"type-product","3":"status-publish","4":"has-post-thumbnail","6":"product_cat-einzelbenutzung","7":"product_cat-hygiene-und-sicherheit","8":"product_tag-aloe-de","9":"product_tag-desinfektionsmittel","10":"product_tag-einwegartikel","11":"product_tag-grapefruit","12":"product_tag-intime-de","13":"product_tag-masgeschneidert","14":"product_tag-mental-de","15":"product_tag-wischen","16":"product_tag-wischen-de","17":"pa_pezzi-1000-de","18":"pa_pezzi-10000-de","19":"pa_pezzi-20000-de","20":"pa_pezzi-250-de","21":"pa_pezzi-3000-de","22":"pa_pezzi-500-de","23":"pa_pezzi-5000-de","25":"first","26":"instock","27":"taxable","28":"shipping-taxable","29":"purchasable","30":"product-type-variable"},"acf":[],"jetpack_sharing_enabled":true,"_links":{"self":[{"href":"https:\/\/cndestetik.ch\/de\/wp-json\/wp\/v2\/product\/59783","targetHints":{"allow":["GET"]}}],"collection":[{"href":"https:\/\/cndestetik.ch\/de\/wp-json\/wp\/v2\/product"}],"about":[{"href":"https:\/\/cndestetik.ch\/de\/wp-json\/wp\/v2\/types\/product"}],"wp:featuredmedia":[{"embeddable":true,"href":"https:\/\/cndestetik.ch\/de\/wp-json\/wp\/v2\/media\/59773"}],"wp:attachment":[{"href":"https:\/\/cndestetik.ch\/de\/wp-json\/wp\/v2\/media?parent=59783"}],"wp:term":[{"taxonomy":"product_brand","embeddable":true,"href":"https:\/\/cndestetik.ch\/de\/wp-json\/wp\/v2\/product_brand?post=59783"},{"taxonomy":"product_cat","embeddable":true,"href":"https:\/\/cndestetik.ch\/de\/wp-json\/wp\/v2\/product_cat?post=59783"},{"taxonomy":"product_tag","embeddable":true,"href":"https:\/\/cndestetik.ch\/de\/wp-json\/wp\/v2\/product_tag?post=59783"}],"curies":[{"name":"wp","href":"https:\/\/api.w.org\/{rel}","templated":true}]}}