{"id":59681,"date":"2023-05-09T13:19:54","date_gmt":"2023-05-09T11:19:54","guid":{"rendered":"https:\/\/cndestetik.ch\/prodotto\/oleolith-spagyrischer-unterleib\/"},"modified":"2025-01-23T09:30:08","modified_gmt":"2025-01-23T08:30:08","slug":"oleolyt-spagyrik-addome","status":"publish","type":"product","link":"https:\/\/cndestetik.ch\/de\/prodotto\/oleolyt-spagyrik-addome\/","title":{"rendered":"Oleolith Spagyrischer Unterleib"},"content":{"rendered":"<p>Eine konzentrierte Synergie aus spagyrischen Oleolithen und \u00e4therischen \u00d6len, die auf die Ausleitung von angesammelten Fl\u00fcssigkeiten und Toxinen, die Straffung des Gewebes und das funktionelle Wohlbefinden der Bauchorgane wirken. Besonders angezeigt bei Bl\u00e4hungen und Verspannungen im Unterleib. Morgens und abends mit einer kreisenden Massage im Uhrzeigersinn auftragen.<\/p>\n<p>Gr\u00f6\u00dfe: 100ml, 500ml<\/p>\n","protected":false},"excerpt":{"rendered":"<p>Eine konzentrierte Synergie aus spagyrischen Oleolithen und \u00e4therischen \u00d6len, die auf die Ausleitung von angesammelten Fl\u00fcssigkeiten und Toxinen wirken<\/p>\n","protected":false},"featured_media":59673,"template":"","meta":{"_acf_changed":false},"product_brand":[],"product_cat":[12985,1495,12980],"product_tag":[11305,2345,2192,4261,6805,4823],"class_list":{"0":"post-59681","1":"product","2":"type-product","3":"status-publish","4":"has-post-thumbnail","6":"product_cat-body","7":"product_cat-kosmetik","8":"product_cat-mikrokosmos","9":"product_tag-bauch","10":"product_tag-korper","11":"product_tag-ol-de","12":"product_tag-ole","13":"product_tag-platte","14":"product_tag-spagyrische","15":"pa_formato-100ml-de","16":"pa_formato-500ml-de","18":"first","19":"instock","20":"taxable","21":"shipping-taxable","22":"purchasable","23":"product-type-variable"},"acf":[],"jetpack_sharing_enabled":true,"_links":{"self":[{"href":"https:\/\/cndestetik.ch\/de\/wp-json\/wp\/v2\/product\/59681","targetHints":{"allow":["GET"]}}],"collection":[{"href":"https:\/\/cndestetik.ch\/de\/wp-json\/wp\/v2\/product"}],"about":[{"href":"https:\/\/cndestetik.ch\/de\/wp-json\/wp\/v2\/types\/product"}],"wp:featuredmedia":[{"embeddable":true,"href":"https:\/\/cndestetik.ch\/de\/wp-json\/wp\/v2\/media\/59673"}],"wp:attachment":[{"href":"https:\/\/cndestetik.ch\/de\/wp-json\/wp\/v2\/media?parent=59681"}],"wp:term":[{"taxonomy":"product_brand","embeddable":true,"href":"https:\/\/cndestetik.ch\/de\/wp-json\/wp\/v2\/product_brand?post=59681"},{"taxonomy":"product_cat","embeddable":true,"href":"https:\/\/cndestetik.ch\/de\/wp-json\/wp\/v2\/product_cat?post=59681"},{"taxonomy":"product_tag","embeddable":true,"href":"https:\/\/cndestetik.ch\/de\/wp-json\/wp\/v2\/product_tag?post=59681"}],"curies":[{"name":"wp","href":"https:\/\/api.w.org\/{rel}","templated":true}]}}