{"id":59509,"date":"2023-05-02T09:55:45","date_gmt":"2023-05-02T07:55:45","guid":{"rendered":"https:\/\/cndestetik.ch\/prodotto\/kraeutertee-sets-fuer-den-sommer\/"},"modified":"2023-06-02T00:00:04","modified_gmt":"2023-06-01T22:00:04","slug":"kit-tisane-fur-sommer","status":"publish","type":"product","link":"https:\/\/cndestetik.ch\/de\/prodotto\/kit-tisane-fur-sommer\/","title":{"rendered":"Kr\u00e4utertee-Sets f\u00fcr den Sommer"},"content":{"rendered":"<p>Ein Set bestehend aus Hibiskus- und Sweet Tanny-Kr\u00e4utertees, um sich auf den Sommer vorzubereiten. Enth\u00e4lt 6 P\u00e4ckchen von jedem Kr\u00e4utertee, also insgesamt 12 P\u00e4ckchen.<\/p>\n<p>S\u00fc\u00dfe Tanny<\/p>\n<p><span class=\"JsGRdQ\">Antioxidativ, entgiftend, erfrischend, harntreibend, reich an nat\u00fcrlichen Carotinoiden und Anthocyanen.  <\/span><span class=\"JsGRdQ\">Stimuliert die Br\u00e4unung und reduziert die Alterung. Es muss nicht in hei\u00dfem Wasser aufgegossen werden, sondern sollte direkt in kaltes Wasser gelegt werden.<\/span><\/p>\n<p>Hibiskus<\/p>\n<p>S\u00fc\u00dflich schmeckender, antioxidativer Kr\u00e4utertee. Er eignet sich f\u00fcr jede Tageszeit, ist durstl\u00f6schend, entw\u00e4ssernd und verdauungsf\u00f6rdernd. Bieten Sie es im Rahmen einer reinigenden Gesichts- und K\u00f6rperbehandlung an.<\/p>\n","protected":false},"excerpt":{"rendered":"<p>Ein Set bestehend aus Hibiskus- und Sweet Tanny-Kr\u00e4utertees, um sich auf den Sommer vorzubereiten. Enth\u00e4lt 6 P\u00e4ckchen von jedem Kr\u00e4utertee, also insgesamt 12 P\u00e4ckchen.<\/p>\n","protected":false},"featured_media":58799,"template":"","meta":{"_acf_changed":false},"product_brand":[],"product_cat":[1995],"product_tag":[11039,2007,11086,11237,2096,10698],"class_list":{"0":"post-59509","1":"product","2":"type-product","3":"status-publish","4":"has-post-thumbnail","6":"product_cat-wellness-krautertees","7":"product_tag-hibiskus-de","8":"product_tag-krautertees","9":"product_tag-sommer","10":"product_tag-sommer-de","11":"product_tag-sus","12":"product_tag-tanny-de","14":"first","15":"instock","16":"taxable","17":"shipping-taxable","18":"purchasable","19":"product-type-simple"},"acf":[],"jetpack_sharing_enabled":true,"_links":{"self":[{"href":"https:\/\/cndestetik.ch\/de\/wp-json\/wp\/v2\/product\/59509","targetHints":{"allow":["GET"]}}],"collection":[{"href":"https:\/\/cndestetik.ch\/de\/wp-json\/wp\/v2\/product"}],"about":[{"href":"https:\/\/cndestetik.ch\/de\/wp-json\/wp\/v2\/types\/product"}],"wp:featuredmedia":[{"embeddable":true,"href":"https:\/\/cndestetik.ch\/de\/wp-json\/wp\/v2\/media\/58799"}],"wp:attachment":[{"href":"https:\/\/cndestetik.ch\/de\/wp-json\/wp\/v2\/media?parent=59509"}],"wp:term":[{"taxonomy":"product_brand","embeddable":true,"href":"https:\/\/cndestetik.ch\/de\/wp-json\/wp\/v2\/product_brand?post=59509"},{"taxonomy":"product_cat","embeddable":true,"href":"https:\/\/cndestetik.ch\/de\/wp-json\/wp\/v2\/product_cat?post=59509"},{"taxonomy":"product_tag","embeddable":true,"href":"https:\/\/cndestetik.ch\/de\/wp-json\/wp\/v2\/product_tag?post=59509"}],"curies":[{"name":"wp","href":"https:\/\/api.w.org\/{rel}","templated":true}]}}