{"id":58823,"date":"2023-03-08T10:05:39","date_gmt":"2023-03-08T09:05:39","guid":{"rendered":"https:\/\/cndestetik.ch\/prodotto\/flower-power-kraeutertees\/"},"modified":"2023-09-08T11:45:59","modified_gmt":"2023-09-08T09:45:59","slug":"aufgusse-blumen-power","status":"publish","type":"product","link":"https:\/\/cndestetik.ch\/de\/prodotto\/aufgusse-blumen-power\/","title":{"rendered":"Flower-Power-Kr\u00e4utertees"},"content":{"rendered":"<p>Entdecken Sie die neuen Flower Power-Kr\u00e4utertees: Hibiskus, Malve und Time To Relax!<\/p>\n<p>Diese Kr\u00e4utertees helfen Ihnen, freie Radikale zu bek\u00e4mpfen und Ihren K\u00f6rper zu sch\u00fctzen, indem sie Entz\u00fcndungen im K\u00f6rper reduzieren.<\/p>\n<p>Hier sind die Protagonisten:<\/p>\n<p><strong>IBISCO<\/strong><\/p>\n<p>Durstl\u00f6schend, entw\u00e4ssernd und verdauungsf\u00f6rdernd; kann zu jeder Tageszeit eingenommen werden, auch am Abend. In Verbindung mit reinigenden Gesichts- und K\u00f6rperbehandlungen.<\/p>\n<p>Zutaten: Hibiskusbl\u00fcten<\/p>\n<p><strong>MALLOW<\/strong><\/p>\n<p>Gut bei Darmtr\u00e4gheit und zur Anregung der Harnausscheidung. Durch das Vorhandensein von nat\u00fcrlichen Anthocyanen blockiert es oxidative Prozesse im K\u00f6rper. Es ist reich an den Vitaminen A, B1 und C und wird mit reinigenden Gesichts- und K\u00f6rperbehandlungen in Verbindung gebracht.<\/p>\n<p>Zutaten: Malvenbl\u00fcten, Walderdbeeren, Apfelst\u00fccke, Orangenschalen, Sonnenblumenbl\u00fcten, Holunderbeeren, Heidelbeeren und Hibiskus<\/p>\n<p><strong>ZEIT ZUM ENTSPANNEN<\/strong><\/p>\n<p>Dank seiner Inhaltsstoffe vermittelt es ein nat\u00fcrliches Gef\u00fchl der Entspannung. Es f\u00f6rdert den Schlaf und ist daher besonders f\u00fcr die Abendstunden geeignet. Empfohlen f\u00fcr entspannende Behandlungen.<\/p>\n<p>Zutaten: Gr\u00fcner Honigbusch, Gr\u00fcner Rooibos, Fenchel, Anis, Kamille, F\u00e4rberdistel.<\/p>\n<p>Jede Packung enth\u00e4lt 12 T\u00fctchen.<\/p>\n<p>12 Pakete = 8.5 CHF pro Paket &#8211; 24 Pakete = 8 CHF pro Paket &#8211; 36 Pakete = 7.5 CHF pro Paket<\/p>\n<p>&nbsp;<\/p>\n","protected":false},"excerpt":{"rendered":"<p>Diese Kr\u00e4utertees helfen Ihnen, freie Radikale zu bek\u00e4mpfen und Ihren K\u00f6rper zu sch\u00fctzen, indem sie Entz\u00fcndungen im K\u00f6rper reduzieren.<\/p>\n","protected":false},"featured_media":58791,"template":"","meta":{"_acf_changed":false},"product_brand":[],"product_cat":[1995],"product_tag":[3689,3649,11039,2005,9855],"class_list":{"0":"post-58823","1":"product","2":"type-product","3":"status-publish","4":"has-post-thumbnail","6":"product_cat-wellness-krautertees","7":"product_tag-antioxidans","8":"product_tag-entspannend","9":"product_tag-hibiskus-de","10":"product_tag-krautertee","11":"product_tag-wellness-de","12":"pa_pacchetto-12-pakete","13":"pa_pacchetto-24-pakete","14":"pa_pacchetto-36-pakete","16":"first","17":"instock","18":"taxable","19":"shipping-taxable","20":"purchasable","21":"product-type-variable"},"acf":[],"jetpack_sharing_enabled":true,"_links":{"self":[{"href":"https:\/\/cndestetik.ch\/de\/wp-json\/wp\/v2\/product\/58823","targetHints":{"allow":["GET"]}}],"collection":[{"href":"https:\/\/cndestetik.ch\/de\/wp-json\/wp\/v2\/product"}],"about":[{"href":"https:\/\/cndestetik.ch\/de\/wp-json\/wp\/v2\/types\/product"}],"wp:featuredmedia":[{"embeddable":true,"href":"https:\/\/cndestetik.ch\/de\/wp-json\/wp\/v2\/media\/58791"}],"wp:attachment":[{"href":"https:\/\/cndestetik.ch\/de\/wp-json\/wp\/v2\/media?parent=58823"}],"wp:term":[{"taxonomy":"product_brand","embeddable":true,"href":"https:\/\/cndestetik.ch\/de\/wp-json\/wp\/v2\/product_brand?post=58823"},{"taxonomy":"product_cat","embeddable":true,"href":"https:\/\/cndestetik.ch\/de\/wp-json\/wp\/v2\/product_cat?post=58823"},{"taxonomy":"product_tag","embeddable":true,"href":"https:\/\/cndestetik.ch\/de\/wp-json\/wp\/v2\/product_tag?post=58823"}],"curies":[{"name":"wp","href":"https:\/\/api.w.org\/{rel}","templated":true}]}}