{"id":58392,"date":"2023-02-03T09:22:27","date_gmt":"2023-02-03T08:22:27","guid":{"rendered":"https:\/\/cndestetik.ch\/prodotto\/18-led-lampe\/"},"modified":"2024-08-07T09:18:27","modified_gmt":"2024-08-07T07:18:27","slug":"lampe-18-gefuhrt","status":"publish","type":"product","link":"https:\/\/cndestetik.ch\/de\/prodotto\/lampe-18-gefuhrt\/","title":{"rendered":"18 LED-Lampe"},"content":{"rendered":"<p>18 LED-Lampe f\u00fcr die schnelle Aush\u00e4rtung aller lichth\u00e4rtenden Harze, UV-Gele und semi-permanenten Lacke. Kompatibel mit allen Produkten, die bei einer Wellenl\u00e4nge von 365-405 nm aush\u00e4rten. Das homogene Lichtfeld gew\u00e4hrleistet eine optimale und gleichm\u00e4\u00dfige Bestrahlung f\u00fcr eine sichere, vollst\u00e4ndige und schnelle Aush\u00e4rtung. Ausgestattet mit 3 Aush\u00e4rtungsprogrammen: 30 sec. 60 sec. 90 sec. Mit abnehmbarem Sockel, ideal f\u00fcr H\u00e4nde und F\u00fc\u00dfe. Maximale Leistung 36W.<\/p>\n","protected":false},"excerpt":{"rendered":"<p>18 LED-Lampe f\u00fcr die schnelle Aush\u00e4rtung aller lichth\u00e4rtenden Harze, UV-Gele und semi-permanenten Lacke.<\/p>\n","protected":false},"featured_media":58413,"template":"","meta":{"_acf_changed":false},"product_brand":[],"product_cat":[1299],"product_tag":[11119,11121,8266,6773,8369],"class_list":{"0":"post-58392","1":"product","2":"type-product","3":"status-publish","4":"has-post-thumbnail","6":"product_cat-ausrustung","7":"product_tag-18-de","8":"product_tag-36-de","9":"product_tag-gefuhrt","10":"product_tag-lampe-de","11":"product_tag-watt-de","12":"pa_pezzi-1-stuck","13":"pa_pezzi-2-stuck","15":"first","16":"instock","17":"taxable","18":"shipping-taxable","19":"purchasable","20":"product-type-variable"},"acf":[],"jetpack_sharing_enabled":true,"_links":{"self":[{"href":"https:\/\/cndestetik.ch\/de\/wp-json\/wp\/v2\/product\/58392","targetHints":{"allow":["GET"]}}],"collection":[{"href":"https:\/\/cndestetik.ch\/de\/wp-json\/wp\/v2\/product"}],"about":[{"href":"https:\/\/cndestetik.ch\/de\/wp-json\/wp\/v2\/types\/product"}],"wp:featuredmedia":[{"embeddable":true,"href":"https:\/\/cndestetik.ch\/de\/wp-json\/wp\/v2\/media\/58413"}],"wp:attachment":[{"href":"https:\/\/cndestetik.ch\/de\/wp-json\/wp\/v2\/media?parent=58392"}],"wp:term":[{"taxonomy":"product_brand","embeddable":true,"href":"https:\/\/cndestetik.ch\/de\/wp-json\/wp\/v2\/product_brand?post=58392"},{"taxonomy":"product_cat","embeddable":true,"href":"https:\/\/cndestetik.ch\/de\/wp-json\/wp\/v2\/product_cat?post=58392"},{"taxonomy":"product_tag","embeddable":true,"href":"https:\/\/cndestetik.ch\/de\/wp-json\/wp\/v2\/product_tag?post=58392"}],"curies":[{"name":"wp","href":"https:\/\/api.w.org\/{rel}","templated":true}]}}