{"id":58070,"date":"2023-01-25T15:04:53","date_gmt":"2023-01-25T14:04:53","guid":{"rendered":"https:\/\/cndestetik.ch\/prodotto\/tonisierendes-spagyrisches-oleolith\/"},"modified":"2025-01-23T09:20:56","modified_gmt":"2025-01-23T08:20:56","slug":"oleolyt-spagyrik-tonikum-tonikum","status":"publish","type":"product","link":"https:\/\/cndestetik.ch\/de\/prodotto\/oleolyt-spagyrik-tonikum-tonikum\/","title":{"rendered":"Tonisierendes spagyrisches Oleolith"},"content":{"rendered":"<p>Mit spagyrischen Extrakten aus Salbei und Rosmarin. Eine Synergie aus spagyrischen Pflanzen, \u00e4therischen \u00d6len und pflanzlichen \u00d6len, die dem Hautgewebe Festigkeit und Elastizit\u00e4t verleihen; morgens und abends auf die betroffenen Stellen auftragen und mit leichten, weiten Bewegungen einmassieren, bis sie eingezogen sind.<\/p>\n","protected":false},"excerpt":{"rendered":"<p>Es stellt die Festigkeit und Elastizit\u00e4t des Hautgewebes wieder her.<\/p>\n","protected":false},"featured_media":58028,"template":"","meta":{"_acf_changed":false},"product_brand":[],"product_cat":[12985,1495,12980],"product_tag":[3632,2116,8964],"class_list":{"0":"post-58070","1":"product","2":"type-product","3":"status-publish","4":"has-post-thumbnail","6":"product_cat-body","7":"product_cat-kosmetik","8":"product_cat-mikrokosmos","9":"product_tag-belebend","10":"product_tag-oleolith","11":"product_tag-straffend-de","13":"first","14":"instock","15":"taxable","16":"shipping-taxable","17":"purchasable","18":"product-type-simple"},"acf":[],"jetpack_sharing_enabled":true,"_links":{"self":[{"href":"https:\/\/cndestetik.ch\/de\/wp-json\/wp\/v2\/product\/58070","targetHints":{"allow":["GET"]}}],"collection":[{"href":"https:\/\/cndestetik.ch\/de\/wp-json\/wp\/v2\/product"}],"about":[{"href":"https:\/\/cndestetik.ch\/de\/wp-json\/wp\/v2\/types\/product"}],"wp:featuredmedia":[{"embeddable":true,"href":"https:\/\/cndestetik.ch\/de\/wp-json\/wp\/v2\/media\/58028"}],"wp:attachment":[{"href":"https:\/\/cndestetik.ch\/de\/wp-json\/wp\/v2\/media?parent=58070"}],"wp:term":[{"taxonomy":"product_brand","embeddable":true,"href":"https:\/\/cndestetik.ch\/de\/wp-json\/wp\/v2\/product_brand?post=58070"},{"taxonomy":"product_cat","embeddable":true,"href":"https:\/\/cndestetik.ch\/de\/wp-json\/wp\/v2\/product_cat?post=58070"},{"taxonomy":"product_tag","embeddable":true,"href":"https:\/\/cndestetik.ch\/de\/wp-json\/wp\/v2\/product_tag?post=58070"}],"curies":[{"name":"wp","href":"https:\/\/api.w.org\/{rel}","templated":true}]}}