{"id":58069,"date":"2023-01-25T15:04:54","date_gmt":"2023-01-25T14:04:54","guid":{"rendered":"https:\/\/cndestetik.ch\/prodotto\/dehnungsstreifen-heiloel\/"},"modified":"2025-01-23T09:28:47","modified_gmt":"2025-01-23T08:28:47","slug":"heilendes-dehnungsstreifenol","status":"publish","type":"product","link":"https:\/\/cndestetik.ch\/de\/prodotto\/heilendes-dehnungsstreifenol\/","title":{"rendered":"Dehnungsstreifen-Heil\u00f6l"},"content":{"rendered":"<p>Mit spagyrischen Extrakten aus Calendula, Helichrysum, Hypericum und Schafgarbe. Eine reichhaltige Formulierung aus 4 spagyrischen Oleolithen, 5 \u00e4therischen \u00d6len und 4 wertvollen Pflanzen\u00f6len; dieses Spezialprodukt bewirkt eine tiefe Regeneration der Hautschichten und reepithelisiert gleichzeitig subkutane L\u00e4sionen und Risswunden. Mehrmals t\u00e4glich ein paar Tropfen direkt auf die Dehnungsstreifen\/Narben auftragen und mit kreisenden Bewegungen der Fingerspitzen einmassieren, bis sie eingezogen sind.<\/p>\n","protected":false},"excerpt":{"rendered":"<p>F\u00fchrt zu einer tiefen Regeneration der Hautschichten<\/p>\n","protected":false},"featured_media":58032,"template":"","meta":{"_acf_changed":false},"product_brand":[],"product_cat":[12985,1495,12980],"product_tag":[3617,7228,2116,4823],"class_list":{"0":"post-58069","1":"product","2":"type-product","3":"status-publish","4":"has-post-thumbnail","6":"product_cat-body","7":"product_cat-kosmetik","8":"product_cat-mikrokosmos","9":"product_tag-dehnungsstreifen","10":"product_tag-heilung","11":"product_tag-oleolith","12":"product_tag-spagyrische","14":"first","15":"instock","16":"taxable","17":"shipping-taxable","18":"purchasable","19":"product-type-simple"},"acf":[],"jetpack_sharing_enabled":true,"_links":{"self":[{"href":"https:\/\/cndestetik.ch\/de\/wp-json\/wp\/v2\/product\/58069","targetHints":{"allow":["GET"]}}],"collection":[{"href":"https:\/\/cndestetik.ch\/de\/wp-json\/wp\/v2\/product"}],"about":[{"href":"https:\/\/cndestetik.ch\/de\/wp-json\/wp\/v2\/types\/product"}],"wp:featuredmedia":[{"embeddable":true,"href":"https:\/\/cndestetik.ch\/de\/wp-json\/wp\/v2\/media\/58032"}],"wp:attachment":[{"href":"https:\/\/cndestetik.ch\/de\/wp-json\/wp\/v2\/media?parent=58069"}],"wp:term":[{"taxonomy":"product_brand","embeddable":true,"href":"https:\/\/cndestetik.ch\/de\/wp-json\/wp\/v2\/product_brand?post=58069"},{"taxonomy":"product_cat","embeddable":true,"href":"https:\/\/cndestetik.ch\/de\/wp-json\/wp\/v2\/product_cat?post=58069"},{"taxonomy":"product_tag","embeddable":true,"href":"https:\/\/cndestetik.ch\/de\/wp-json\/wp\/v2\/product_tag?post=58069"}],"curies":[{"name":"wp","href":"https:\/\/api.w.org\/{rel}","templated":true}]}}