{"id":57129,"date":"2022-10-10T16:31:03","date_gmt":"2022-10-10T14:31:03","guid":{"rendered":"https:\/\/cndestetik.ch\/prodotto\/vata-kraeutertee\/"},"modified":"2025-02-12T08:49:34","modified_gmt":"2025-02-12T07:49:34","slug":"vata-krautertee","status":"publish","type":"product","link":"https:\/\/cndestetik.ch\/de\/prodotto\/vata-krautertee\/","title":{"rendered":"Vata-Kr\u00e4utertee"},"content":{"rendered":"<p>Unser Sortiment an nat\u00fcrlichen Heilmitteln wird durch drei Wellness-Kr\u00e4utertees bereichert. Diese Kr\u00e4utertees zeichnen sich durch biologische Gew\u00fcrzmischungen aus und sind reich an wohltuenden Eigenschaften f\u00fcr K\u00f6rper und Geist. Ayurveda befasst sich in jeder Hinsicht mit dem Wohlergehen des Menschen, in seinen k\u00f6rperlichen, geistigen und spirituellen Aspekten, und befasst sich sowohl mit Pathologien als auch mit dem normalen Gesundheitszustand. Sie begleiten die warme Jahreszeit mit wichtigen aromatischen Noten.<\/p>\n<p>Sie m\u00fcssen bei sehr hohen Temperaturen 10 bis 20 Minuten lang aufgegossen werden (um ihre Intensit\u00e4t zu variieren).<\/p>\n<ul>\n<li>Vata-Kr\u00e4utertee<\/li>\n<\/ul>\n<p>Indischer Chai-Tee mit Zimt und Ingwer zur Erw\u00e4rmung des Herzens, 100% biologisch Dieser Chai-Tee tr\u00e4gt zur Beruhigung und Erw\u00e4rmung von K\u00f6rper, Geist und Gef\u00fchlen bei. Eine w\u00e4rmende und reinigende Mischung aus Zimt, Ingwer und Kardamom, die das Wohlbefinden f\u00f6rdert. Voller Geschmack einer theinfreien (koffeinfreien) Kr\u00e4uter- und Gew\u00fcrzmischung, auch f\u00fcr den Abend geeignet.<\/p>\n<p>Zutaten: Zimtst\u00fccke bio, S\u00fc\u00dfholzwurzel bio, Ingwer bio, Fenchel bio, Orangenschalen bio, Kardamom bio.<\/p>\n","protected":false},"excerpt":{"rendered":"<p>Indischer Tee mit Zimt und Ingwer<\/p>\n","protected":false},"featured_media":53516,"template":"","meta":{"_acf_changed":false},"product_brand":[],"product_cat":[1995],"product_tag":[2007,10253,9855],"class_list":{"0":"post-57129","1":"product","2":"type-product","3":"status-publish","4":"has-post-thumbnail","6":"product_cat-wellness-krautertees","7":"product_tag-krautertees","8":"product_tag-vata-de","9":"product_tag-wellness-de","10":"pa_tisane-ayurvediche-100-packungen","11":"pa_tisane-ayurvediche-12er-pack","12":"pa_tisane-ayurvediche-24-stuck","13":"pa_tisane-ayurvediche-36-packung","14":"pa_tisane-ayurvediche-50-packungen","16":"first","17":"instock","18":"taxable","19":"shipping-taxable","20":"purchasable","21":"product-type-variable"},"acf":[],"jetpack_sharing_enabled":true,"_links":{"self":[{"href":"https:\/\/cndestetik.ch\/de\/wp-json\/wp\/v2\/product\/57129","targetHints":{"allow":["GET"]}}],"collection":[{"href":"https:\/\/cndestetik.ch\/de\/wp-json\/wp\/v2\/product"}],"about":[{"href":"https:\/\/cndestetik.ch\/de\/wp-json\/wp\/v2\/types\/product"}],"wp:featuredmedia":[{"embeddable":true,"href":"https:\/\/cndestetik.ch\/de\/wp-json\/wp\/v2\/media\/53516"}],"wp:attachment":[{"href":"https:\/\/cndestetik.ch\/de\/wp-json\/wp\/v2\/media?parent=57129"}],"wp:term":[{"taxonomy":"product_brand","embeddable":true,"href":"https:\/\/cndestetik.ch\/de\/wp-json\/wp\/v2\/product_brand?post=57129"},{"taxonomy":"product_cat","embeddable":true,"href":"https:\/\/cndestetik.ch\/de\/wp-json\/wp\/v2\/product_cat?post=57129"},{"taxonomy":"product_tag","embeddable":true,"href":"https:\/\/cndestetik.ch\/de\/wp-json\/wp\/v2\/product_tag?post=57129"}],"curies":[{"name":"wp","href":"https:\/\/api.w.org\/{rel}","templated":true}]}}