{"id":56972,"date":"2023-12-18T23:59:16","date_gmt":"2023-12-18T22:59:16","guid":{"rendered":"https:\/\/cndestetik.ch\/?post_type=product&#038;p=56972"},"modified":"2024-01-16T00:00:19","modified_gmt":"2024-01-15T23:00:19","slug":"bausatz-basis-und-dach","status":"publish","type":"product","link":"https:\/\/cndestetik.ch\/de\/prodotto\/bausatz-basis-und-dach\/","title":{"rendered":"Grund- und Aufbaus\u00e4tze"},"content":{"rendered":"<p><strong>Sie m\u00fcssen in den Anmerkungen zu Ihrem Kauf angeben, welchen Sockel und welche Platte Sie kaufen m\u00f6chten.<\/strong><\/p>\n<p>2 Bases (gro\u00df) und 2 Tops (gro\u00df) Ihrer Wahl, 20% Rabatt<\/p>\n","protected":false},"excerpt":{"rendered":"<p>2 Bases und 2 Tops + 5 Schellackfarben Ihrer Wahl<\/p>\n","protected":false},"featured_media":50155,"template":"","meta":{"_acf_changed":false},"product_brand":[],"product_cat":[1504],"product_tag":[10702,6698,389,10697,1957],"class_list":{"0":"post-56972","1":"product","2":"type-product","3":"status-publish","4":"has-post-thumbnail","6":"product_cat-nails-manikure-pedikure","7":"product_tag-advent-de-2","8":"product_tag-basis","9":"product_tag-bausatz","10":"product_tag-grundlagen","11":"product_tag-top-de","13":"first","14":"instock","15":"taxable","16":"shipping-taxable","17":"purchasable","18":"product-type-simple"},"acf":[],"jetpack_sharing_enabled":true,"_links":{"self":[{"href":"https:\/\/cndestetik.ch\/de\/wp-json\/wp\/v2\/product\/56972","targetHints":{"allow":["GET"]}}],"collection":[{"href":"https:\/\/cndestetik.ch\/de\/wp-json\/wp\/v2\/product"}],"about":[{"href":"https:\/\/cndestetik.ch\/de\/wp-json\/wp\/v2\/types\/product"}],"wp:featuredmedia":[{"embeddable":true,"href":"https:\/\/cndestetik.ch\/de\/wp-json\/wp\/v2\/media\/50155"}],"wp:attachment":[{"href":"https:\/\/cndestetik.ch\/de\/wp-json\/wp\/v2\/media?parent=56972"}],"wp:term":[{"taxonomy":"product_brand","embeddable":true,"href":"https:\/\/cndestetik.ch\/de\/wp-json\/wp\/v2\/product_brand?post=56972"},{"taxonomy":"product_cat","embeddable":true,"href":"https:\/\/cndestetik.ch\/de\/wp-json\/wp\/v2\/product_cat?post=56972"},{"taxonomy":"product_tag","embeddable":true,"href":"https:\/\/cndestetik.ch\/de\/wp-json\/wp\/v2\/product_tag?post=56972"}],"curies":[{"name":"wp","href":"https:\/\/api.w.org\/{rel}","templated":true}]}}