{"id":56962,"date":"2022-12-02T00:01:45","date_gmt":"2022-12-01T23:01:45","guid":{"rendered":"https:\/\/cndestetik.ch\/prodotto\/gold-weihrauch-und-myrrhe-advent-kit\/"},"modified":"2023-10-16T15:48:33","modified_gmt":"2023-10-16T13:48:33","slug":"kit-wind-drops-of-light","status":"publish","type":"product","link":"https:\/\/cndestetik.ch\/de\/prodotto\/kit-wind-drops-of-light\/","title":{"rendered":"Gold Weihrauch und Myrrhe Advent Kit"},"content":{"rendered":"<p>Kostbare Geschenke in einer Sammlung besonderer spagyrischer Oleolithen!<\/p>\n<p>Sie werden Gold, Weihrauch und Myrrhe genannt.<\/p>\n<p>Gold: mit Honig und \u00e4therischem Bergamotte\u00f6l, geeignet f\u00fcr empfindliche und zarte, trockene und ger\u00f6tete Haut.<\/p>\n<p>Weihrauch: Das \u00e4therische Weihrauch\u00f6l eignet sich f\u00fcr reife Haut mit tiefen Falten und stumpfer Haut.<\/p>\n<p>Myrrhe: mit dem \u00e4therischen \u00d6l der Myrrhe ist es f\u00fcr Mischhaut, fettige und unreine Haut geeignet.<\/p>\n<p>Das Set besteht aus 4 Teilen f\u00fcr jedes der oben beschriebenen \u00d6le.<\/p>\n<p>Machen Sie mit wertvollen Geschenken eine besondere Freude, vor allem in der Zeit vor oder nach den Feiertagen.<\/p>\n<p>Er empfiehlt auch diese wertvollen \u00d6le f\u00fcr Ihre Sch\u00f6nheitsroutine, in Kombination mit einem Hyalurons\u00e4ure-Serum oder einer auf Ihren Hauttyp abgestimmten Creme<\/p>\n","protected":false},"excerpt":{"rendered":"<p>Kostbare Geschenke in einer Sammlung besonderer spagyrischer Oleolithen!<\/p>\n<p>Sie werden Gold, Weihrauch und Myrrhe genannt.<\/p>\n<p>Das Set besteht aus 3 St\u00fcck f\u00fcr jedes wertvolle \u00d6l<\/p>\n","protected":false},"featured_media":56888,"template":"","meta":{"_acf_changed":false},"product_brand":[],"product_cat":[1495,12980],"product_tag":[7161,743,7212,7151,7738,7177],"class_list":{"0":"post-56962","1":"product","2":"type-product","3":"status-publish","4":"has-post-thumbnail","6":"product_cat-kosmetik","7":"product_cat-mikrokosmos","8":"product_tag-gold-de-2","9":"product_tag-licht","10":"product_tag-myrrhe-de","11":"product_tag-tropfen","12":"product_tag-weihnachten-de-2","13":"product_tag-weihrauch","15":"first","16":"instock","17":"taxable","18":"shipping-taxable","19":"purchasable","20":"product-type-simple"},"acf":[],"jetpack_sharing_enabled":true,"_links":{"self":[{"href":"https:\/\/cndestetik.ch\/de\/wp-json\/wp\/v2\/product\/56962","targetHints":{"allow":["GET"]}}],"collection":[{"href":"https:\/\/cndestetik.ch\/de\/wp-json\/wp\/v2\/product"}],"about":[{"href":"https:\/\/cndestetik.ch\/de\/wp-json\/wp\/v2\/types\/product"}],"wp:featuredmedia":[{"embeddable":true,"href":"https:\/\/cndestetik.ch\/de\/wp-json\/wp\/v2\/media\/56888"}],"wp:attachment":[{"href":"https:\/\/cndestetik.ch\/de\/wp-json\/wp\/v2\/media?parent=56962"}],"wp:term":[{"taxonomy":"product_brand","embeddable":true,"href":"https:\/\/cndestetik.ch\/de\/wp-json\/wp\/v2\/product_brand?post=56962"},{"taxonomy":"product_cat","embeddable":true,"href":"https:\/\/cndestetik.ch\/de\/wp-json\/wp\/v2\/product_cat?post=56962"},{"taxonomy":"product_tag","embeddable":true,"href":"https:\/\/cndestetik.ch\/de\/wp-json\/wp\/v2\/product_tag?post=56962"}],"curies":[{"name":"wp","href":"https:\/\/api.w.org\/{rel}","templated":true}]}}