{"id":56961,"date":"2022-12-02T00:01:43","date_gmt":"2022-12-01T23:01:43","guid":{"rendered":"https:\/\/cndestetik.ch\/prodotto\/diamant-adventskalender\/"},"modified":"2022-12-15T13:13:34","modified_gmt":"2022-12-15T12:13:34","slug":"advent-diamond-kit","status":"publish","type":"product","link":"https:\/\/cndestetik.ch\/de\/prodotto\/advent-diamond-kit\/","title":{"rendered":"Diamant-Adventskalender"},"content":{"rendered":"<p>Kit mit ausgleichenden, aufhellenden und tonisierenden Diamant\u00f6len:<\/p>\n<p>Ausgleichend: Jojoba\u00f6l mit Bitterorangen-Duft f\u00fcr weiche, gepflegte Haut<\/p>\n<p>Illuminating: Argan\u00f6l mit Bergamotte parf\u00fcmiert f\u00fcr strahlende Haut<\/p>\n<p>Tonisierend: Hagebutten\u00f6l mit Salbei-Duft f\u00fcr eine belebte Haut.<\/p>\n<p>Der Satz besteht aus 3 St\u00fcck f\u00fcr jedes oben beschriebene \u00d6l.<\/p>\n<p>*Verwenden Sie sie in der Kabine bei Ihren Behandlungen: Verwenden Sie sie als Massage\u00f6le, reichern Sie sie mit Ihren Lieblingszutaten an, oder mischen Sie sie in Masken und Packungen, um ihre Wirkung zu verl\u00e4ngern.<\/p>\n<p>*Empfehlen Sie sie f\u00fcr eine wirksame Sch\u00f6nheitsroutine, die Sie abends vor dem Schlafengehen und nach einer gr\u00fcndlichen Reinigung anwenden und mit einem Serum mit Hyalurons\u00e4ure kombinieren, um eine perfekte Mischung zu erzielen!<\/p>\n","protected":false},"excerpt":{"rendered":"<p>Kit mit ausgleichenden, aufhellenden und tonisierenden Diamant\u00f6len<\/p>\n<p>Der Satz besteht aus 3 St\u00fcck f\u00fcr jedes oben beschriebene \u00d6l.<\/p>\n","protected":false},"featured_media":56881,"template":"","meta":{"_acf_changed":false},"product_brand":[],"product_cat":[1495,12980],"product_tag":[7080,741,844,7141,456,7738],"class_list":{"0":"post-56961","1":"product","2":"type-product","3":"status-publish","4":"has-post-thumbnail","6":"product_cat-kosmetik","7":"product_cat-mikrokosmos","8":"product_tag-diamant-de","9":"product_tag-erhellend","10":"product_tag-mikrokosmos","11":"product_tag-neugewichtung","12":"product_tag-regenerierend","13":"product_tag-weihnachten-de-2","15":"first","16":"instock","17":"taxable","18":"shipping-taxable","19":"purchasable","20":"product-type-simple"},"acf":[],"jetpack_sharing_enabled":true,"_links":{"self":[{"href":"https:\/\/cndestetik.ch\/de\/wp-json\/wp\/v2\/product\/56961","targetHints":{"allow":["GET"]}}],"collection":[{"href":"https:\/\/cndestetik.ch\/de\/wp-json\/wp\/v2\/product"}],"about":[{"href":"https:\/\/cndestetik.ch\/de\/wp-json\/wp\/v2\/types\/product"}],"wp:featuredmedia":[{"embeddable":true,"href":"https:\/\/cndestetik.ch\/de\/wp-json\/wp\/v2\/media\/56881"}],"wp:attachment":[{"href":"https:\/\/cndestetik.ch\/de\/wp-json\/wp\/v2\/media?parent=56961"}],"wp:term":[{"taxonomy":"product_brand","embeddable":true,"href":"https:\/\/cndestetik.ch\/de\/wp-json\/wp\/v2\/product_brand?post=56961"},{"taxonomy":"product_cat","embeddable":true,"href":"https:\/\/cndestetik.ch\/de\/wp-json\/wp\/v2\/product_cat?post=56961"},{"taxonomy":"product_tag","embeddable":true,"href":"https:\/\/cndestetik.ch\/de\/wp-json\/wp\/v2\/product_tag?post=56961"}],"curies":[{"name":"wp","href":"https:\/\/api.w.org\/{rel}","templated":true}]}}